{"id":425,"date":"2023-03-03T15:40:28","date_gmt":"2023-03-03T14:40:28","guid":{"rendered":"https:\/\/praktiska.se\/ystad\/?page_id=425"},"modified":"2026-04-07T15:13:10","modified_gmt":"2026-04-07T13:13:10","slug":"lasarstider","status":"publish","type":"page","link":"https:\/\/praktiska.se\/ystad\/om-praktiska\/lasarstider\/","title":{"rendered":"L\u00e4s\u00e5rstider"},"content":{"rendered":"\n\t\n\t\n\t\n\t\n\t\n\n<section \n\tclass=\"ams-hero ams-hero--classic ams-hero--75 c-block l-stacked  \"\n\tdata-color-scheme=\"hero\"\n\tstyle=\"\">\n\t<div class=\"ams-hero__container u-items-start u-justify-center\">\n\t\t<div\n\t\t\tclass=\"ams-hero__content l-stack l-stack-xl is-left is-left@md\" >\n\t\t\t<div class=\"l-stack l-stack-lg\">\n\t\t\t\t\t\n\t<h1\n\tclass=\"c-heading u-font-huge \"\n\tstyle=\"\">\n\t\t\n\t\t\t\t\tL\u00e4s\u00e5rstider\n\t\t\t\t\n\t<\/h1>\n\n\t\t\t\t\t\t\t\t\t<div class=\"text l-stack u-font-body\">\n\t\t\t\t\t\t<p><span data-sheets-root=\"1\" data-sheets-value=\"{&quot;1&quot;:2,&quot;2&quot;:&quot;H\u00e4r h\u00e4r vi samlat v\u00e5ra l\u00e4s\u00e5rstider. Du hittar alla viktga datum att h\u00e5lla koll p\u00e5 under \u00e5ret, fr\u00e5n skolstart till skolavslutning\/student&quot;}\" data-sheets-userformat=\"{&quot;2&quot;:6979,&quot;3&quot;:{&quot;1&quot;:0},&quot;4&quot;:{&quot;1&quot;:2,&quot;2&quot;:16777215},&quot;9&quot;:0,&quot;11&quot;:4,&quot;12&quot;:0,&quot;14&quot;:{&quot;1&quot;:2,&quot;2&quot;:0},&quot;15&quot;:&quot;Arial&quot;}\">H\u00e4r h\u00e4r vi samlat v\u00e5ra l\u00e4s\u00e5rstider. Du hittar alla viktga datum att h\u00e5lla koll p\u00e5 under \u00e5ret, fr\u00e5n skolstart till skolavslutning\/student.<\/span><\/p>\n\n\t\t\t\t\t<\/div>\n\t\t\t\t\t\t\t<\/div>\n\n\t\t\t\t<div class=\"ams-hero__action u-inline-items\">\n\t\t\t\t\t\t\t\n\n\n<a href=\"https:\/\/praktiska.se\/ystad\/om-gymnasievalet\/byta-till-praktiska\/\"\n\t\n\tclass=\"c-btn \"\n\tdata-style=\"round\"\n\tdata-size=\"md\"\n\tdata-width=\"full-mobile\"\n\tdata-variant=\"default\"\n\ttarget=\"_self\">\n\t\t\t<span class=\"label\"> Byta till Praktiska<\/span>\n\t\t\t<\/a>\n\t\t\t<\/div>\n\t\t<\/div>\n\t<\/div>\n\n\t\n\t\t\t\n\t\t\t\t\t\t\t\n\t\t\t\t<div class=\"c-bg c-bg--img\" data-settings=\"{&quot;desktop_settings&quot;:{&quot;size&quot;:&quot;cover&quot;,&quot;position&quot;:&quot;middle-center&quot;},&quot;mobile_settings&quot;:{&quot;size&quot;:&quot;cover&quot;,&quot;position&quot;:&quot;middle-center&quot;}}\" data-position=\"middle-center\" data-size=\"cover\">\n\t\t\t<img decoding=\"async\" width=\"1080\" height=\"532\" src=\"https:\/\/praktiska.se\/wp-content\/uploads\/sites\/41\/2024\/06\/praktiskagymnasietlasarstider240419-290419327-2-e1719474809531.jpg\" class=\"attachment-xxl size-xxl\" alt=\"Tv\u00e5 elever som sitter vid en b\u00e4nk framf\u00f6r sk\u00e5p i skolan.\" sizes=\"(max-width: 1080px) 100vw, 1080px\" srcset=\"https:\/\/praktiska.se\/wp-content\/uploads\/sites\/41\/2024\/06\/praktiskagymnasietlasarstider240419-290419327-2-e1719474809531.jpg 1080w, https:\/\/praktiska.se\/wp-content\/uploads\/sites\/41\/2024\/06\/praktiskagymnasietlasarstider240419-290419327-2-e1719474809531-300x148.jpg 300w, https:\/\/praktiska.se\/wp-content\/uploads\/sites\/41\/2024\/06\/praktiskagymnasietlasarstider240419-290419327-2-e1719474809531-400x197.jpg 400w, https:\/\/praktiska.se\/wp-content\/uploads\/sites\/41\/2024\/06\/praktiskagymnasietlasarstider240419-290419327-2-e1719474809531-600x296.jpg 600w, https:\/\/praktiska.se\/wp-content\/uploads\/sites\/41\/2024\/06\/praktiskagymnasietlasarstider240419-290419327-2-e1719474809531-800x394.jpg 800w, https:\/\/praktiska.se\/wp-content\/uploads\/sites\/41\/2024\/06\/praktiskagymnasietlasarstider240419-290419327-2-e1719474809531-1024x504.jpg 1024w\" \/>\n\t\t<\/div>\n\t\n\t<div class=\"c-overlay\" style=\"--overlay-bg: rgba(40,40,40,0.6);\"><\/div>\n<\/section>\n\n\n\n\n<section  class=\"ams-accordion c-block l-stacked\" data-color-scheme=\"faq-white\">\n\t<div class=\"l-container-narrow l-stack l-stack-fluid-2xl u-pt-fluid-3xl-6xl u-pb-fluid-3xl-6xl is-center is-center@md\">\n\t\t\t\t\t<div class=\"ams-accordion__intro l-stack l-stack-lg\">\n\t\t\t\t\t\n\t<h2\n\tclass=\"c-heading u-font-title-1 \"\n\tstyle=\"\">\n\t\t\n\t\t\t\t\tV\u00e5ra l\u00e4s\u00e5rstider \n\t\t\t\t\n\t<\/h2>\n\n\t\t\t\t\t\t\t<\/div>\n\t\t\n\t\t\t<div\n\t\tclass=\"module_wrapper ams-accordion_module\"\n\t>\n\t\t\t\t<ul\n\t\t\tclass=\"ams-accordion-list c-accordion\"\n\t\t\taria-label=\"Dragspel\"\n\t\t\tdata-variant=\"border-between\"\n\t\t>\n\n\t\t\t\t\t\t\t<li class=\"c-accordion__item\">\n\t\t\t\t\t<h3 class=\"c-accordion__header u-font-title-4\">\n\t\t\t\t\t\t\t\t\t\t\t\t<button class=\"c-accordion__trigger u-py-sm u-px-fluid-md-xl\">\n\t\t\t\t\t\t\t<span>V\u00e5rterminen 2026<\/span>\n\t\t\t\t\t\t\t<svg class=\"ams-icon ams-icon__arrow-down\" width=\"24\" height=\"24\" viewbox=\"0 0 24 24\" fill=\"currentColor\" aria-hidden=\"true\" xmlns=\"http:\/\/www.w3.org\/2000\/svg\">\n\t\t\t\t\t\t\t\t\t\t\t\t\t\t\t<path d=\"m11.2033 18.4294-10.872894-10.67584c-.440539-.42594-.440539-1.1147 0-1.54065l.665495-.64345c.440539-.42595 1.152899-.42595 1.593439 0l9.41066 9.27114 9.4107-9.26207c.4405-.42595 1.1529-.42595 1.5934 0l.6655.64345c.4405.42594.4405 1.1147 0 1.54065l-10.8729 10.67587c-.4405.4168-1.1529.4168-1.5934-.0091z\"\/>\n\t\t\t\t\t\t\n\t\t\t\t\t\t\t<\/svg>\n\t\t\t\t\t\t<\/button>\n\t\t\t\t\t<\/h3>\n\t\t\t\t\t<div class=\"c-accordion__body u-font-body\">\n\t\t\t\t\t\t<div class=\"c-accordion__body__inner u-p-fluid-md-xl l-stack\">\n\t\t\t\t\t\t\t<p><strong>Terminstart:<\/strong>\u00a08 januari<\/p>\n<p><strong>Sportlov:<\/strong>\u00a016 \u2013 20 februari<\/p>\n<p><strong>P\u00e5sklov:<\/strong>\u00a030 mars \u2013 2 april<\/p>\n<p><strong>Skolavslutning:<\/strong> 12 juni<\/p>\n<p><strong>Studenten:<\/strong> 12 juni<\/p>\n\n\t\t\t\t\t\t<\/div>\n\t\t\t\t\t<\/div>\n\t\t\t\t<\/li>\n\t\t\t\t\t\t\t<li class=\"c-accordion__item\">\n\t\t\t\t\t<h3 class=\"c-accordion__header u-font-title-4\">\n\t\t\t\t\t\t\t\t\t\t\t\t<button class=\"c-accordion__trigger u-py-sm u-px-fluid-md-xl\">\n\t\t\t\t\t\t\t<span>H\u00f6stterminen 2026<\/span>\n\t\t\t\t\t\t\t<svg class=\"ams-icon ams-icon__arrow-down\" width=\"24\" height=\"24\" viewbox=\"0 0 24 24\" fill=\"currentColor\" aria-hidden=\"true\" xmlns=\"http:\/\/www.w3.org\/2000\/svg\">\n\t\t\t\t\t\t\t\t\t\t\t\t\t\t\t<path d=\"m11.2033 18.4294-10.872894-10.67584c-.440539-.42594-.440539-1.1147 0-1.54065l.665495-.64345c.440539-.42595 1.152899-.42595 1.593439 0l9.41066 9.27114 9.4107-9.26207c.4405-.42595 1.1529-.42595 1.5934 0l.6655.64345c.4405.42594.4405 1.1147 0 1.54065l-10.8729 10.67587c-.4405.4168-1.1529.4168-1.5934-.0091z\"\/>\n\t\t\t\t\t\t\n\t\t\t\t\t\t\t<\/svg>\n\t\t\t\t\t\t<\/button>\n\t\t\t\t\t<\/h3>\n\t\t\t\t\t<div class=\"c-accordion__body u-font-body\">\n\t\t\t\t\t\t<div class=\"c-accordion__body__inner u-p-fluid-md-xl l-stack\">\n\t\t\t\t\t\t\t<p><strong>Terminstart:<\/strong> 20 augusti<\/p>\n<p><strong>H\u00f6stlov:<\/strong> v.44 (26\u201330 oktober)<\/p>\n<p><strong>Jullov:<\/strong> 21 dec \u2013 5 jan<\/p>\n\n\t\t\t\t\t\t<\/div>\n\t\t\t\t\t<\/div>\n\t\t\t\t<\/li>\n\t\t\t\t\t\t\t<li class=\"c-accordion__item\">\n\t\t\t\t\t<h3 class=\"c-accordion__header u-font-title-4\">\n\t\t\t\t\t\t\t\t\t\t\t\t<button class=\"c-accordion__trigger u-py-sm u-px-fluid-md-xl\">\n\t\t\t\t\t\t\t<span>V\u00e5rterminen 2027<\/span>\n\t\t\t\t\t\t\t<svg class=\"ams-icon ams-icon__arrow-down\" width=\"24\" height=\"24\" viewbox=\"0 0 24 24\" fill=\"currentColor\" aria-hidden=\"true\" xmlns=\"http:\/\/www.w3.org\/2000\/svg\">\n\t\t\t\t\t\t\t\t\t\t\t\t\t\t\t<path d=\"m11.2033 18.4294-10.872894-10.67584c-.440539-.42594-.440539-1.1147 0-1.54065l.665495-.64345c.440539-.42595 1.152899-.42595 1.593439 0l9.41066 9.27114 9.4107-9.26207c.4405-.42595 1.1529-.42595 1.5934 0l.6655.64345c.4405.42594.4405 1.1147 0 1.54065l-10.8729 10.67587c-.4405.4168-1.1529.4168-1.5934-.0091z\"\/>\n\t\t\t\t\t\t\n\t\t\t\t\t\t\t<\/svg>\n\t\t\t\t\t\t<\/button>\n\t\t\t\t\t<\/h3>\n\t\t\t\t\t<div class=\"c-accordion__body u-font-body\">\n\t\t\t\t\t\t<div class=\"c-accordion__body__inner u-p-fluid-md-xl l-stack\">\n\t\t\t\t\t\t\t<p><strong>Terminstart:<\/strong> 7 januari<\/p>\n<p><strong>Sportlov:<\/strong> v.8 22 \u2013 26 februari<\/p>\n<p><strong>P\u00e5sklov:<\/strong> 22 \u2013 25 mars<\/p>\n<p><strong>Skolavslutning:<\/strong> 11 juni<\/p>\n<p><strong>Studenten:<\/strong> 14 juni<\/p>\n\n\t\t\t\t\t\t<\/div>\n\t\t\t\t\t<\/div>\n\t\t\t\t<\/li>\n\t\t\t\t\t<\/ul>\n\t\t\t<\/div>\n\n\t\t\t<\/div>\n\n\t\t\n\n<\/section>\n\n\n\n\n<section  class=\"ams-cta ams-cta--stacked c-block l-stacked\" data-color-scheme=\"orange\">\n\t<div class=\"l-container-narrow l-stack l-stack-fluid-2xl u-pt-fluid-3xl-6xl u-pb-fluid-3xl-6xl is-center is-center@md\">\n\t\t\t\t\t<div class=\"ams-cta__intro l-stack l-stack-lg\">\n\t\t\t\t\t\n\t<h2\n\tclass=\"c-heading u-font-title-1 \"\n\tstyle=\"\">\n\t\t\n\t\t\t\t\tHar du fr\u00e5gor?\n\t\t\t\t\n\t<\/h2>\n\n\t\t\t\t\t\t\t\t\t<div class=\"c-text l-stack u-cs-xl u-font-body\">\n\t\t\t\t\t\t<p><span data-sheets-root=\"1\" data-sheets-value=\"{&quot;1&quot;:2,&quot;2&quot;:&quot;Om du har fr\u00e5gor eller funderingar \u00e4r du v\u00e4lkommen att kontakta oss.&quot;}\" data-sheets-userformat=\"{&quot;2&quot;:4995,&quot;3&quot;:{&quot;1&quot;:0},&quot;4&quot;:{&quot;1&quot;:2,&quot;2&quot;:10797812},&quot;10&quot;:2,&quot;11&quot;:4,&quot;12&quot;:0,&quot;15&quot;:&quot;Helvetica Neue&quot;}\">Om du har fr\u00e5gor eller funderingar \u00e4r du v\u00e4lkommen att kontakta oss.<\/span><\/p>\n\n\t\t\t\t\t<\/div>\n\t\t\t\t\t\t\t<\/div>\n\t\t\n\t\t\n\t\t\t<div class=\"ams-cta__action u-inline-items\">\n\t\t\t\t\t\t\t\n\n\n<a href=\"https:\/\/praktiska.se\/ystad\/kontakt\/\"\n\t\n\tclass=\"c-btn \"\n\tdata-style=\"round\"\n\tdata-size=\"md\"\n\tdata-width=\"full-mobile\"\n\tdata-variant=\"default\"\n\ttarget=\"_self\">\n\t\t\t<span class=\"label\"> Kontakta oss<\/span>\n\t\t\t<\/a>\n\t\t\t<\/div>\n\t<\/div>\n\n\t\t\n\n<\/section>\n","protected":false},"excerpt":{"rendered":"","protected":false},"author":1,"featured_media":0,"parent":412,"menu_order":0,"comment_status":"closed","ping_status":"closed","template":"","meta":{"footnotes":""},"yoast_head":"<!-- This site is optimized with the Yoast SEO plugin v22.0 - https:\/\/yoast.com\/wordpress\/plugins\/seo\/ -->\n<title>L\u00e4s\u00e5rstider - Praktiska Gymnasiet Ystad<\/title>\n<meta name=\"description\" content=\"H\u00e4r finner du alla l\u00e4s\u00e5rstider. Hitta enkelt datum f\u00f6r h\u00f6stlov, jullov, skolavslutning och student p\u00e5 v\u00e5r skola.\" \/>\n<meta name=\"robots\" content=\"index, follow, max-snippet:-1, max-image-preview:large, max-video-preview:-1\" \/>\n<link rel=\"canonical\" href=\"https:\/\/praktiska.se\/ystad\/om-praktiska\/lasarstider\/\" \/>\n<meta property=\"og:locale\" content=\"sv_SE\" \/>\n<meta property=\"og:type\" content=\"article\" \/>\n<meta property=\"og:title\" content=\"L\u00e4s\u00e5rstider - Praktiska Gymnasiet Ystad\" \/>\n<meta property=\"og:description\" content=\"H\u00e4r finner du alla l\u00e4s\u00e5rstider. Hitta enkelt datum f\u00f6r h\u00f6stlov, jullov, skolavslutning och student p\u00e5 v\u00e5r skola.\" \/>\n<meta property=\"og:url\" content=\"https:\/\/praktiska.se\/ystad\/om-praktiska\/lasarstider\/\" \/>\n<meta property=\"og:site_name\" content=\"Ystad\" \/>\n<meta property=\"article:modified_time\" content=\"2026-04-07T13:13:10+00:00\" \/>\n<meta name=\"twitter:card\" content=\"summary_large_image\" \/>\n<meta name=\"twitter:title\" content=\"L\u00e4s\u00e5rstider - Praktiska Gymnasiet Ystad\" \/>\n<meta name=\"twitter:description\" content=\"H\u00e4r finner du alla l\u00e4s\u00e5rstider. Hitta enkelt datum f\u00f6r h\u00f6stlov, jullov, skolavslutning och student p\u00e5 v\u00e5r skola.\" \/>\n<meta name=\"twitter:label1\" content=\"Est. reading time\" \/>\n\t<meta name=\"twitter:data1\" content=\"1 minut\" \/>\n<script type=\"application\/ld+json\" class=\"yoast-schema-graph\">{\"@context\":\"https:\/\/schema.org\",\"@graph\":[{\"@type\":\"WebPage\",\"@id\":\"https:\/\/praktiska.se\/ystad\/om-praktiska\/lasarstider\/\",\"url\":\"https:\/\/praktiska.se\/ystad\/om-praktiska\/lasarstider\/\",\"name\":\"L\u00e4s\u00e5rstider - Praktiska Gymnasiet Ystad\",\"isPartOf\":{\"@id\":\"https:\/\/praktiska.se\/ystad\/#website\"},\"datePublished\":\"2023-03-03T14:40:28+00:00\",\"dateModified\":\"2026-04-07T13:13:10+00:00\",\"description\":\"H\u00e4r finner du alla l\u00e4s\u00e5rstider. Hitta enkelt datum f\u00f6r h\u00f6stlov, jullov, skolavslutning och student p\u00e5 v\u00e5r skola.\",\"breadcrumb\":{\"@id\":\"https:\/\/praktiska.se\/ystad\/om-praktiska\/lasarstider\/#breadcrumb\"},\"inLanguage\":\"sv-SE\",\"potentialAction\":[{\"@type\":\"ReadAction\",\"target\":[\"https:\/\/praktiska.se\/ystad\/om-praktiska\/lasarstider\/\"]}]},{\"@type\":\"BreadcrumbList\",\"@id\":\"https:\/\/praktiska.se\/ystad\/om-praktiska\/lasarstider\/#breadcrumb\",\"itemListElement\":[{\"@type\":\"ListItem\",\"position\":1,\"name\":\"Start\",\"item\":\"https:\/\/praktiska.se\/ystad\/\"},{\"@type\":\"ListItem\",\"position\":2,\"name\":\"Om Praktiska\",\"item\":\"https:\/\/praktiska.se\/ystad\/om-praktiska\/\"},{\"@type\":\"ListItem\",\"position\":3,\"name\":\"L\u00e4s\u00e5rstider\"}]},{\"@type\":\"WebSite\",\"@id\":\"https:\/\/praktiska.se\/ystad\/#website\",\"url\":\"https:\/\/praktiska.se\/ystad\/\",\"name\":\"Ystad\",\"description\":\"Vi utbildar framtidens arbetskraft\",\"potentialAction\":[{\"@type\":\"SearchAction\",\"target\":{\"@type\":\"EntryPoint\",\"urlTemplate\":\"https:\/\/praktiska.se\/ystad\/?s={search_term_string}\"},\"query-input\":\"required name=search_term_string\"}],\"inLanguage\":\"sv-SE\"}]}<\/script>\n<!-- \/ Yoast SEO plugin. -->","yoast_head_json":{"title":"L\u00e4s\u00e5rstider - Praktiska Gymnasiet Ystad","description":"H\u00e4r finner du alla l\u00e4s\u00e5rstider. Hitta enkelt datum f\u00f6r h\u00f6stlov, jullov, skolavslutning och student p\u00e5 v\u00e5r skola.","robots":{"index":"index","follow":"follow","max-snippet":"max-snippet:-1","max-image-preview":"max-image-preview:large","max-video-preview":"max-video-preview:-1"},"canonical":"https:\/\/praktiska.se\/ystad\/om-praktiska\/lasarstider\/","og_locale":"sv_SE","og_type":"article","og_title":"L\u00e4s\u00e5rstider - Praktiska Gymnasiet Ystad","og_description":"H\u00e4r finner du alla l\u00e4s\u00e5rstider. Hitta enkelt datum f\u00f6r h\u00f6stlov, jullov, skolavslutning och student p\u00e5 v\u00e5r skola.","og_url":"https:\/\/praktiska.se\/ystad\/om-praktiska\/lasarstider\/","og_site_name":"Ystad","article_modified_time":"2026-04-07T13:13:10+00:00","twitter_card":"summary_large_image","twitter_title":"L\u00e4s\u00e5rstider - Praktiska Gymnasiet Ystad","twitter_description":"H\u00e4r finner du alla l\u00e4s\u00e5rstider. Hitta enkelt datum f\u00f6r h\u00f6stlov, jullov, skolavslutning och student p\u00e5 v\u00e5r skola.","twitter_misc":{"Est. reading time":"1 minut"},"schema":{"@context":"https:\/\/schema.org","@graph":[{"@type":"WebPage","@id":"https:\/\/praktiska.se\/ystad\/om-praktiska\/lasarstider\/","url":"https:\/\/praktiska.se\/ystad\/om-praktiska\/lasarstider\/","name":"L\u00e4s\u00e5rstider - Praktiska Gymnasiet Ystad","isPartOf":{"@id":"https:\/\/praktiska.se\/ystad\/#website"},"datePublished":"2023-03-03T14:40:28+00:00","dateModified":"2026-04-07T13:13:10+00:00","description":"H\u00e4r finner du alla l\u00e4s\u00e5rstider. Hitta enkelt datum f\u00f6r h\u00f6stlov, jullov, skolavslutning och student p\u00e5 v\u00e5r skola.","breadcrumb":{"@id":"https:\/\/praktiska.se\/ystad\/om-praktiska\/lasarstider\/#breadcrumb"},"inLanguage":"sv-SE","potentialAction":[{"@type":"ReadAction","target":["https:\/\/praktiska.se\/ystad\/om-praktiska\/lasarstider\/"]}]},{"@type":"BreadcrumbList","@id":"https:\/\/praktiska.se\/ystad\/om-praktiska\/lasarstider\/#breadcrumb","itemListElement":[{"@type":"ListItem","position":1,"name":"Start","item":"https:\/\/praktiska.se\/ystad\/"},{"@type":"ListItem","position":2,"name":"Om Praktiska","item":"https:\/\/praktiska.se\/ystad\/om-praktiska\/"},{"@type":"ListItem","position":3,"name":"L\u00e4s\u00e5rstider"}]},{"@type":"WebSite","@id":"https:\/\/praktiska.se\/ystad\/#website","url":"https:\/\/praktiska.se\/ystad\/","name":"Ystad","description":"Vi utbildar framtidens arbetskraft","potentialAction":[{"@type":"SearchAction","target":{"@type":"EntryPoint","urlTemplate":"https:\/\/praktiska.se\/ystad\/?s={search_term_string}"},"query-input":"required name=search_term_string"}],"inLanguage":"sv-SE"}]}},"_links":{"self":[{"href":"https:\/\/praktiska.se\/ystad\/wp-json\/wp\/v2\/pages\/425"}],"collection":[{"href":"https:\/\/praktiska.se\/ystad\/wp-json\/wp\/v2\/pages"}],"about":[{"href":"https:\/\/praktiska.se\/ystad\/wp-json\/wp\/v2\/types\/page"}],"author":[{"embeddable":true,"href":"https:\/\/praktiska.se\/ystad\/wp-json\/wp\/v2\/users\/1"}],"replies":[{"embeddable":true,"href":"https:\/\/praktiska.se\/ystad\/wp-json\/wp\/v2\/comments?post=425"}],"version-history":[{"count":10,"href":"https:\/\/praktiska.se\/ystad\/wp-json\/wp\/v2\/pages\/425\/revisions"}],"predecessor-version":[{"id":3338,"href":"https:\/\/praktiska.se\/ystad\/wp-json\/wp\/v2\/pages\/425\/revisions\/3338"}],"up":[{"embeddable":true,"href":"https:\/\/praktiska.se\/ystad\/wp-json\/wp\/v2\/pages\/412"}],"wp:attachment":[{"href":"https:\/\/praktiska.se\/ystad\/wp-json\/wp\/v2\/media?parent=425"}],"curies":[{"name":"wp","href":"https:\/\/api.w.org\/{rel}","templated":true}]}}