{"id":2020,"date":"2023-11-13T13:01:08","date_gmt":"2023-11-13T12:01:08","guid":{"rendered":"https:\/\/praktiska.se\/trollhattan\/?page_id=2020"},"modified":"2025-04-22T15:53:25","modified_gmt":"2025-04-22T13:53:25","slug":"byta-till-praktiska","status":"publish","type":"page","link":"https:\/\/praktiska.se\/trollhattan\/om-gymnasievalet\/byta-till-praktiska\/","title":{"rendered":"Byta till Praktiska"},"content":{"rendered":"\n\t\n\t\n\t\n\n\t\n\t\n\t\t\n<section  class=\"c-block l-stacked  \" data-color-scheme=\"white\">\n\t<div class=\"ams-fifty ams-fifty--container ams-fifty--left ams-fifty--top l-container u-pt-fluid-3xl-6xl u-pb-fluid-3xl-6xl\">\n\t\t<div class=\"ams-fifty__content l-stack l-stack-xl is-left is-left@lg\">\n\t\t\t<div class=\"ams-fifty__text l-stack l-stack-lg\">\n\t\t\t\t\t\n\t<h1\n\tclass=\"c-heading u-font-title-1 \"\n\tstyle=\"\">\n\t\t\n\t\t\t\t\t\t\t\t\tVill du byta till v\u00e5r gymnasieskola?\n\t\t\t\t<span class=\"c-heading__sub is-below u-font-title-3\">\n\t\t\t\t\tG\u00e5r du redan p\u00e5 gymnasiet men \u00e4r intresserad av att byta till oss p\u00e5\u00a0Praktiska Gymnasiet i Trollh\u00e4ttan?\u00a0\n\t\t\t\t<\/span>\n\t\t\t\t\t\t\t\n\t<\/h1>\n\n\t\t\t\t\t\t\t\t\t<div class=\"text l-stack u-font-body\">\n\t\t\t\t\t\t<p data-pm-slice=\"1 1 []\">Vi tar emot elever i m\u00e5n av plats och beroende p\u00e5 vilket program och vilken inriktning du l\u00e4ser idag. Detta g\u00e4ller oavsett om du \u00f6nskar byta skola i \u00e5rskurs ett, tv\u00e5 eller tre. Vi vill g\u00e4rna hj\u00e4lpa dig, men vi kan inte garantera att vi har en ledig plats eller att ett byte \u00e4r m\u00f6jligt.<\/p>\n<p>Om du \u00e4r intresserad av att byta till oss, <strong>fyll i formul\u00e4ret nedan s\u00e5 \u00e5terkommer vi till dig om ett byte till v\u00e5r skola \u00e4r m\u00f6jligt f\u00f6r dig.<\/strong><\/p>\n\n\t\t\t\t\t<\/div>\n\t\t\t\t\t\t\t<\/div>\n\n\t\t\t\t<div class=\"ams-fifty__action u-inline-items\">\n\t\t\t\t\t\t\t\n\n\n<a href=\"https:\/\/praktiska.se\/trollhattan\/kontakt\/\"\n\t\n\tclass=\"c-btn \"\n\tdata-style=\"round\"\n\tdata-size=\"md\"\n\tdata-width=\"full-mobile\"\n\tdata-variant=\"default\"\n\ttarget=\"_self\">\n\t\t\t<span class=\"label\"> Kontakta oss <\/span>\n\t\t\t<\/a>\n\t\t\t<\/div>\n\t\t<\/div>\n\n\t\t <div class=\"ams-fifty__media u-ratio-square\">\n\t\t \t\t\t\t\t<img decoding=\"async\" width=\"600\" height=\"499\" src=\"https:\/\/praktiska.se\/wp-content\/uploads\/sites\/36\/2023\/11\/praktiskagymnasietstartsida-600x499.jpg\" class=\"attachment-md size-md\" alt=\"Fem elever p\u00e5 Praktiska gymnasiet g\u00e5r tillsammans utanf\u00f6r skolan.\" sizes=\"(min-width: 64em) 600px, calc(100vw - 160px)\" srcset=\"https:\/\/praktiska.se\/wp-content\/uploads\/sites\/36\/2023\/11\/praktiskagymnasietstartsida-600x499.jpg 600w, https:\/\/praktiska.se\/wp-content\/uploads\/sites\/36\/2023\/11\/praktiskagymnasietstartsida-300x249.jpg 300w, https:\/\/praktiska.se\/wp-content\/uploads\/sites\/36\/2023\/11\/praktiskagymnasietstartsida-400x333.jpg 400w, https:\/\/praktiska.se\/wp-content\/uploads\/sites\/36\/2023\/11\/praktiskagymnasietstartsida-800x665.jpg 800w, https:\/\/praktiska.se\/wp-content\/uploads\/sites\/36\/2023\/11\/praktiskagymnasietstartsida-1024x851.jpg 1024w, https:\/\/praktiska.se\/wp-content\/uploads\/sites\/36\/2023\/11\/praktiskagymnasietstartsida-1200x998.jpg 1200w, https:\/\/praktiska.se\/wp-content\/uploads\/sites\/36\/2023\/11\/praktiskagymnasietstartsida.jpg 1500w\" \/>\n\t\t\t\n\t\t\t\n\t\t\t\t\t<\/div>\n\t<\/div>\n\n\t\t\n\n<\/section>\n\n\n\n\n<section  class=\"ams-cta ams-cta--stacked c-block l-stacked\" data-color-scheme=\"gray\">\n\t<div class=\"l-container-narrow l-stack l-stack-fluid-2xl u-pt-fluid-3xl-6xl u-pb-fluid-3xl-6xl is-center is-center@md\">\n\t\t\t\t\t<div class=\"ams-cta__intro l-stack l-stack-lg\">\n\t\t\t\t\t\n\t<h2\n\tclass=\"c-heading u-font-title-1 \"\n\tstyle=\"\">\n\t\t\n\t\t\t\t\tSka du s\u00f6ka gymnasiet? \n\t\t\t\t\n\t<\/h2>\n\n\t\t\t\t\t\t\t\t\t<div class=\"c-text l-stack u-cs-xl u-font-body\">\n\t\t\t\t\t\t<p><span data-sheets-root=\"1\" data-sheets-value=\"{&quot;1&quot;:2,&quot;2&quot;:&quot;Om du g\u00e5r i \u00e5rskurs nio och ska g\u00f6ra ditt gymnasieval s\u00f6ker du till oss via antagningsenheten. Klicka p\u00e5 knappen f\u00f6r att f\u00e5 mer information om hur gymnasievalet g\u00e5r till och hur du s\u00f6ker till Praktiska Gymnasiet. &quot;}\" data-sheets-userformat=\"{&quot;2&quot;:5025,&quot;3&quot;:{&quot;1&quot;:0},&quot;8&quot;:{&quot;1&quot;:[{&quot;1&quot;:2,&quot;2&quot;:0,&quot;5&quot;:{&quot;1&quot;:2,&quot;2&quot;:0}},{&quot;1&quot;:0,&quot;2&quot;:0,&quot;3&quot;:3},{&quot;1&quot;:1,&quot;2&quot;:0,&quot;4&quot;:1}]},&quot;10&quot;:0,&quot;11&quot;:4,&quot;12&quot;:0,&quot;15&quot;:&quot;Arial&quot;}\">Om du g\u00e5r i \u00e5rskurs nio och ska g\u00f6ra ditt gymnasieval s\u00f6ker du till oss via antagningsenheten. Klicka p\u00e5 knappen f\u00f6r att f\u00e5 mer information om hur gymnasievalet g\u00e5r till och hur du s\u00f6ker till Praktiska Gymnasiet. <\/span><\/p>\n\n\t\t\t\t\t<\/div>\n\t\t\t\t\t\t\t<\/div>\n\t\t\n\t\t\n\t\t\t<div class=\"ams-cta__action u-inline-items\">\n\t\t\t\t\t\t\t\n\n\n<a href=\"https:\/\/praktiska.se\/trollhattan\/om-gymnasievalet\/\"\n\t\n\tclass=\"c-btn \"\n\tdata-style=\"round\"\n\tdata-size=\"md\"\n\tdata-width=\"full-mobile\"\n\tdata-variant=\"default\"\n\ttarget=\"_self\">\n\t\t\t<span class=\"label\"> Om gymnasievalet<\/span>\n\t\t\t<\/a>\n\t\t\t<\/div>\n\t<\/div>\n\n\t\t\n\n<\/section>\n","protected":false},"excerpt":{"rendered":"","protected":false},"author":1,"featured_media":0,"parent":385,"menu_order":0,"comment_status":"closed","ping_status":"closed","template":"","meta":{"footnotes":""},"yoast_head":"<!-- This site is optimized with the Yoast SEO plugin v22.0 - https:\/\/yoast.com\/wordpress\/plugins\/seo\/ -->\n<title>Byta till Praktiska - Praktiska Gymnasiet Trollh\u00e4ttan<\/title>\n<meta name=\"description\" content=\"Vill du byta till Praktiska Gymnasiet? H\u00e4r finns all information du beh\u00f6ver f\u00f6r att byta till oss.\" \/>\n<meta name=\"robots\" content=\"index, follow, max-snippet:-1, max-image-preview:large, max-video-preview:-1\" \/>\n<link rel=\"canonical\" href=\"https:\/\/praktiska.se\/trollhattan\/om-gymnasievalet\/byta-till-praktiska\/\" \/>\n<meta property=\"og:locale\" content=\"sv_SE\" \/>\n<meta property=\"og:type\" content=\"article\" \/>\n<meta property=\"og:title\" content=\"Byta till Praktiska - Praktiska Gymnasiet Trollh\u00e4ttan\" \/>\n<meta property=\"og:description\" content=\"Vill du byta till Praktiska Gymnasiet? H\u00e4r finns all information du beh\u00f6ver f\u00f6r att byta till oss.\" \/>\n<meta property=\"og:url\" content=\"https:\/\/praktiska.se\/trollhattan\/om-gymnasievalet\/byta-till-praktiska\/\" \/>\n<meta property=\"og:site_name\" content=\"Trollh\u00e4ttan\" \/>\n<meta property=\"article:modified_time\" content=\"2025-04-22T13:53:25+00:00\" \/>\n<meta name=\"twitter:card\" content=\"summary_large_image\" \/>\n<meta name=\"twitter:title\" content=\"Byta till Praktiska - Praktiska Gymnasiet Trollh\u00e4ttan\" \/>\n<meta name=\"twitter:description\" content=\"Vill du byta till Praktiska Gymnasiet? H\u00e4r finns all information du beh\u00f6ver f\u00f6r att byta till oss.\" \/>\n<meta name=\"twitter:label1\" content=\"Est. reading time\" \/>\n\t<meta name=\"twitter:data1\" content=\"1 minut\" \/>\n<script type=\"application\/ld+json\" class=\"yoast-schema-graph\">{\"@context\":\"https:\/\/schema.org\",\"@graph\":[{\"@type\":\"WebPage\",\"@id\":\"https:\/\/praktiska.se\/trollhattan\/om-gymnasievalet\/byta-till-praktiska\/\",\"url\":\"https:\/\/praktiska.se\/trollhattan\/om-gymnasievalet\/byta-till-praktiska\/\",\"name\":\"Byta till Praktiska - Praktiska Gymnasiet Trollh\u00e4ttan\",\"isPartOf\":{\"@id\":\"https:\/\/praktiska.se\/trollhattan\/#website\"},\"datePublished\":\"2023-11-13T12:01:08+00:00\",\"dateModified\":\"2025-04-22T13:53:25+00:00\",\"description\":\"Vill du byta till Praktiska Gymnasiet? H\u00e4r finns all information du beh\u00f6ver f\u00f6r att byta till oss.\",\"breadcrumb\":{\"@id\":\"https:\/\/praktiska.se\/trollhattan\/om-gymnasievalet\/byta-till-praktiska\/#breadcrumb\"},\"inLanguage\":\"sv-SE\",\"potentialAction\":[{\"@type\":\"ReadAction\",\"target\":[\"https:\/\/praktiska.se\/trollhattan\/om-gymnasievalet\/byta-till-praktiska\/\"]}]},{\"@type\":\"BreadcrumbList\",\"@id\":\"https:\/\/praktiska.se\/trollhattan\/om-gymnasievalet\/byta-till-praktiska\/#breadcrumb\",\"itemListElement\":[{\"@type\":\"ListItem\",\"position\":1,\"name\":\"Start\",\"item\":\"https:\/\/praktiska.se\/trollhattan\/\"},{\"@type\":\"ListItem\",\"position\":2,\"name\":\"Om gymnasievalet\",\"item\":\"https:\/\/praktiska.se\/trollhattan\/om-gymnasievalet\/\"},{\"@type\":\"ListItem\",\"position\":3,\"name\":\"Byta till Praktiska\"}]},{\"@type\":\"WebSite\",\"@id\":\"https:\/\/praktiska.se\/trollhattan\/#website\",\"url\":\"https:\/\/praktiska.se\/trollhattan\/\",\"name\":\"Trollh\u00e4ttan\",\"description\":\"Vi utbildar framtidens arbetskraft\",\"potentialAction\":[{\"@type\":\"SearchAction\",\"target\":{\"@type\":\"EntryPoint\",\"urlTemplate\":\"https:\/\/praktiska.se\/trollhattan\/?s={search_term_string}\"},\"query-input\":\"required name=search_term_string\"}],\"inLanguage\":\"sv-SE\"}]}<\/script>\n<!-- \/ Yoast SEO plugin. -->","yoast_head_json":{"title":"Byta till Praktiska - Praktiska Gymnasiet Trollh\u00e4ttan","description":"Vill du byta till Praktiska Gymnasiet? H\u00e4r finns all information du beh\u00f6ver f\u00f6r att byta till oss.","robots":{"index":"index","follow":"follow","max-snippet":"max-snippet:-1","max-image-preview":"max-image-preview:large","max-video-preview":"max-video-preview:-1"},"canonical":"https:\/\/praktiska.se\/trollhattan\/om-gymnasievalet\/byta-till-praktiska\/","og_locale":"sv_SE","og_type":"article","og_title":"Byta till Praktiska - Praktiska Gymnasiet Trollh\u00e4ttan","og_description":"Vill du byta till Praktiska Gymnasiet? H\u00e4r finns all information du beh\u00f6ver f\u00f6r att byta till oss.","og_url":"https:\/\/praktiska.se\/trollhattan\/om-gymnasievalet\/byta-till-praktiska\/","og_site_name":"Trollh\u00e4ttan","article_modified_time":"2025-04-22T13:53:25+00:00","twitter_card":"summary_large_image","twitter_title":"Byta till Praktiska - Praktiska Gymnasiet Trollh\u00e4ttan","twitter_description":"Vill du byta till Praktiska Gymnasiet? H\u00e4r finns all information du beh\u00f6ver f\u00f6r att byta till oss.","twitter_misc":{"Est. reading time":"1 minut"},"schema":{"@context":"https:\/\/schema.org","@graph":[{"@type":"WebPage","@id":"https:\/\/praktiska.se\/trollhattan\/om-gymnasievalet\/byta-till-praktiska\/","url":"https:\/\/praktiska.se\/trollhattan\/om-gymnasievalet\/byta-till-praktiska\/","name":"Byta till Praktiska - Praktiska Gymnasiet Trollh\u00e4ttan","isPartOf":{"@id":"https:\/\/praktiska.se\/trollhattan\/#website"},"datePublished":"2023-11-13T12:01:08+00:00","dateModified":"2025-04-22T13:53:25+00:00","description":"Vill du byta till Praktiska Gymnasiet? H\u00e4r finns all information du beh\u00f6ver f\u00f6r att byta till oss.","breadcrumb":{"@id":"https:\/\/praktiska.se\/trollhattan\/om-gymnasievalet\/byta-till-praktiska\/#breadcrumb"},"inLanguage":"sv-SE","potentialAction":[{"@type":"ReadAction","target":["https:\/\/praktiska.se\/trollhattan\/om-gymnasievalet\/byta-till-praktiska\/"]}]},{"@type":"BreadcrumbList","@id":"https:\/\/praktiska.se\/trollhattan\/om-gymnasievalet\/byta-till-praktiska\/#breadcrumb","itemListElement":[{"@type":"ListItem","position":1,"name":"Start","item":"https:\/\/praktiska.se\/trollhattan\/"},{"@type":"ListItem","position":2,"name":"Om gymnasievalet","item":"https:\/\/praktiska.se\/trollhattan\/om-gymnasievalet\/"},{"@type":"ListItem","position":3,"name":"Byta till Praktiska"}]},{"@type":"WebSite","@id":"https:\/\/praktiska.se\/trollhattan\/#website","url":"https:\/\/praktiska.se\/trollhattan\/","name":"Trollh\u00e4ttan","description":"Vi utbildar framtidens arbetskraft","potentialAction":[{"@type":"SearchAction","target":{"@type":"EntryPoint","urlTemplate":"https:\/\/praktiska.se\/trollhattan\/?s={search_term_string}"},"query-input":"required name=search_term_string"}],"inLanguage":"sv-SE"}]}},"_links":{"self":[{"href":"https:\/\/praktiska.se\/trollhattan\/wp-json\/wp\/v2\/pages\/2020"}],"collection":[{"href":"https:\/\/praktiska.se\/trollhattan\/wp-json\/wp\/v2\/pages"}],"about":[{"href":"https:\/\/praktiska.se\/trollhattan\/wp-json\/wp\/v2\/types\/page"}],"author":[{"embeddable":true,"href":"https:\/\/praktiska.se\/trollhattan\/wp-json\/wp\/v2\/users\/1"}],"replies":[{"embeddable":true,"href":"https:\/\/praktiska.se\/trollhattan\/wp-json\/wp\/v2\/comments?post=2020"}],"version-history":[{"count":10,"href":"https:\/\/praktiska.se\/trollhattan\/wp-json\/wp\/v2\/pages\/2020\/revisions"}],"predecessor-version":[{"id":3157,"href":"https:\/\/praktiska.se\/trollhattan\/wp-json\/wp\/v2\/pages\/2020\/revisions\/3157"}],"up":[{"embeddable":true,"href":"https:\/\/praktiska.se\/trollhattan\/wp-json\/wp\/v2\/pages\/385"}],"wp:attachment":[{"href":"https:\/\/praktiska.se\/trollhattan\/wp-json\/wp\/v2\/media?parent=2020"}],"curies":[{"name":"wp","href":"https:\/\/api.w.org\/{rel}","templated":true}]}}