{"id":491,"date":"2023-03-09T11:59:38","date_gmt":"2023-03-09T10:59:38","guid":{"rendered":"https:\/\/praktiska.se\/norrkoping\/?page_id=491"},"modified":"2023-12-01T09:27:08","modified_gmt":"2023-12-01T08:27:08","slug":"vart-kvalitetsarbete","status":"publish","type":"page","link":"https:\/\/praktiska.se\/norrkoping\/vart-kvalitetsarbete\/","title":{"rendered":"V\u00e5rt kvalitetsarbete"},"content":{"rendered":"\n\t<div class=\"module_wrapper ams_remote_pages_module \">\n\t\t\n\t\n\t\n\t\n\n\t\n\t\n\t\t\n<section  class=\"c-block l-stacked  \" data-color-scheme=\"white\">\n\t<div class=\"ams-fifty ams-fifty--container ams-fifty--right ams-fifty--top l-container u-pt-fluid-3xl-6xl u-pb-fluid-3xl-6xl\">\n\t\t<div class=\"ams-fifty__content l-stack l-stack-xl is-left is-left@lg\">\n\t\t\t<div class=\"ams-fifty__text l-stack l-stack-lg\">\n\t\t\t\t\t\n\t<h1\n\tclass=\"c-heading u-font-title-1 \"\n\tstyle=\"\">\n\t\t\n\t\t\t\t\tV\u00e5rt kvalitetsarbete\n\t\t\t\t\n\t<\/h1>\n\n\t\t\t\t\t\t\t\t\t<div class=\"text l-stack u-font-body\">\n\t\t\t\t\t\t<p><span data-sheets-value=\"{&quot;1&quot;:2,&quot;2&quot;:&quot;Inom Praktiska Gymnasiet \u00e4r vi m\u00e5na om att ge alla elever goda f\u00f6ruts\u00e4ttningar att l\u00e4ra sig och utvecklas. Alla v\u00e5ra elever ska uppleva att de f\u00e5r en bra utbildning genom god undervisning av duktiga och engagerade l\u00e4rare. F\u00f6r oss \u00e4r det viktigt att varje elev kommer n\u00e4rnmare sina famrtidsm\u00e5l och dr\u00f6mmar &quot;}\" data-sheets-userformat=\"{&quot;2&quot;:929,&quot;3&quot;:{&quot;1&quot;:0},&quot;8&quot;:{&quot;1&quot;:[{&quot;1&quot;:2,&quot;2&quot;:0,&quot;5&quot;:{&quot;1&quot;:2,&quot;2&quot;:0}},{&quot;1&quot;:0,&quot;2&quot;:0,&quot;3&quot;:3},{&quot;1&quot;:1,&quot;2&quot;:0,&quot;4&quot;:1}]},&quot;10&quot;:0,&quot;11&quot;:4,&quot;12&quot;:0}\">Inom Praktiska Gymnasiet \u00e4r vi m\u00e5na om att ge alla elever goda f\u00f6ruts\u00e4ttningar att l\u00e4ra sig och utvecklas. Alla v\u00e5ra elever ska uppleva att de f\u00e5r en bra utbildning genom god undervisning av duktiga och engagerade l\u00e4rare. F\u00f6r oss \u00e4r det viktigt att varje elev kommer n\u00e4rmare sina framtidsm\u00e5l och dr\u00f6mmar.<\/span><\/p>\n\n\t\t\t\t\t<\/div>\n\t\t\t\t\t\t\t<\/div>\n\n\t\t\t\t\t<\/div>\n\n\t\t <div class=\"ams-fifty__media u-ratio-square\">\n\t\t \t\t\t\t\t<img decoding=\"async\" width=\"600\" height=\"400\" src=\"https:\/\/praktiska.se\/wp-content\/uploads\/2023\/03\/praktiskagymnasietkvalitetsarbetelinkoping202304-202804-600x400.jpg\" class=\"attachment-md size-md\" alt=\"Elever och l\u00e4rare st\u00e5r mellan tv\u00e5 gr\u00e4vmaskiner\" sizes=\"(min-width: 64em) 600px, calc(100vw - 160px)\" srcset=\"https:\/\/praktiska.se\/wp-content\/uploads\/2023\/03\/praktiskagymnasietkvalitetsarbetelinkoping202304-202804-600x400.jpg 600w, https:\/\/praktiska.se\/wp-content\/uploads\/2023\/03\/praktiskagymnasietkvalitetsarbetelinkoping202304-202804-300x200.jpg 300w, https:\/\/praktiska.se\/wp-content\/uploads\/2023\/03\/praktiskagymnasietkvalitetsarbetelinkoping202304-202804-400x267.jpg 400w, https:\/\/praktiska.se\/wp-content\/uploads\/2023\/03\/praktiskagymnasietkvalitetsarbetelinkoping202304-202804-800x533.jpg 800w, https:\/\/praktiska.se\/wp-content\/uploads\/2023\/03\/praktiskagymnasietkvalitetsarbetelinkoping202304-202804-1024x683.jpg 1024w, https:\/\/praktiska.se\/wp-content\/uploads\/2023\/03\/praktiskagymnasietkvalitetsarbetelinkoping202304-202804-1200x800.jpg 1200w, https:\/\/praktiska.se\/wp-content\/uploads\/2023\/03\/praktiskagymnasietkvalitetsarbetelinkoping202304-202804.jpg 2048w\" \/>\n\t\t\t\n\t\t\t\n\t\t\t\t\t<\/div>\n\t<\/div>\n\n\t\t\n\n<\/section>\n\n\t\n\t\n\t\n\n\t\n\t\n\t\t\n<section  class=\"c-block l-stacked  \" data-color-scheme=\"orange\">\n\t<div class=\"ams-fifty ams-fifty--container ams-fifty--left ams-fifty--top l-container u-pt-fluid-3xl-6xl u-pb-fluid-3xl-6xl\">\n\t\t<div class=\"ams-fifty__content l-stack l-stack-xl is-left is-left@lg\">\n\t\t\t<div class=\"ams-fifty__text l-stack l-stack-lg\">\n\t\t\t\t\t\n\t<h2\n\tclass=\"c-heading u-font-title-1 \"\n\tstyle=\"\">\n\t\t\n\t\t\t\t\tTrygghet och kvalitet\n\t\t\t\t\n\t<\/h2>\n\n\t\t\t\t\t\t\t\t\t<div class=\"text l-stack u-font-body\">\n\t\t\t\t\t\t<p><span data-sheets-value=\"{&quot;1&quot;:2,&quot;2&quot;:&quot;F\u00f6r att s\u00e4kerst\u00e4lla b\u00e5de trygghet och kvalitet i v\u00e5rt arbete fr\u00e5gar vi regelbundet v\u00e5ra elever om hur de upplever sin skola och sin undervisning. Utifr\u00e5n svaren som framkommer g\u00f6r vi analyser tillsanmmans med rektorer, l\u00e4rare och elever och s\u00e4tter in olika utvecklingssinsatser utifr\u00e5n behov som vi sedan f\u00f6ljer upp och analyserar vidare. Vi arbterar med ett systematiskt kvalitetsarbete f\u00f6r att st\u00e4ndigt bli b\u00e4ttre p\u00e5 det vi g\u00f6r! &quot;}\" data-sheets-userformat=\"{&quot;2&quot;:801,&quot;3&quot;:{&quot;1&quot;:0},&quot;8&quot;:{&quot;1&quot;:[{&quot;1&quot;:2,&quot;2&quot;:0,&quot;5&quot;:{&quot;1&quot;:2,&quot;2&quot;:0}},{&quot;1&quot;:0,&quot;2&quot;:0,&quot;3&quot;:3},{&quot;1&quot;:1,&quot;2&quot;:0,&quot;4&quot;:1}]},&quot;11&quot;:4,&quot;12&quot;:0}\">F\u00f6r att s\u00e4kerst\u00e4lla b\u00e5de trygghet och kvalitet i v\u00e5rt arbete fr\u00e5gar vi regelbundet v\u00e5ra elever om hur de upplever sin skola och sin undervisning. Utifr\u00e5n svaren som framkommer g\u00f6r vi analyser tillsammans med rektorer, l\u00e4rare och elever och s\u00e4tter in olika utvecklingsinsatser utifr\u00e5n behov som vi sedan f\u00f6ljer upp och analyserar vidare. Vi arbetar med ett systematiskt kvalitetsarbete f\u00f6r att st\u00e4ndigt bli b\u00e4ttre p\u00e5 det vi g\u00f6r! <\/span><\/p>\n\n\t\t\t\t\t<\/div>\n\t\t\t\t\t\t\t<\/div>\n\n\t\t\t\t\t<\/div>\n\n\t\t <div class=\"ams-fifty__media u-ratio-square\">\n\t\t \t\t\t\t\t<img decoding=\"async\" width=\"600\" height=\"695\" src=\"https:\/\/praktiska.se\/wp-content\/uploads\/2023\/03\/praktiskagymnasietkvalitetliljeholmen202304-e1701093358442-600x695.jpg\" class=\"attachment-md size-md\" alt=\"Tre elever p\u00e5 promenad utanf\u00f6r skolan\" sizes=\"(min-width: 64em) 600px, calc(100vw - 160px)\" srcset=\"https:\/\/praktiska.se\/wp-content\/uploads\/2023\/03\/praktiskagymnasietkvalitetliljeholmen202304-e1701093358442-600x695.jpg 600w, https:\/\/praktiska.se\/wp-content\/uploads\/2023\/03\/praktiskagymnasietkvalitetliljeholmen202304-e1701093358442-300x348.jpg 300w, https:\/\/praktiska.se\/wp-content\/uploads\/2023\/03\/praktiskagymnasietkvalitetliljeholmen202304-e1701093358442-400x464.jpg 400w, https:\/\/praktiska.se\/wp-content\/uploads\/2023\/03\/praktiskagymnasietkvalitetliljeholmen202304-e1701093358442-800x927.jpg 800w, https:\/\/praktiska.se\/wp-content\/uploads\/2023\/03\/praktiskagymnasietkvalitetliljeholmen202304-e1701093358442-1024x1187.jpg 1024w, https:\/\/praktiska.se\/wp-content\/uploads\/2023\/03\/praktiskagymnasietkvalitetliljeholmen202304-e1701093358442-1200x1391.jpg 1200w, https:\/\/praktiska.se\/wp-content\/uploads\/2023\/03\/praktiskagymnasietkvalitetliljeholmen202304-e1701093358442.jpg 1365w\" \/>\n\t\t\t\n\t\t\t\n\t\t\t\t\t<\/div>\n\t<\/div>\n\n\t\t\n\n<\/section>\n\t<\/div>\n\n\t\n\n\n\n<section  class=\"ams-info-card c-block l-stacked\" data-color-scheme=\"kort-vit-bakgrund\">\n\t<div class=\"l-container l-stack l-stack-fluid-2xl u-pt-fluid-3xl-6xl u-pb-fluid-3xl-6xl is-center is-center@md\">\n\t\t\t\t\t<div class=\"ams-info-card__intro l-stack l-stack-lg\">\n\t\t\t\t\t\n\t<h2\n\tclass=\"c-heading u-font-title-1 \"\n\tstyle=\"\">\n\t\t\n\t\t\t\t\tVill du veta mer om <br>v\u00e5rt kvalitets\u00adarbete?\n\t\t\t\t\n\t<\/h2>\n\n\t\t\t\t\t\t\t<\/div>\n\t\t\n\t\t\t\t\t\n<ul class=\"ams-info-card__list l-grid u-gap-2xl\">\n\t\t\t<li class=\"l-col-6@md l-col-4@lg\">\n\t\t\t<article\n\t\t\t\tclass=\"\n\t\t\t\tc-card\n\t\t\t\t\n\t\t\t\thas-media-zoom\n\t\t\t\t\n\t\t\t\t\"\n\t\t\t\tdata-variant=\"space\"\n\t\t\t\tdata-style=\"square\"\n\t\t\t\t data-click-area\n\t\t\t\t\n\t\t\t\t\n\t\t\t\t>\n\t\t\t\t<div class=\"c-card__content l-stack l-stack-sm is-left is-left@md\">\n\t\t\t\t\t\t\t\t\t\t\t<h3 class=\"c-card__title u-font-title-3\">\n\t\t\t\t\t\t\t\t\t\t\t\t\t\t\t<a class=\"c-card__link\" href=\"https:\/\/praktiska.se\/norrkoping\/vart-kvalitetsarbete\/vara-kvalitetsresultat\/\" target=\"_self\">\n\t\t\t\t\t\t\t\t\tV\u00e5ra kvalitetsresultat\n\t\t\t\t\t\t\t\t<\/a>\n\t\t\t\t\t\t\t\t\t\t\t\t\t<\/h3>\n\t\t\t\t\t\n\t\t\t\t\t\t\t\t\t\t\t<div class=\"c-card__text l-stack-xs u-font-body\">\n\t\t\t\t\t\t\t<p><span data-sheets-root=\"1\" data-sheets-value=\"{&quot;1&quot;:2,&quot;2&quot;:&quot;H\u00e4r hittar du alla kvalitetsrapporter f\u00f6r Praktiska Gymnasiet&quot;}\" data-sheets-userformat=\"{&quot;2&quot;:899,&quot;3&quot;:{&quot;1&quot;:0},&quot;4&quot;:{&quot;1&quot;:2,&quot;2&quot;:10797812},&quot;10&quot;:0,&quot;11&quot;:4,&quot;12&quot;:0}\">H\u00e4r hittar du alla kvalitetsrapporter f\u00f6r Praktiska Gymnasiet.\u00a0<\/span><\/p>\n\n\t\t\t\t\t\t<\/div>\n\t\t\t\t\t\n\t\t\t\t\t\t\t\t\t\t\t<div class=\"c-card__icon c-card__icon--nl\">\n\t\t\t\t\t\t\t\t\t\t\t\t\t\t<svg class=\"ams-icon ams-icon--arrow-right\" width=\"32\" height=\"32\" viewbox=\"0 0 32 32\" fill=\"currentColor\" aria-hidden=\"true\" xmlns=\"http:\/\/www.w3.org\/2000\/svg\">\n\t\t\t\t\t\t\t\t\t\t\t\t\t\t\t\t<path d=\"M15.4617 0.252159L14.9567 0.75931C14.6219 1.09545 14.6219 1.64048 14.9567 1.97669L27.7062 14.7806H0.857144C0.383786 14.7806 0 15.166 0 15.6414V16.3587C0 16.8341 0.383786 17.2195 0.857144 17.2195H27.7062L14.9567 30.0234C14.6219 30.3595 14.6219 30.9045 14.9567 31.2407L15.4617 31.7479C15.7964 32.084 16.3392 32.084 16.6739 31.7479L31.749 16.6087C32.0837 16.2725 32.0837 15.7275 31.749 15.3913L16.6739 0.252159C16.3392 -0.084053 15.7964 -0.084053 15.4617 0.252159Z\"\/>\n\t\t\t\t\t\t\t\n\t\t\t\t\t\t\t<\/svg>\n\t\t\t\t\t\t<\/div>\n\t\t\t\t\t\t\t\t\t<\/div>\n\n\t\t\t\t\t\t\t\t\t<div class=\"c-card__media \" style=\" \">\n\t\t\t\t\t\t<img decoding=\"async\" width=\"400\" height=\"267\" src=\"https:\/\/praktiska.se\/wp-content\/uploads\/2023\/11\/praktiskaflorist240430-400x267.jpg\" class=\"\" alt=\"Elev p\u00e5 Praktiska som paketerar en bukett blommor.\" sizes=\"(min-width: 64em) 300px, (min-width: 48em) calc(.50 * (100vw - 304px)), calc(100vw - 208px)\" srcset=\"https:\/\/praktiska.se\/wp-content\/uploads\/2023\/11\/praktiskaflorist240430-400x267.jpg 400w, https:\/\/praktiska.se\/wp-content\/uploads\/2023\/11\/praktiskaflorist240430-300x200.jpg 300w, https:\/\/praktiska.se\/wp-content\/uploads\/2023\/11\/praktiskaflorist240430-600x400.jpg 600w, https:\/\/praktiska.se\/wp-content\/uploads\/2023\/11\/praktiskaflorist240430-800x533.jpg 800w, https:\/\/praktiska.se\/wp-content\/uploads\/2023\/11\/praktiskaflorist240430-1024x683.jpg 1024w, https:\/\/praktiska.se\/wp-content\/uploads\/2023\/11\/praktiskaflorist240430.jpg 1080w\" \/>\n\t\t\t\t\t<\/div>\n\t\t\t\t\t\t\t<\/article>\n\t\t<\/li>\n\t\t\t<li class=\"l-col-6@md l-col-4@lg\">\n\t\t\t<article\n\t\t\t\tclass=\"\n\t\t\t\tc-card\n\t\t\t\t\n\t\t\t\thas-media-zoom\n\t\t\t\t\n\t\t\t\t\"\n\t\t\t\tdata-variant=\"space\"\n\t\t\t\tdata-style=\"square\"\n\t\t\t\t data-click-area\n\t\t\t\t\n\t\t\t\t\n\t\t\t\t>\n\t\t\t\t<div class=\"c-card__content l-stack l-stack-sm is-left is-left@md\">\n\t\t\t\t\t\t\t\t\t\t\t<h3 class=\"c-card__title u-font-title-3\">\n\t\t\t\t\t\t\t\t\t\t\t\t\t\t\t<a class=\"c-card__link\" href=\"https:\/\/praktiska.se\/norrkoping\/kontakt\/\" target=\"_self\">\n\t\t\t\t\t\t\t\t\tKontakta oss\n\t\t\t\t\t\t\t\t<\/a>\n\t\t\t\t\t\t\t\t\t\t\t\t\t<\/h3>\n\t\t\t\t\t\n\t\t\t\t\t\t\t\t\t\t\t<div class=\"c-card__text l-stack-xs u-font-body\">\n\t\t\t\t\t\t\t<p><span data-sheets-root=\"1\" data-sheets-value=\"{&quot;1&quot;:2,&quot;2&quot;:&quot;Har du fr\u00e5gor eller funderingar \u00e4r du alltid v\u00e4lkommen att konakta oss&quot;}\" data-sheets-userformat=\"{&quot;2&quot;:899,&quot;3&quot;:{&quot;1&quot;:0},&quot;4&quot;:{&quot;1&quot;:2,&quot;2&quot;:10797812},&quot;10&quot;:0,&quot;11&quot;:4,&quot;12&quot;:0}\">Har du fr\u00e5gor eller funderingar \u00e4r du alltid v\u00e4lkommen att kontakta oss.\u00a0<\/span><\/p>\n\n\t\t\t\t\t\t<\/div>\n\t\t\t\t\t\n\t\t\t\t\t\t\t\t\t\t\t<div class=\"c-card__icon c-card__icon--nl\">\n\t\t\t\t\t\t\t\t\t\t\t\t\t\t<svg class=\"ams-icon ams-icon--arrow-right\" width=\"32\" height=\"32\" viewbox=\"0 0 32 32\" fill=\"currentColor\" aria-hidden=\"true\" xmlns=\"http:\/\/www.w3.org\/2000\/svg\">\n\t\t\t\t\t\t\t\t\t\t\t\t\t\t\t\t<path d=\"M15.4617 0.252159L14.9567 0.75931C14.6219 1.09545 14.6219 1.64048 14.9567 1.97669L27.7062 14.7806H0.857144C0.383786 14.7806 0 15.166 0 15.6414V16.3587C0 16.8341 0.383786 17.2195 0.857144 17.2195H27.7062L14.9567 30.0234C14.6219 30.3595 14.6219 30.9045 14.9567 31.2407L15.4617 31.7479C15.7964 32.084 16.3392 32.084 16.6739 31.7479L31.749 16.6087C32.0837 16.2725 32.0837 15.7275 31.749 15.3913L16.6739 0.252159C16.3392 -0.084053 15.7964 -0.084053 15.4617 0.252159Z\"\/>\n\t\t\t\t\t\t\t\n\t\t\t\t\t\t\t<\/svg>\n\t\t\t\t\t\t<\/div>\n\t\t\t\t\t\t\t\t\t<\/div>\n\n\t\t\t\t\t\t\t\t\t<div class=\"c-card__media \" style=\" \">\n\t\t\t\t\t\t<img decoding=\"async\" width=\"400\" height=\"267\" src=\"https:\/\/praktiska.se\/wp-content\/uploads\/2024\/05\/prahalmstad0003-1-1-400x267.jpg\" class=\"\" alt=\"Elever och en l\u00e4rare som g\u00e5r igenom hur man l\u00e4gger gatsten.\" sizes=\"(min-width: 64em) 300px, (min-width: 48em) calc(.50 * (100vw - 304px)), calc(100vw - 208px)\" srcset=\"https:\/\/praktiska.se\/wp-content\/uploads\/2024\/05\/prahalmstad0003-1-1-400x267.jpg 400w, https:\/\/praktiska.se\/wp-content\/uploads\/2024\/05\/prahalmstad0003-1-1-300x200.jpg 300w, https:\/\/praktiska.se\/wp-content\/uploads\/2024\/05\/prahalmstad0003-1-1-600x400.jpg 600w, https:\/\/praktiska.se\/wp-content\/uploads\/2024\/05\/prahalmstad0003-1-1-800x533.jpg 800w, https:\/\/praktiska.se\/wp-content\/uploads\/2024\/05\/prahalmstad0003-1-1-1024x683.jpg 1024w, https:\/\/praktiska.se\/wp-content\/uploads\/2024\/05\/prahalmstad0003-1-1.jpg 1080w\" \/>\n\t\t\t\t\t<\/div>\n\t\t\t\t\t\t\t<\/article>\n\t\t<\/li>\n\t\t\t<li class=\"l-col-6@md l-col-4@lg\">\n\t\t\t<article\n\t\t\t\tclass=\"\n\t\t\t\tc-card\n\t\t\t\t\n\t\t\t\thas-media-zoom\n\t\t\t\t\n\t\t\t\t\"\n\t\t\t\tdata-variant=\"space\"\n\t\t\t\tdata-style=\"square\"\n\t\t\t\t data-click-area\n\t\t\t\t\n\t\t\t\t\n\t\t\t\t>\n\t\t\t\t<div class=\"c-card__content l-stack l-stack-sm is-left is-left@md\">\n\t\t\t\t\t\t\t\t\t\t\t<h3 class=\"c-card__title u-font-title-3\">\n\t\t\t\t\t\t\t\t\t\t\t\t\t\t\t<a class=\"c-card__link\" href=\"https:\/\/praktiska.se\/norrkoping\/vart-kvalitetsarbete\/synpunkter-pa-verksamheten\/\" target=\"_self\">\n\t\t\t\t\t\t\t\t\tSynpunkter p\u00e5 verksamheten\n\t\t\t\t\t\t\t\t<\/a>\n\t\t\t\t\t\t\t\t\t\t\t\t\t<\/h3>\n\t\t\t\t\t\n\t\t\t\t\t\t\t\t\t\t\t<div class=\"c-card__text l-stack-xs u-font-body\">\n\t\t\t\t\t\t\t<p><span data-sheets-root=\"1\" data-sheets-value=\"{&quot;1&quot;:2,&quot;2&quot;:&quot;Vi \u00e4r alltid intresserade av f\u00e5 veta vad som fungerar bra, men \u00e4ven det som fungerar mindre bra. Klicka dig vidare f\u00f6r att l\u00e4sa mer. &quot;}\" data-sheets-userformat=\"{&quot;2&quot;:899,&quot;3&quot;:{&quot;1&quot;:0},&quot;4&quot;:{&quot;1&quot;:2,&quot;2&quot;:10797812},&quot;10&quot;:0,&quot;11&quot;:4,&quot;12&quot;:0}\">Vi \u00e4r alltid intresserade av f\u00e5 veta vad som fungerar bra, men \u00e4ven det som fungerar mindre bra. Klicka dig vidare f\u00f6r att l\u00e4sa mer.<\/span><\/p>\n\n\t\t\t\t\t\t<\/div>\n\t\t\t\t\t\n\t\t\t\t\t\t\t\t\t\t\t<div class=\"c-card__icon c-card__icon--nl\">\n\t\t\t\t\t\t\t\t\t\t\t\t\t\t<svg class=\"ams-icon ams-icon--arrow-right\" width=\"32\" height=\"32\" viewbox=\"0 0 32 32\" fill=\"currentColor\" aria-hidden=\"true\" xmlns=\"http:\/\/www.w3.org\/2000\/svg\">\n\t\t\t\t\t\t\t\t\t\t\t\t\t\t\t\t<path d=\"M15.4617 0.252159L14.9567 0.75931C14.6219 1.09545 14.6219 1.64048 14.9567 1.97669L27.7062 14.7806H0.857144C0.383786 14.7806 0 15.166 0 15.6414V16.3587C0 16.8341 0.383786 17.2195 0.857144 17.2195H27.7062L14.9567 30.0234C14.6219 30.3595 14.6219 30.9045 14.9567 31.2407L15.4617 31.7479C15.7964 32.084 16.3392 32.084 16.6739 31.7479L31.749 16.6087C32.0837 16.2725 32.0837 15.7275 31.749 15.3913L16.6739 0.252159C16.3392 -0.084053 15.7964 -0.084053 15.4617 0.252159Z\"\/>\n\t\t\t\t\t\t\t\n\t\t\t\t\t\t\t<\/svg>\n\t\t\t\t\t\t<\/div>\n\t\t\t\t\t\t\t\t\t<\/div>\n\n\t\t\t\t\t\t\t\t\t<div class=\"c-card__media \" style=\" \">\n\t\t\t\t\t\t<img decoding=\"async\" width=\"400\" height=\"267\" src=\"https:\/\/praktiska.se\/wp-content\/uploads\/2023\/11\/praktiskasynpunkter-pa-verksamhetentrollhattan202304202804-scaled-400x267.jpg\" class=\"\" alt=\"Tv\u00e5 elever i reflexv\u00e4star p\u00e5 praktik p\u00e5 en f\u00f6rskola\" sizes=\"(min-width: 64em) 300px, (min-width: 48em) calc(.50 * (100vw - 304px)), calc(100vw - 208px)\" srcset=\"https:\/\/praktiska.se\/wp-content\/uploads\/2023\/11\/praktiskasynpunkter-pa-verksamhetentrollhattan202304202804-scaled-400x267.jpg 400w, https:\/\/praktiska.se\/wp-content\/uploads\/2023\/11\/praktiskasynpunkter-pa-verksamhetentrollhattan202304202804-scaled-300x200.jpg 300w, https:\/\/praktiska.se\/wp-content\/uploads\/2023\/11\/praktiskasynpunkter-pa-verksamhetentrollhattan202304202804-scaled-600x400.jpg 600w, https:\/\/praktiska.se\/wp-content\/uploads\/2023\/11\/praktiskasynpunkter-pa-verksamhetentrollhattan202304202804-scaled-800x533.jpg 800w, https:\/\/praktiska.se\/wp-content\/uploads\/2023\/11\/praktiskasynpunkter-pa-verksamhetentrollhattan202304202804-scaled-1024x682.jpg 1024w, https:\/\/praktiska.se\/wp-content\/uploads\/2023\/11\/praktiskasynpunkter-pa-verksamhetentrollhattan202304202804-scaled-1200x800.jpg 1200w\" \/>\n\t\t\t\t\t<\/div>\n\t\t\t\t\t\t\t<\/article>\n\t\t<\/li>\n\t<\/ul>\n\t\n\t\t\t<\/div>\n\n\t\t\n\n<\/section>\n","protected":false},"excerpt":{"rendered":"","protected":false},"author":1,"featured_media":0,"parent":0,"menu_order":0,"comment_status":"closed","ping_status":"closed","template":"","meta":{"footnotes":""},"yoast_head":"<!-- This site is optimized with the Yoast SEO plugin v22.0 - https:\/\/yoast.com\/wordpress\/plugins\/seo\/ -->\n<title>V\u00e5rt kvalitetsarbete - Praktiska Gymnasiet Norrk\u00f6ping<\/title>\n<meta name=\"description\" content=\"Vi p\u00e5 Praktiska Gymnasiet jobbar hela tiden med v\u00e5rt kvalitetsarbete f\u00f6r att alla elever ska f\u00e5 en s\u00e5 bra utbildning som m\u00f6jligt.\" \/>\n<meta name=\"robots\" content=\"index, follow, max-snippet:-1, max-image-preview:large, max-video-preview:-1\" \/>\n<link rel=\"canonical\" href=\"https:\/\/praktiska.se\/norrkoping\/vart-kvalitetsarbete\/\" \/>\n<meta property=\"og:locale\" content=\"sv_SE\" \/>\n<meta property=\"og:type\" content=\"article\" \/>\n<meta property=\"og:title\" content=\"V\u00e5rt kvalitetsarbete - Praktiska Gymnasiet Norrk\u00f6ping\" \/>\n<meta property=\"og:description\" content=\"Vi p\u00e5 Praktiska Gymnasiet jobbar hela tiden med v\u00e5rt kvalitetsarbete f\u00f6r att alla elever ska f\u00e5 en s\u00e5 bra utbildning som m\u00f6jligt.\" \/>\n<meta property=\"og:url\" content=\"https:\/\/praktiska.se\/norrkoping\/vart-kvalitetsarbete\/\" \/>\n<meta property=\"og:site_name\" content=\"Norrk\u00f6ping\" \/>\n<meta property=\"article:modified_time\" content=\"2023-12-01T08:27:08+00:00\" \/>\n<meta name=\"twitter:card\" content=\"summary_large_image\" \/>\n<meta name=\"twitter:title\" content=\"V\u00e5rt kvalitetsarbete - Praktiska Gymnasiet Norrk\u00f6ping\" \/>\n<meta name=\"twitter:description\" content=\"Vi p\u00e5 Praktiska Gymnasiet jobbar hela tiden med v\u00e5rt kvalitetsarbete f\u00f6r att alla elever ska f\u00e5 en s\u00e5 bra utbildning som m\u00f6jligt.\" \/>\n<script type=\"application\/ld+json\" class=\"yoast-schema-graph\">{\"@context\":\"https:\/\/schema.org\",\"@graph\":[{\"@type\":\"WebPage\",\"@id\":\"https:\/\/praktiska.se\/norrkoping\/vart-kvalitetsarbete\/\",\"url\":\"https:\/\/praktiska.se\/norrkoping\/vart-kvalitetsarbete\/\",\"name\":\"V\u00e5rt kvalitetsarbete - Praktiska Gymnasiet Norrk\u00f6ping\",\"isPartOf\":{\"@id\":\"https:\/\/praktiska.se\/norrkoping\/#website\"},\"datePublished\":\"2023-03-09T10:59:38+00:00\",\"dateModified\":\"2023-12-01T08:27:08+00:00\",\"description\":\"Vi p\u00e5 Praktiska Gymnasiet jobbar hela tiden med v\u00e5rt kvalitetsarbete f\u00f6r att alla elever ska f\u00e5 en s\u00e5 bra utbildning som m\u00f6jligt.\",\"breadcrumb\":{\"@id\":\"https:\/\/praktiska.se\/norrkoping\/vart-kvalitetsarbete\/#breadcrumb\"},\"inLanguage\":\"sv-SE\",\"potentialAction\":[{\"@type\":\"ReadAction\",\"target\":[\"https:\/\/praktiska.se\/norrkoping\/vart-kvalitetsarbete\/\"]}]},{\"@type\":\"BreadcrumbList\",\"@id\":\"https:\/\/praktiska.se\/norrkoping\/vart-kvalitetsarbete\/#breadcrumb\",\"itemListElement\":[{\"@type\":\"ListItem\",\"position\":1,\"name\":\"Start\",\"item\":\"https:\/\/praktiska.se\/norrkoping\/\"},{\"@type\":\"ListItem\",\"position\":2,\"name\":\"V\u00e5rt kvalitetsarbete\"}]},{\"@type\":\"WebSite\",\"@id\":\"https:\/\/praktiska.se\/norrkoping\/#website\",\"url\":\"https:\/\/praktiska.se\/norrkoping\/\",\"name\":\"Norrk\u00f6ping\",\"description\":\"Vi utbildar framtidens arbetskraft\",\"potentialAction\":[{\"@type\":\"SearchAction\",\"target\":{\"@type\":\"EntryPoint\",\"urlTemplate\":\"https:\/\/praktiska.se\/norrkoping\/?s={search_term_string}\"},\"query-input\":\"required name=search_term_string\"}],\"inLanguage\":\"sv-SE\"}]}<\/script>\n<!-- \/ Yoast SEO plugin. -->","yoast_head_json":{"title":"V\u00e5rt kvalitetsarbete - Praktiska Gymnasiet Norrk\u00f6ping","description":"Vi p\u00e5 Praktiska Gymnasiet jobbar hela tiden med v\u00e5rt kvalitetsarbete f\u00f6r att alla elever ska f\u00e5 en s\u00e5 bra utbildning som m\u00f6jligt.","robots":{"index":"index","follow":"follow","max-snippet":"max-snippet:-1","max-image-preview":"max-image-preview:large","max-video-preview":"max-video-preview:-1"},"canonical":"https:\/\/praktiska.se\/norrkoping\/vart-kvalitetsarbete\/","og_locale":"sv_SE","og_type":"article","og_title":"V\u00e5rt kvalitetsarbete - Praktiska Gymnasiet Norrk\u00f6ping","og_description":"Vi p\u00e5 Praktiska Gymnasiet jobbar hela tiden med v\u00e5rt kvalitetsarbete f\u00f6r att alla elever ska f\u00e5 en s\u00e5 bra utbildning som m\u00f6jligt.","og_url":"https:\/\/praktiska.se\/norrkoping\/vart-kvalitetsarbete\/","og_site_name":"Norrk\u00f6ping","article_modified_time":"2023-12-01T08:27:08+00:00","twitter_card":"summary_large_image","twitter_title":"V\u00e5rt kvalitetsarbete - Praktiska Gymnasiet Norrk\u00f6ping","twitter_description":"Vi p\u00e5 Praktiska Gymnasiet jobbar hela tiden med v\u00e5rt kvalitetsarbete f\u00f6r att alla elever ska f\u00e5 en s\u00e5 bra utbildning som m\u00f6jligt.","schema":{"@context":"https:\/\/schema.org","@graph":[{"@type":"WebPage","@id":"https:\/\/praktiska.se\/norrkoping\/vart-kvalitetsarbete\/","url":"https:\/\/praktiska.se\/norrkoping\/vart-kvalitetsarbete\/","name":"V\u00e5rt kvalitetsarbete - Praktiska Gymnasiet Norrk\u00f6ping","isPartOf":{"@id":"https:\/\/praktiska.se\/norrkoping\/#website"},"datePublished":"2023-03-09T10:59:38+00:00","dateModified":"2023-12-01T08:27:08+00:00","description":"Vi p\u00e5 Praktiska Gymnasiet jobbar hela tiden med v\u00e5rt kvalitetsarbete f\u00f6r att alla elever ska f\u00e5 en s\u00e5 bra utbildning som m\u00f6jligt.","breadcrumb":{"@id":"https:\/\/praktiska.se\/norrkoping\/vart-kvalitetsarbete\/#breadcrumb"},"inLanguage":"sv-SE","potentialAction":[{"@type":"ReadAction","target":["https:\/\/praktiska.se\/norrkoping\/vart-kvalitetsarbete\/"]}]},{"@type":"BreadcrumbList","@id":"https:\/\/praktiska.se\/norrkoping\/vart-kvalitetsarbete\/#breadcrumb","itemListElement":[{"@type":"ListItem","position":1,"name":"Start","item":"https:\/\/praktiska.se\/norrkoping\/"},{"@type":"ListItem","position":2,"name":"V\u00e5rt kvalitetsarbete"}]},{"@type":"WebSite","@id":"https:\/\/praktiska.se\/norrkoping\/#website","url":"https:\/\/praktiska.se\/norrkoping\/","name":"Norrk\u00f6ping","description":"Vi utbildar framtidens arbetskraft","potentialAction":[{"@type":"SearchAction","target":{"@type":"EntryPoint","urlTemplate":"https:\/\/praktiska.se\/norrkoping\/?s={search_term_string}"},"query-input":"required name=search_term_string"}],"inLanguage":"sv-SE"}]}},"_links":{"self":[{"href":"https:\/\/praktiska.se\/norrkoping\/wp-json\/wp\/v2\/pages\/491"}],"collection":[{"href":"https:\/\/praktiska.se\/norrkoping\/wp-json\/wp\/v2\/pages"}],"about":[{"href":"https:\/\/praktiska.se\/norrkoping\/wp-json\/wp\/v2\/types\/page"}],"author":[{"embeddable":true,"href":"https:\/\/praktiska.se\/norrkoping\/wp-json\/wp\/v2\/users\/1"}],"replies":[{"embeddable":true,"href":"https:\/\/praktiska.se\/norrkoping\/wp-json\/wp\/v2\/comments?post=491"}],"version-history":[{"count":10,"href":"https:\/\/praktiska.se\/norrkoping\/wp-json\/wp\/v2\/pages\/491\/revisions"}],"predecessor-version":[{"id":2673,"href":"https:\/\/praktiska.se\/norrkoping\/wp-json\/wp\/v2\/pages\/491\/revisions\/2673"}],"wp:attachment":[{"href":"https:\/\/praktiska.se\/norrkoping\/wp-json\/wp\/v2\/media?parent=491"}],"curies":[{"name":"wp","href":"https:\/\/api.w.org\/{rel}","templated":true}]}}