{"id":429,"date":"2023-03-03T15:42:37","date_gmt":"2023-03-03T14:42:37","guid":{"rendered":"https:\/\/praktiska.se\/norrkoping\/?page_id=429"},"modified":"2023-12-01T09:16:56","modified_gmt":"2023-12-01T08:16:56","slug":"elevhalsa","status":"publish","type":"page","link":"https:\/\/praktiska.se\/norrkoping\/om-praktiska\/elevhalsa\/","title":{"rendered":"Elevh\u00e4lsa"},"content":{"rendered":"\n\t<div class=\"module_wrapper ams_remote_pages_module \">\n\t\t\n\t\n\t\n\t\n\n\t\n\t\n\t\t\n<section  class=\"c-block l-stacked  \" data-color-scheme=\"white\">\n\t<div class=\"ams-fifty ams-fifty--container ams-fifty--left ams-fifty--top l-container u-pt-fluid-3xl-6xl u-pb-fluid-3xl-6xl\">\n\t\t<div class=\"ams-fifty__content l-stack l-stack-xl is-left is-left@lg\">\n\t\t\t<div class=\"ams-fifty__text l-stack l-stack-lg\">\n\t\t\t\t\t\n\t<h1\n\tclass=\"c-heading u-font-title-1 \"\n\tstyle=\"\">\n\t\t\n\t\t\t\t\tElevh\u00e4lsa \n\t\t\t\t\n\t<\/h1>\n\n\t\t\t\t\t\t\t\t\t<div class=\"text l-stack u-font-body\">\n\t\t\t\t\t\t<p><span data-sheets-value=\"{&quot;1&quot;:2,&quot;2&quot;:&quot;P\u00e5 v\u00e5r skola har vi ett elevh\u00e4lsoteam som jobbar aktivt f\u00f6r att alla elever ska m\u00e5 bra och n\u00e5 sina m\u00e5l med sin utbildning. Vi vet att elever som m\u00e5r bra presterar b\u00e4ttre, d\u00e4rf\u00f6r har vi ett elevh\u00e4lsoteam best\u00e5ende av skolsk\u00f6terska, kurator och specialpedagog som finns till f\u00f6r din skull. Under din tid hos oss blir du erbjuden h\u00e4lsosamtal med skolsk\u00f6terskan kring din h\u00e4lsa och v\u00e4lbefinnande. N\u00e4r du pratar med elevh\u00e4lsans personal har de tystnadsplikt vilket inneb\u00e4r att de inte f\u00e5r prata med andra om det du har ber\u00e4ttat. Du ska k\u00e4nna dig trygg med att informationen stannar mellan er om inget annat best\u00e4ms. &quot;}\" data-sheets-userformat=\"{&quot;2&quot;:5027,&quot;3&quot;:{&quot;1&quot;:0},&quot;4&quot;:{&quot;1&quot;:2,&quot;2&quot;:2859403},&quot;8&quot;:{&quot;1&quot;:[{&quot;1&quot;:2,&quot;2&quot;:0,&quot;5&quot;:{&quot;1&quot;:2,&quot;2&quot;:0}},{&quot;1&quot;:0,&quot;2&quot;:0,&quot;3&quot;:3},{&quot;1&quot;:1,&quot;2&quot;:0,&quot;4&quot;:1}]},&quot;10&quot;:0,&quot;11&quot;:4,&quot;12&quot;:0,&quot;15&quot;:&quot;Arial&quot;}\">P\u00e5 v\u00e5r skola har vi ett elevh\u00e4lsoteam som jobbar aktivt f\u00f6r att alla elever ska m\u00e5 bra och n\u00e5 sina m\u00e5l med sin utbildning. Vi vet att elever som m\u00e5r bra presterar b\u00e4ttre, d\u00e4rf\u00f6r har vi ett elevh\u00e4lsoteam best\u00e5ende av skolsk\u00f6terska, kurator och specialpedagog som finns till f\u00f6r din skull. Under din tid hos oss blir du erbjuden h\u00e4lsosamtal med skolsk\u00f6terskan kring din h\u00e4lsa och v\u00e4lbefinnande. N\u00e4r du pratar med elevh\u00e4lsans personal har de tystnadsplikt vilket inneb\u00e4r att de inte f\u00e5r prata med andra om det du har ber\u00e4ttat. Du ska k\u00e4nna dig trygg med att informationen stannar mellan er om inget annat best\u00e4ms. <\/span><\/p>\n\n\t\t\t\t\t<\/div>\n\t\t\t\t\t\t\t<\/div>\n\n\t\t\t\t\t<\/div>\n\n\t\t <div class=\"ams-fifty__media u-ratio-square\">\n\t\t \t\t\t\t\t<img decoding=\"async\" width=\"600\" height=\"400\" src=\"https:\/\/praktiska.se\/wp-content\/uploads\/2023\/11\/praktiskagymnasietelevhalsalinkoping202304-202804-600x400.jpg\" class=\"attachment-md size-md\" alt=\"Tre elever i reflexkl\u00e4der h\u00e5ller om varandra\" sizes=\"(min-width: 64em) 600px, calc(100vw - 160px)\" srcset=\"https:\/\/praktiska.se\/wp-content\/uploads\/2023\/11\/praktiskagymnasietelevhalsalinkoping202304-202804-600x400.jpg 600w, https:\/\/praktiska.se\/wp-content\/uploads\/2023\/11\/praktiskagymnasietelevhalsalinkoping202304-202804-300x200.jpg 300w, https:\/\/praktiska.se\/wp-content\/uploads\/2023\/11\/praktiskagymnasietelevhalsalinkoping202304-202804-400x267.jpg 400w, https:\/\/praktiska.se\/wp-content\/uploads\/2023\/11\/praktiskagymnasietelevhalsalinkoping202304-202804-800x533.jpg 800w, https:\/\/praktiska.se\/wp-content\/uploads\/2023\/11\/praktiskagymnasietelevhalsalinkoping202304-202804-1024x683.jpg 1024w, https:\/\/praktiska.se\/wp-content\/uploads\/2023\/11\/praktiskagymnasietelevhalsalinkoping202304-202804-1200x800.jpg 1200w, https:\/\/praktiska.se\/wp-content\/uploads\/2023\/11\/praktiskagymnasietelevhalsalinkoping202304-202804.jpg 2048w\" \/>\n\t\t\t\n\t\t\t\n\t\t\t\t\t<\/div>\n\t<\/div>\n\n\t\t\n\n<\/section>\n\t<\/div>\n\n\t\n\n\n\n<section  class=\"ams-cta ams-cta--stacked c-block l-stacked\" data-color-scheme=\"gray\">\n\t<div class=\"l-container-narrow l-stack l-stack-fluid-2xl u-pt-fluid-3xl-6xl u-pb-fluid-3xl-6xl is-center is-center@md\">\n\t\t\t\t\t<div class=\"ams-cta__intro l-stack l-stack-lg\">\n\t\t\t\t\t\n\t<h2\n\tclass=\"c-heading u-font-title-1 \"\n\tstyle=\"\">\n\t\t\n\t\t\t\t\tHar du fr\u00e5gor om elevh\u00e4lsa?\n\t\t\t\t\n\t<\/h2>\n\n\t\t\t\t\t\t\t\t\t<div class=\"c-text l-stack u-cs-xl u-font-body\">\n\t\t\t\t\t\t<p><span data-sheets-root=\"1\" data-sheets-value=\"{&quot;1&quot;:2,&quot;2&quot;:&quot;Om du har fr\u00e5gor eller funderingar kring hur vi jobbar med elevh\u00e4lsa p\u00e5 v\u00e5r skola \u00e4r du v\u00e4lkommen p\u00e5 \u00f6ppet hus. D\u00e4r finns personal p\u00e5 plats som kan svara p\u00e5 det du undrar \u00f6ver. Det g\u00e5r s\u00e5klart ocks\u00e5 bra att maila eller ringa oss. &quot;}\" data-sheets-userformat=\"{&quot;2&quot;:4995,&quot;3&quot;:{&quot;1&quot;:0},&quot;4&quot;:{&quot;1&quot;:2,&quot;2&quot;:10797812},&quot;10&quot;:2,&quot;11&quot;:4,&quot;12&quot;:0,&quot;15&quot;:&quot;Helvetica Neue&quot;}\">Om du har fr\u00e5gor eller funderingar kring hur vi jobbar med elevh\u00e4lsa p\u00e5 v\u00e5r skola \u00e4r du v\u00e4lkommen p\u00e5 \u00f6ppet hus. D\u00e4r finns personal p\u00e5 plats som kan svara p\u00e5 det du undrar \u00f6ver. Det g\u00e5r s\u00e5klart ocks\u00e5 bra att maila eller ringa oss. <\/span><\/p>\n\n\t\t\t\t\t<\/div>\n\t\t\t\t\t\t\t<\/div>\n\t\t\n\t\t\n\t\t\t<div class=\"ams-cta__action u-inline-items\">\n\t\t\t\t\t\t\t\n\n\n<a href=\"https:\/\/praktiska.se\/norrkoping\/oppet-hus\/\"\n\t\n\tclass=\"c-btn \"\n\tdata-style=\"round\"\n\tdata-size=\"md\"\n\tdata-width=\"full-mobile\"\n\tdata-variant=\"default\"\n\ttarget=\"_self\">\n\t\t\t<span class=\"label\"> Bes\u00f6k oss p\u00e5 \u00d6ppet hus<\/span>\n\t\t\t<\/a>\n\t\t\t\t\t\t\t\n\n\n<a href=\"https:\/\/praktiska.se\/norrkoping\/kontakt\/#elevhalsa\"\n\t\n\tclass=\"c-btn \"\n\tdata-style=\"round\"\n\tdata-size=\"md\"\n\tdata-width=\"full-mobile\"\n\tdata-variant=\"outline\"\n\ttarget=\"_self\">\n\t\t\t<span class=\"label\"> Kontakta elevh\u00e4lsoteamet<\/span>\n\t\t\t<\/a>\n\t\t\t<\/div>\n\t<\/div>\n\n\t\t\n\n<\/section>\n","protected":false},"excerpt":{"rendered":"","protected":false},"author":1,"featured_media":0,"parent":412,"menu_order":0,"comment_status":"closed","ping_status":"closed","template":"","meta":{"footnotes":""},"yoast_head":"<!-- This site is optimized with the Yoast SEO plugin v22.0 - https:\/\/yoast.com\/wordpress\/plugins\/seo\/ -->\n<title>Elevh\u00e4lsa - Praktiska Gymnasiet Norrk\u00f6ping<\/title>\n<meta name=\"description\" content=\"Elevh\u00e4lsans fr\u00e4msta uppdrag \u00e4r att arbeta h\u00e4lsofr\u00e4mjande och f\u00f6rebyggande f\u00f6r att st\u00f6dja elevernas utveckling och n\u00e5 sina m\u00e5l.\" \/>\n<meta name=\"robots\" content=\"index, follow, max-snippet:-1, max-image-preview:large, max-video-preview:-1\" \/>\n<link rel=\"canonical\" href=\"https:\/\/praktiska.se\/norrkoping\/om-praktiska\/elevhalsa\/\" \/>\n<meta property=\"og:locale\" content=\"sv_SE\" \/>\n<meta property=\"og:type\" content=\"article\" \/>\n<meta property=\"og:title\" content=\"Elevh\u00e4lsa - Praktiska Gymnasiet Norrk\u00f6ping\" \/>\n<meta property=\"og:description\" content=\"Elevh\u00e4lsans fr\u00e4msta uppdrag \u00e4r att arbeta h\u00e4lsofr\u00e4mjande och f\u00f6rebyggande f\u00f6r att st\u00f6dja elevernas utveckling och n\u00e5 sina m\u00e5l.\" \/>\n<meta property=\"og:url\" content=\"https:\/\/praktiska.se\/norrkoping\/om-praktiska\/elevhalsa\/\" \/>\n<meta property=\"og:site_name\" content=\"Norrk\u00f6ping\" \/>\n<meta property=\"article:modified_time\" content=\"2023-12-01T08:16:56+00:00\" \/>\n<meta name=\"twitter:card\" content=\"summary_large_image\" \/>\n<meta name=\"twitter:title\" content=\"Elevh\u00e4lsa - Praktiska Gymnasiet Norrk\u00f6ping\" \/>\n<meta name=\"twitter:description\" content=\"Elevh\u00e4lsans fr\u00e4msta uppdrag \u00e4r att arbeta h\u00e4lsofr\u00e4mjande och f\u00f6rebyggande f\u00f6r att st\u00f6dja elevernas utveckling och n\u00e5 sina m\u00e5l.\" \/>\n<script type=\"application\/ld+json\" class=\"yoast-schema-graph\">{\"@context\":\"https:\/\/schema.org\",\"@graph\":[{\"@type\":\"WebPage\",\"@id\":\"https:\/\/praktiska.se\/norrkoping\/om-praktiska\/elevhalsa\/\",\"url\":\"https:\/\/praktiska.se\/norrkoping\/om-praktiska\/elevhalsa\/\",\"name\":\"Elevh\u00e4lsa - Praktiska Gymnasiet Norrk\u00f6ping\",\"isPartOf\":{\"@id\":\"https:\/\/praktiska.se\/norrkoping\/#website\"},\"datePublished\":\"2023-03-03T14:42:37+00:00\",\"dateModified\":\"2023-12-01T08:16:56+00:00\",\"description\":\"Elevh\u00e4lsans fr\u00e4msta uppdrag \u00e4r att arbeta h\u00e4lsofr\u00e4mjande och f\u00f6rebyggande f\u00f6r att st\u00f6dja elevernas utveckling och n\u00e5 sina m\u00e5l.\",\"breadcrumb\":{\"@id\":\"https:\/\/praktiska.se\/norrkoping\/om-praktiska\/elevhalsa\/#breadcrumb\"},\"inLanguage\":\"sv-SE\",\"potentialAction\":[{\"@type\":\"ReadAction\",\"target\":[\"https:\/\/praktiska.se\/norrkoping\/om-praktiska\/elevhalsa\/\"]}]},{\"@type\":\"BreadcrumbList\",\"@id\":\"https:\/\/praktiska.se\/norrkoping\/om-praktiska\/elevhalsa\/#breadcrumb\",\"itemListElement\":[{\"@type\":\"ListItem\",\"position\":1,\"name\":\"Start\",\"item\":\"https:\/\/praktiska.se\/norrkoping\/\"},{\"@type\":\"ListItem\",\"position\":2,\"name\":\"Om Praktiska\",\"item\":\"https:\/\/praktiska.se\/norrkoping\/om-praktiska\/\"},{\"@type\":\"ListItem\",\"position\":3,\"name\":\"Elevh\u00e4lsa\"}]},{\"@type\":\"WebSite\",\"@id\":\"https:\/\/praktiska.se\/norrkoping\/#website\",\"url\":\"https:\/\/praktiska.se\/norrkoping\/\",\"name\":\"Norrk\u00f6ping\",\"description\":\"Vi utbildar framtidens arbetskraft\",\"potentialAction\":[{\"@type\":\"SearchAction\",\"target\":{\"@type\":\"EntryPoint\",\"urlTemplate\":\"https:\/\/praktiska.se\/norrkoping\/?s={search_term_string}\"},\"query-input\":\"required name=search_term_string\"}],\"inLanguage\":\"sv-SE\"}]}<\/script>\n<!-- \/ Yoast SEO plugin. -->","yoast_head_json":{"title":"Elevh\u00e4lsa - Praktiska Gymnasiet Norrk\u00f6ping","description":"Elevh\u00e4lsans fr\u00e4msta uppdrag \u00e4r att arbeta h\u00e4lsofr\u00e4mjande och f\u00f6rebyggande f\u00f6r att st\u00f6dja elevernas utveckling och n\u00e5 sina m\u00e5l.","robots":{"index":"index","follow":"follow","max-snippet":"max-snippet:-1","max-image-preview":"max-image-preview:large","max-video-preview":"max-video-preview:-1"},"canonical":"https:\/\/praktiska.se\/norrkoping\/om-praktiska\/elevhalsa\/","og_locale":"sv_SE","og_type":"article","og_title":"Elevh\u00e4lsa - Praktiska Gymnasiet Norrk\u00f6ping","og_description":"Elevh\u00e4lsans fr\u00e4msta uppdrag \u00e4r att arbeta h\u00e4lsofr\u00e4mjande och f\u00f6rebyggande f\u00f6r att st\u00f6dja elevernas utveckling och n\u00e5 sina m\u00e5l.","og_url":"https:\/\/praktiska.se\/norrkoping\/om-praktiska\/elevhalsa\/","og_site_name":"Norrk\u00f6ping","article_modified_time":"2023-12-01T08:16:56+00:00","twitter_card":"summary_large_image","twitter_title":"Elevh\u00e4lsa - Praktiska Gymnasiet Norrk\u00f6ping","twitter_description":"Elevh\u00e4lsans fr\u00e4msta uppdrag \u00e4r att arbeta h\u00e4lsofr\u00e4mjande och f\u00f6rebyggande f\u00f6r att st\u00f6dja elevernas utveckling och n\u00e5 sina m\u00e5l.","schema":{"@context":"https:\/\/schema.org","@graph":[{"@type":"WebPage","@id":"https:\/\/praktiska.se\/norrkoping\/om-praktiska\/elevhalsa\/","url":"https:\/\/praktiska.se\/norrkoping\/om-praktiska\/elevhalsa\/","name":"Elevh\u00e4lsa - Praktiska Gymnasiet Norrk\u00f6ping","isPartOf":{"@id":"https:\/\/praktiska.se\/norrkoping\/#website"},"datePublished":"2023-03-03T14:42:37+00:00","dateModified":"2023-12-01T08:16:56+00:00","description":"Elevh\u00e4lsans fr\u00e4msta uppdrag \u00e4r att arbeta h\u00e4lsofr\u00e4mjande och f\u00f6rebyggande f\u00f6r att st\u00f6dja elevernas utveckling och n\u00e5 sina m\u00e5l.","breadcrumb":{"@id":"https:\/\/praktiska.se\/norrkoping\/om-praktiska\/elevhalsa\/#breadcrumb"},"inLanguage":"sv-SE","potentialAction":[{"@type":"ReadAction","target":["https:\/\/praktiska.se\/norrkoping\/om-praktiska\/elevhalsa\/"]}]},{"@type":"BreadcrumbList","@id":"https:\/\/praktiska.se\/norrkoping\/om-praktiska\/elevhalsa\/#breadcrumb","itemListElement":[{"@type":"ListItem","position":1,"name":"Start","item":"https:\/\/praktiska.se\/norrkoping\/"},{"@type":"ListItem","position":2,"name":"Om Praktiska","item":"https:\/\/praktiska.se\/norrkoping\/om-praktiska\/"},{"@type":"ListItem","position":3,"name":"Elevh\u00e4lsa"}]},{"@type":"WebSite","@id":"https:\/\/praktiska.se\/norrkoping\/#website","url":"https:\/\/praktiska.se\/norrkoping\/","name":"Norrk\u00f6ping","description":"Vi utbildar framtidens arbetskraft","potentialAction":[{"@type":"SearchAction","target":{"@type":"EntryPoint","urlTemplate":"https:\/\/praktiska.se\/norrkoping\/?s={search_term_string}"},"query-input":"required name=search_term_string"}],"inLanguage":"sv-SE"}]}},"_links":{"self":[{"href":"https:\/\/praktiska.se\/norrkoping\/wp-json\/wp\/v2\/pages\/429"}],"collection":[{"href":"https:\/\/praktiska.se\/norrkoping\/wp-json\/wp\/v2\/pages"}],"about":[{"href":"https:\/\/praktiska.se\/norrkoping\/wp-json\/wp\/v2\/types\/page"}],"author":[{"embeddable":true,"href":"https:\/\/praktiska.se\/norrkoping\/wp-json\/wp\/v2\/users\/1"}],"replies":[{"embeddable":true,"href":"https:\/\/praktiska.se\/norrkoping\/wp-json\/wp\/v2\/comments?post=429"}],"version-history":[{"count":10,"href":"https:\/\/praktiska.se\/norrkoping\/wp-json\/wp\/v2\/pages\/429\/revisions"}],"predecessor-version":[{"id":2649,"href":"https:\/\/praktiska.se\/norrkoping\/wp-json\/wp\/v2\/pages\/429\/revisions\/2649"}],"up":[{"embeddable":true,"href":"https:\/\/praktiska.se\/norrkoping\/wp-json\/wp\/v2\/pages\/412"}],"wp:attachment":[{"href":"https:\/\/praktiska.se\/norrkoping\/wp-json\/wp\/v2\/media?parent=429"}],"curies":[{"name":"wp","href":"https:\/\/api.w.org\/{rel}","templated":true}]}}