{"id":136,"date":"2023-02-14T12:42:33","date_gmt":"2023-02-14T11:42:33","guid":{"rendered":"https:\/\/praktiska.se\/norrkoping\/?page_id=136"},"modified":"2024-02-26T09:38:09","modified_gmt":"2024-02-26T08:38:09","slug":"synpunkter-pa-verksamheten","status":"publish","type":"page","link":"https:\/\/praktiska.se\/norrkoping\/vart-kvalitetsarbete\/synpunkter-pa-verksamheten\/","title":{"rendered":"Synpunkter p\u00e5 verksamheten"},"content":{"rendered":"\n<section \n\t\t class=\"\n\t\t ams-contact\n\t\t \n\t\t c-block l-stacked\n\t\t \n\t\t \n\t\t js-load-more\n\t\t \"\n\t\t data-color-scheme=\"orange\"\n\t\t\t\t\tdata-count=\"3\"\n\t\t\t\t\t\t\tdata-count-mobile=\"2\"\n\t\t\t\t>\n\t<div\n\t\t class=\"\n\t\t l-container\n\t\t l-stack l-stack-fluid-2xl\n\t\t u-pt-fluid-3xl-6xl\n\t\t u-pb-fluid-3xl-6xl\n\t\t is-center\n\t\t is-center@md\n\t\t \">\n\t\t\t\t\t<div class=\"ams-contact__intro l-stack l-stack-lg\">\n\t\t\t\t\t\n\t<h1\n\tclass=\"c-heading u-font-title-1 \"\n\tstyle=\"\">\n\t\t\n\t\t\t\t\tKontakta skolan f\u00f6rst \n\t\t\t\t\n\t<\/h1>\n\n\t\t\t\t\t\t\t\t\t<div class=\"c-text l-stack u-cs-xl u-font-body\">\n\t\t\t\t\t\t<p><span data-sheets-root=\"1\" data-sheets-value=\"{&quot;1&quot;:2,&quot;2&quot;:&quot;Vi vill att v\u00e5r skola ska vara s\u00e5 bra som m\u00f6jligt f\u00f6r alla! V\u00e5rt m\u00e5l \u00e4r att erbjuda en h\u00f6g och god kvalitet i alla v\u00e5ra verksamheter. D\u00e4rf\u00f6r \u00e4r det viktigt att vi f\u00e5r information om eventuella brister, s\u00e5 att vi i dialog med dig kan f\u00f6rb\u00e4ttra och utveckla verksamheten. Har du synpunkter p\u00e5 v\u00e5r verksamt b\u00f6rjar du alltid med att kontakta skolan. &quot;}\" data-sheets-userformat=\"{&quot;2&quot;:929,&quot;3&quot;:{&quot;1&quot;:0},&quot;8&quot;:{&quot;1&quot;:[{&quot;1&quot;:2,&quot;2&quot;:0,&quot;5&quot;:{&quot;1&quot;:2,&quot;2&quot;:0}},{&quot;1&quot;:0,&quot;2&quot;:0,&quot;3&quot;:3},{&quot;1&quot;:1,&quot;2&quot;:0,&quot;4&quot;:1}]},&quot;10&quot;:0,&quot;11&quot;:4,&quot;12&quot;:0}\">Vi vill att v\u00e5r skola ska vara s\u00e5 bra som m\u00f6jligt f\u00f6r alla! V\u00e5rt m\u00e5l \u00e4r att erbjuda en h\u00f6g och god kvalitet i alla v\u00e5ra verksamheter. D\u00e4rf\u00f6r \u00e4r det viktigt att vi f\u00e5r information om eventuella brister, s\u00e5 att vi i dialog med dig kan f\u00f6rb\u00e4ttra och utveckla verksamheten. Har du synpunkter p\u00e5 v\u00e5r verksamhet b\u00f6rjar du alltid med att kontakta skolan. <\/span><\/p>\n\n\t\t\t\t\t<\/div>\n\t\t\t\t\t\t\t<\/div>\n\t\t\n\t\t\n\t\t    \t\n\t\t\n\t\t<ul\n\t\t\tid=\"contact-grid-69e20fa2ea391\"\n\t\t\tclass=\"ams-contact__list l-grid u-gap-fluid-2xl-4xl u-justify-center js-results \"\n\t\t\taria-label=\"Kontakter\"\n\t\t\tdata-filter-animation=\"off\"\n\t\t\t>\n\t\t\t\t\t\t\t\t\t\t\t\n\t\t\t\t\n\t\t\t\t<li class=\"l-col-12 \" data-filter=\"ledning\">\n\t\t\t\t\t<article class=\"c-card u-justify-center\" data-variant=\"inline\">\n\t\t\t\t\t\t<div class=\"c-card__content u-flex-basis-auto u-flex-grow-0 u-text-center@mobile\">\n\t\t\t\t\t\t\t\t\t\t\t\t\t\t\t<h2 class=\"c-card__title u-font-title-3\">\n\t\t\t\t\t\t\t\t\tPeter Warma\n\t\t\t\t\t\t\t\t<\/h2>\n\t\t\t\t\t\t\t\n\t\t\t\t\t\t\t\t\t\t\t\t\t\t\t<p class=\"position u-font-body\">Rektor<\/p>\n\t\t\t\t\t\t\t\n\t\t\t\t\t\t\t\t\t\t\t\t\t\t\t<div class=\"contact-info u-font-body\">\n\t\t\t\t\t\t\t\t\t\t\t\t\t\t\t\t\t\t\t\t\t\t\t\t\t\t\t\t\t\t<p class=\"phone\"><a\n\t\t\t\t\t\t\t\t\t\t\t\t\thref=\"tel:0761037645\"\n\t\t\t\t\t\t\t\t\t\t\t\t\tclass=\"u-text-link\">076-103 76 45<\/a>\n\t\t\t\t\t\t\t\t\t\t\t<\/p>\n\t\t\t\t\t\t\t\t\t\t\t\t\t\t\t\t\t\t\t\n\t\t\t\t\t\t\t\t\t\t\t\t\t\t\t\t\t\t\t\t\t\t\t\t\t\t\t\t\t\t<p class=\"email\"><a\n\t\t\t\t\t\t\t\t\t\t\t\t\thref=\"&#109;a&#105;lt&#111;:peter.&#119;ar&#109;&#097;&#064;&#112;ra&#107;tis&#107;a.se\"\n\t\t\t\t\t\t\t\t\t\t\t\t\tclass=\"u-text-link\">p&#101;&#116;&#101;&#114;.wa&#114;ma&#064;&#112;&#114;a&#107;t&#105;&#115;&#107;&#097;.&#115;e<\/a>\n\t\t\t\t\t\t\t\t\t\t\t<\/p>\n\t\t\t\t\t\t\t\t\t\t\t\t\t\t\t\t\t\t\t\t\t\t\t\t\t\t\t<\/div>\n\t\t\t\t\t\t\t\n\t\t\t\t\t\t\t\t\t\t\t\t\t<\/div>\n\t\t\t\t\t\t<div class=\"c-card__media\">\n\t\t\t\t\t\t\t\t\t\t\t\t\t\t\t\t\t\t\t\t\t\t\t\t\t\t\t\t\t\t\t\t\t\t\t\t\t\t\t\t\t\t\t\t\t\t\t\t\t<img decoding=\"async\" width=\"300\" height=\"243\" src=\"https:\/\/praktiska.se\/wp-content\/uploads\/sites\/27\/2023\/12\/peter-varma.jpeg\" class=\"u-radius-round u-ratio-landscape  \" alt=\"Personportr\u00e4tt\" sizes=\"(max-width: 300px) 100vw, 300px\" \/>\n\t\t\t\t\t\t<\/div>\n\t\t\t\t\t<\/article>\n\t\t\t\t<\/li>\n\t\t\t\t\t<\/ul>\n\n\t\t\n\t\t    <div class=\"ams-contact__more u-inline-items js-load-more-btn\">\n        <button href=\"#\"\n                class=\"c-btn\"\n                data-style=\"round\"\n                data-size=\"md\"\n                data-width=\"full-mobile\"\n                data-variant=\"outline\">\n        \tVisa mer\n        <\/button>\n    <\/div>\n\n\t\t\t<\/div>\n\n\t\t\n\n<\/section>\n\n\n\n\t<div class=\"module_wrapper ams_remote_pages_module \">\n\t\t\n\n<section  class=\"ams-timeline c-block l-stacked\" data-color-scheme=\"timeline\">\n\t<div class=\"l-container-narrow l-stack l-stack-fluid-2xl u-pt-fluid-3xl-6xl u-pb-fluid-md-xl is-center is-center@md\">\n\t\t\t\t\t<div class=\"ams-timeline__intro l-stack l-stack-lg\">\n\t\t\t\t\t\n\t<h2\n\tclass=\"c-heading u-font-title-1 \"\n\tstyle=\"\">\n\t\t\n\t\t\t\t\tS\u00e5 g\u00e5r det till\n\t\t\t\t\n\t<\/h2>\n\n\t\t\t\t\t\t\t<\/div>\n\t\t\n\t\t\t\t\t\n<ol class=\"c-steps\" data-variant=\"vertical\" data-size=\"md\" data-columns=\"1\">\n\t\t\t<li class=\"c-steps__item\"\n\t\t\t\n\t\t>\n\t\t\t<div class=\"c-steps__circle u-radius-round\">\n\t\t\t\t\t\t\t\t\t<span class=\"c-steps__number\">1<\/span>\n\t\t\t\t\t\t\t<\/div>\n\n\t\t\t\t\t\t\t<div class=\"c-steps__content l-stack-xs\">\n\t\t\t\t\t\t\t\t\t\t\t<h3 class=\"c-steps__title u-font-title-3\">\n\t\t\t\t\t\t\t\t\t\t\t\t\t\t\tPrata med skolan f\u00f6rst\n\t\t\t\t\t\t\t\t\t\t\t\t\t<\/h3>\n\t\t\t\t\t\n\t\t\t\t\t\t\t\t\t\t\t<div class=\"c-steps__text l-stack-sm u-font-body\">\n\t\t\t\t\t\t\t<p><span data-sheets-root=\"1\" data-sheets-value=\"{&quot;1&quot;:2,&quot;2&quot;:&quot;Prata med skolan f\u00f6rst - I f\u00f6rsta hand b\u00f6r du som har synpunkter eller klagom\u00e5l p\u00e5 verksamheten v\u00e4nda dig till aktuell skolpersonal. Om du inte f\u00e5r hj\u00e4lp av personal p\u00e5 skolan b\u00f6r du som n\u00e4sta steg kontakta rektorn. Synpunkter och klagom\u00e5l kan l\u00e4mnas skriftligt, muntligt eller via bes\u00f6k.\\n\\n\\n&quot;}\" data-sheets-userformat=\"{&quot;2&quot;:801,&quot;3&quot;:{&quot;1&quot;:0},&quot;8&quot;:{&quot;1&quot;:[{&quot;1&quot;:2,&quot;2&quot;:0,&quot;5&quot;:{&quot;1&quot;:2,&quot;2&quot;:0}},{&quot;1&quot;:0,&quot;2&quot;:0,&quot;3&quot;:3},{&quot;1&quot;:1,&quot;2&quot;:0,&quot;4&quot;:1}]},&quot;11&quot;:4,&quot;12&quot;:0}\" data-sheets-textstyleruns=\"{&quot;1&quot;:0,&quot;2&quot;:{&quot;5&quot;:1}}\uee10{&quot;1&quot;:25}\uee10{&quot;1&quot;:288,&quot;2&quot;:{&quot;5&quot;:1}}\uee10{&quot;1&quot;:290}\">I f\u00f6rsta hand b\u00f6r du som har synpunkter eller klagom\u00e5l p\u00e5 verksamheten v\u00e4nda dig till aktuell skolpersonal. Om du inte f\u00e5r hj\u00e4lp av personal p\u00e5 skolan b\u00f6r du som n\u00e4sta steg kontakta rektorn. Synpunkter och klagom\u00e5l kan l\u00e4mnas skriftligt, muntligt eller via bes\u00f6k.<br \/>\n<\/span><\/p>\n\n\t\t\t\t\t\t<\/div>\n\t\t\t\t\t\t\t\t\t<\/div>\n\t\t\t\t\t<\/li>\n\t\t\t<li class=\"c-steps__item\"\n\t\t\t\n\t\t>\n\t\t\t<div class=\"c-steps__circle u-radius-round\">\n\t\t\t\t\t\t\t\t\t<span class=\"c-steps__number\">2<\/span>\n\t\t\t\t\t\t\t<\/div>\n\n\t\t\t\t\t\t\t<div class=\"c-steps__content l-stack-xs\">\n\t\t\t\t\t\t\t\t\t\t\t<h3 class=\"c-steps__title u-font-title-3\">\n\t\t\t\t\t\t\t\t\t\t\t\t\t\t\tKontakta rektor\n\t\t\t\t\t\t\t\t\t\t\t\t\t<\/h3>\n\t\t\t\t\t\n\t\t\t\t\t\t\t\t\t\t\t<div class=\"c-steps__text l-stack-sm u-font-body\">\n\t\t\t\t\t\t\t<p><span data-sheets-root=\"1\" data-sheets-value=\"{&quot;1&quot;:2,&quot;2&quot;:&quot;Kontakta rektor - Om s\u00e5 kr\u00e4vs kan du i n\u00e4sta steg kontakta rektorn p\u00e5 den aktuella skolan. &quot;}\" data-sheets-userformat=\"{&quot;2&quot;:801,&quot;3&quot;:{&quot;1&quot;:0},&quot;8&quot;:{&quot;1&quot;:[{&quot;1&quot;:2,&quot;2&quot;:0,&quot;5&quot;:{&quot;1&quot;:2,&quot;2&quot;:0}},{&quot;1&quot;:0,&quot;2&quot;:0,&quot;3&quot;:3},{&quot;1&quot;:1,&quot;2&quot;:0,&quot;4&quot;:1}]},&quot;11&quot;:4,&quot;12&quot;:0}\" data-sheets-textstyleruns=\"{&quot;1&quot;:0,&quot;2&quot;:{&quot;5&quot;:1}}\uee10{&quot;1&quot;:16}\">Om s\u00e5 kr\u00e4vs kan du i n\u00e4sta steg kontakta rektorn p\u00e5 den aktuella skolan.<\/span><\/p>\n\n\t\t\t\t\t\t<\/div>\n\t\t\t\t\t\t\t\t\t<\/div>\n\t\t\t\t\t<\/li>\n\t\t\t<li class=\"c-steps__item\"\n\t\t\t\n\t\t>\n\t\t\t<div class=\"c-steps__circle u-radius-round\">\n\t\t\t\t\t\t\t\t\t<span class=\"c-steps__number\">3<\/span>\n\t\t\t\t\t\t\t<\/div>\n\n\t\t\t\t\t\t\t<div class=\"c-steps__content l-stack-xs\">\n\t\t\t\t\t\t\t\t\t\t\t<h3 class=\"c-steps__title u-font-title-3\">\n\t\t\t\t\t\t\t\t\t\t\t\t\t\t\tKontakta huvudman\n\t\t\t\t\t\t\t\t\t\t\t\t\t<\/h3>\n\t\t\t\t\t\n\t\t\t\t\t\t\t\t\t\t\t<div class=\"c-steps__text l-stack-sm u-font-body\">\n\t\t\t\t\t\t\t<p><span data-sheets-root=\"1\" data-sheets-value=\"{&quot;1&quot;:2,&quot;2&quot;:&quot;Kontakta huvudman - Enligt 4 kap. 8 \u00a7 skollagen (2010:800) ska huvudmannen ha skriftliga rutiner f\u00f6r att ta emot och utreda klagom\u00e5l mot utbildningen. Om du fortfarande inte \u00e4r n\u00f6jd kan du v\u00e4nda dig till skolans huvudman, som \u00e4r niv\u00e5n \u00f6ver rektor.&quot;}\" data-sheets-userformat=\"{&quot;2&quot;:801,&quot;3&quot;:{&quot;1&quot;:0},&quot;8&quot;:{&quot;1&quot;:[{&quot;1&quot;:2,&quot;2&quot;:0,&quot;5&quot;:{&quot;1&quot;:2,&quot;2&quot;:0}},{&quot;1&quot;:0,&quot;2&quot;:0,&quot;3&quot;:3},{&quot;1&quot;:1,&quot;2&quot;:0,&quot;4&quot;:1}]},&quot;11&quot;:4,&quot;12&quot;:0}\" data-sheets-textstyleruns=\"{&quot;1&quot;:0,&quot;2&quot;:{&quot;5&quot;:1}}\uee10{&quot;1&quot;:18}\">Enligt 4 kap. 8 \u00a7 skollagen (2010:800) ska huvudmannen ha skriftliga rutiner f\u00f6r att ta emot och utreda klagom\u00e5l mot utbildningen. Om du fortfarande inte \u00e4r n\u00f6jd kan du v\u00e4nda dig till skolans huvudman, som \u00e4r niv\u00e5n \u00f6ver rektor.<\/span><\/p>\n\n\t\t\t\t\t\t<\/div>\n\t\t\t\t\t\t\t\t\t<\/div>\n\t\t\t\t\t<\/li>\n\t<\/ol>\n\t\n\t\t\t<\/div>\n\n\t\t\n\n<\/section>\n\t<\/div>\n\n\t\n\n\n\n<section  class=\"ams-cta ams-cta--stacked c-block l-stacked\" data-color-scheme=\"white\">\n\t<div class=\"l-container-narrow l-stack l-stack-fluid-2xl u-pt-fluid-None u-pb-fluid-3xl-6xl is-center is-center@md\">\n\t\t\n\t\t\n\t\t\t<div class=\"ams-cta__action u-inline-items\">\n\t\t\t\t\t\t\t\n\n\n<a href=\"https:\/\/praktiska.se\/vart-kvalitetsarbete\/lamna-synpunkter\/\"\n\t\n\tclass=\"c-btn \"\n\tdata-style=\"round\"\n\tdata-size=\"md\"\n\tdata-width=\"full-mobile\"\n\tdata-variant=\"default\"\n\ttarget=\"_blank\">\n\t\t\t<span class=\"label\"> Till formul\u00e4ret f\u00f6r synpunkter<\/span>\n\t\t\t\t\t<i class=\"fa fa-external-link\" data-icon><\/i>\n\t\t\t<\/a>\n\t\t\t<\/div>\n\t<\/div>\n\n\t\t\n\n<\/section>\n","protected":false},"excerpt":{"rendered":"","protected":false},"author":1,"featured_media":0,"parent":491,"menu_order":0,"comment_status":"closed","ping_status":"closed","template":"","meta":{"footnotes":""},"yoast_head":"<!-- This site is optimized with the Yoast SEO plugin v22.0 - https:\/\/yoast.com\/wordpress\/plugins\/seo\/ -->\n<title>Synpunkter p\u00e5 verksamheten - Praktiska Gymnasiet Norrk\u00f6ping<\/title>\n<meta name=\"description\" content=\"Vi vill att v\u00e5r skola ska vara s\u00e5 bra som m\u00f6jligt f\u00f6r alla! D\u00e4rf\u00f6r \u00e4r det viktigt att vi f\u00e5r information om eventuella brister.\" \/>\n<meta name=\"robots\" content=\"index, follow, max-snippet:-1, max-image-preview:large, max-video-preview:-1\" \/>\n<link rel=\"canonical\" href=\"https:\/\/praktiska.se\/norrkoping\/vart-kvalitetsarbete\/synpunkter-pa-verksamheten\/\" \/>\n<meta property=\"og:locale\" content=\"sv_SE\" \/>\n<meta property=\"og:type\" content=\"article\" \/>\n<meta property=\"og:title\" content=\"Synpunkter p\u00e5 verksamheten - Praktiska Gymnasiet Norrk\u00f6ping\" \/>\n<meta property=\"og:description\" content=\"Vi vill att v\u00e5r skola ska vara s\u00e5 bra som m\u00f6jligt f\u00f6r alla! D\u00e4rf\u00f6r \u00e4r det viktigt att vi f\u00e5r information om eventuella brister.\" \/>\n<meta property=\"og:url\" content=\"https:\/\/praktiska.se\/norrkoping\/vart-kvalitetsarbete\/synpunkter-pa-verksamheten\/\" \/>\n<meta property=\"og:site_name\" content=\"Norrk\u00f6ping\" \/>\n<meta property=\"article:modified_time\" content=\"2024-02-26T08:38:09+00:00\" \/>\n<meta name=\"twitter:card\" content=\"summary_large_image\" \/>\n<meta name=\"twitter:title\" content=\"Synpunkter p\u00e5 verksamheten - Praktiska Gymnasiet Norrk\u00f6ping\" \/>\n<meta name=\"twitter:description\" content=\"Vi vill att v\u00e5r skola ska vara s\u00e5 bra som m\u00f6jligt f\u00f6r alla! D\u00e4rf\u00f6r \u00e4r det viktigt att vi f\u00e5r information om eventuella brister.\" \/>\n<script type=\"application\/ld+json\" class=\"yoast-schema-graph\">{\"@context\":\"https:\/\/schema.org\",\"@graph\":[{\"@type\":\"WebPage\",\"@id\":\"https:\/\/praktiska.se\/norrkoping\/vart-kvalitetsarbete\/synpunkter-pa-verksamheten\/\",\"url\":\"https:\/\/praktiska.se\/norrkoping\/vart-kvalitetsarbete\/synpunkter-pa-verksamheten\/\",\"name\":\"Synpunkter p\u00e5 verksamheten - Praktiska Gymnasiet Norrk\u00f6ping\",\"isPartOf\":{\"@id\":\"https:\/\/praktiska.se\/norrkoping\/#website\"},\"datePublished\":\"2023-02-14T11:42:33+00:00\",\"dateModified\":\"2024-02-26T08:38:09+00:00\",\"description\":\"Vi vill att v\u00e5r skola ska vara s\u00e5 bra som m\u00f6jligt f\u00f6r alla! D\u00e4rf\u00f6r \u00e4r det viktigt att vi f\u00e5r information om eventuella brister.\",\"breadcrumb\":{\"@id\":\"https:\/\/praktiska.se\/norrkoping\/vart-kvalitetsarbete\/synpunkter-pa-verksamheten\/#breadcrumb\"},\"inLanguage\":\"sv-SE\",\"potentialAction\":[{\"@type\":\"ReadAction\",\"target\":[\"https:\/\/praktiska.se\/norrkoping\/vart-kvalitetsarbete\/synpunkter-pa-verksamheten\/\"]}]},{\"@type\":\"BreadcrumbList\",\"@id\":\"https:\/\/praktiska.se\/norrkoping\/vart-kvalitetsarbete\/synpunkter-pa-verksamheten\/#breadcrumb\",\"itemListElement\":[{\"@type\":\"ListItem\",\"position\":1,\"name\":\"Start\",\"item\":\"https:\/\/praktiska.se\/norrkoping\/\"},{\"@type\":\"ListItem\",\"position\":2,\"name\":\"V\u00e5rt kvalitetsarbete\",\"item\":\"https:\/\/praktiska.se\/norrkoping\/vart-kvalitetsarbete\/\"},{\"@type\":\"ListItem\",\"position\":3,\"name\":\"Synpunkter p\u00e5 verksamheten\"}]},{\"@type\":\"WebSite\",\"@id\":\"https:\/\/praktiska.se\/norrkoping\/#website\",\"url\":\"https:\/\/praktiska.se\/norrkoping\/\",\"name\":\"Norrk\u00f6ping\",\"description\":\"Vi utbildar framtidens arbetskraft\",\"potentialAction\":[{\"@type\":\"SearchAction\",\"target\":{\"@type\":\"EntryPoint\",\"urlTemplate\":\"https:\/\/praktiska.se\/norrkoping\/?s={search_term_string}\"},\"query-input\":\"required name=search_term_string\"}],\"inLanguage\":\"sv-SE\"}]}<\/script>\n<!-- \/ Yoast SEO plugin. -->","yoast_head_json":{"title":"Synpunkter p\u00e5 verksamheten - Praktiska Gymnasiet Norrk\u00f6ping","description":"Vi vill att v\u00e5r skola ska vara s\u00e5 bra som m\u00f6jligt f\u00f6r alla! D\u00e4rf\u00f6r \u00e4r det viktigt att vi f\u00e5r information om eventuella brister.","robots":{"index":"index","follow":"follow","max-snippet":"max-snippet:-1","max-image-preview":"max-image-preview:large","max-video-preview":"max-video-preview:-1"},"canonical":"https:\/\/praktiska.se\/norrkoping\/vart-kvalitetsarbete\/synpunkter-pa-verksamheten\/","og_locale":"sv_SE","og_type":"article","og_title":"Synpunkter p\u00e5 verksamheten - Praktiska Gymnasiet Norrk\u00f6ping","og_description":"Vi vill att v\u00e5r skola ska vara s\u00e5 bra som m\u00f6jligt f\u00f6r alla! D\u00e4rf\u00f6r \u00e4r det viktigt att vi f\u00e5r information om eventuella brister.","og_url":"https:\/\/praktiska.se\/norrkoping\/vart-kvalitetsarbete\/synpunkter-pa-verksamheten\/","og_site_name":"Norrk\u00f6ping","article_modified_time":"2024-02-26T08:38:09+00:00","twitter_card":"summary_large_image","twitter_title":"Synpunkter p\u00e5 verksamheten - Praktiska Gymnasiet Norrk\u00f6ping","twitter_description":"Vi vill att v\u00e5r skola ska vara s\u00e5 bra som m\u00f6jligt f\u00f6r alla! D\u00e4rf\u00f6r \u00e4r det viktigt att vi f\u00e5r information om eventuella brister.","schema":{"@context":"https:\/\/schema.org","@graph":[{"@type":"WebPage","@id":"https:\/\/praktiska.se\/norrkoping\/vart-kvalitetsarbete\/synpunkter-pa-verksamheten\/","url":"https:\/\/praktiska.se\/norrkoping\/vart-kvalitetsarbete\/synpunkter-pa-verksamheten\/","name":"Synpunkter p\u00e5 verksamheten - Praktiska Gymnasiet Norrk\u00f6ping","isPartOf":{"@id":"https:\/\/praktiska.se\/norrkoping\/#website"},"datePublished":"2023-02-14T11:42:33+00:00","dateModified":"2024-02-26T08:38:09+00:00","description":"Vi vill att v\u00e5r skola ska vara s\u00e5 bra som m\u00f6jligt f\u00f6r alla! D\u00e4rf\u00f6r \u00e4r det viktigt att vi f\u00e5r information om eventuella brister.","breadcrumb":{"@id":"https:\/\/praktiska.se\/norrkoping\/vart-kvalitetsarbete\/synpunkter-pa-verksamheten\/#breadcrumb"},"inLanguage":"sv-SE","potentialAction":[{"@type":"ReadAction","target":["https:\/\/praktiska.se\/norrkoping\/vart-kvalitetsarbete\/synpunkter-pa-verksamheten\/"]}]},{"@type":"BreadcrumbList","@id":"https:\/\/praktiska.se\/norrkoping\/vart-kvalitetsarbete\/synpunkter-pa-verksamheten\/#breadcrumb","itemListElement":[{"@type":"ListItem","position":1,"name":"Start","item":"https:\/\/praktiska.se\/norrkoping\/"},{"@type":"ListItem","position":2,"name":"V\u00e5rt kvalitetsarbete","item":"https:\/\/praktiska.se\/norrkoping\/vart-kvalitetsarbete\/"},{"@type":"ListItem","position":3,"name":"Synpunkter p\u00e5 verksamheten"}]},{"@type":"WebSite","@id":"https:\/\/praktiska.se\/norrkoping\/#website","url":"https:\/\/praktiska.se\/norrkoping\/","name":"Norrk\u00f6ping","description":"Vi utbildar framtidens arbetskraft","potentialAction":[{"@type":"SearchAction","target":{"@type":"EntryPoint","urlTemplate":"https:\/\/praktiska.se\/norrkoping\/?s={search_term_string}"},"query-input":"required name=search_term_string"}],"inLanguage":"sv-SE"}]}},"_links":{"self":[{"href":"https:\/\/praktiska.se\/norrkoping\/wp-json\/wp\/v2\/pages\/136"}],"collection":[{"href":"https:\/\/praktiska.se\/norrkoping\/wp-json\/wp\/v2\/pages"}],"about":[{"href":"https:\/\/praktiska.se\/norrkoping\/wp-json\/wp\/v2\/types\/page"}],"author":[{"embeddable":true,"href":"https:\/\/praktiska.se\/norrkoping\/wp-json\/wp\/v2\/users\/1"}],"replies":[{"embeddable":true,"href":"https:\/\/praktiska.se\/norrkoping\/wp-json\/wp\/v2\/comments?post=136"}],"version-history":[{"count":10,"href":"https:\/\/praktiska.se\/norrkoping\/wp-json\/wp\/v2\/pages\/136\/revisions"}],"predecessor-version":[{"id":2909,"href":"https:\/\/praktiska.se\/norrkoping\/wp-json\/wp\/v2\/pages\/136\/revisions\/2909"}],"up":[{"embeddable":true,"href":"https:\/\/praktiska.se\/norrkoping\/wp-json\/wp\/v2\/pages\/491"}],"wp:attachment":[{"href":"https:\/\/praktiska.se\/norrkoping\/wp-json\/wp\/v2\/media?parent=136"}],"curies":[{"name":"wp","href":"https:\/\/api.w.org\/{rel}","templated":true}]}}