{"id":2015,"date":"2023-11-13T11:54:11","date_gmt":"2023-11-13T10:54:11","guid":{"rendered":"https:\/\/praktiska.se\/malmo-city\/?page_id=2015"},"modified":"2025-07-02T10:04:08","modified_gmt":"2025-07-02T08:04:08","slug":"apl","status":"publish","type":"page","link":"https:\/\/praktiska.se\/malmo-city\/om-praktiska\/apl\/","title":{"rendered":"Apl och L\u00e4rling"},"content":{"rendered":"\n\t\n\t\n\t\n\t\n\t\n\n<section \n\tclass=\"ams-hero ams-hero--classic ams-hero--75 c-block l-stacked  \"\n\tdata-color-scheme=\"hero\"\n\tstyle=\"\">\n\t<div class=\"ams-hero__container u-items-start u-justify-center\">\n\t\t<div\n\t\t\tclass=\"ams-hero__content l-stack l-stack-xl is-left is-left@md\" >\n\t\t\t<div class=\"l-stack l-stack-lg\">\n\t\t\t\t\t\n\t<h1\n\tclass=\"c-heading u-font-huge \"\n\tstyle=\"\">\n\t\t\n\t\t\t\t\tPraktik (apl)\n\t\t\t\t\n\t<\/h1>\n\n\t\t\t\t\t\t\t\t\t<div class=\"text l-stack u-font-body\">\n\t\t\t\t\t\t<p>Alla som l\u00e4ser ett yrkesprogram p\u00e5 gymnasiet har minst 15 veckors praktik (apl) ute p\u00e5 ett f\u00f6retag. P\u00e5 den h\u00e4r sidan kan du l\u00e4ra dig mer om apl och hur det fungerar hos oss.<\/p>\n\n\t\t\t\t\t<\/div>\n\t\t\t\t\t\t\t<\/div>\n\n\t\t\t\t\t<\/div>\n\t<\/div>\n\n\t\n\t\t\t\n\t\t\t\t\t\t\t\n\t\t\t\t<div class=\"c-bg c-bg--img\" data-settings=\"{&quot;desktop_settings&quot;:{&quot;size&quot;:&quot;cover&quot;,&quot;position&quot;:&quot;top-center&quot;},&quot;mobile_settings&quot;:{&quot;size&quot;:&quot;cover&quot;,&quot;position&quot;:&quot;top-center&quot;}}\" data-position=\"middle-center\" data-size=\"cover\">\n\t\t\t<img decoding=\"async\" width=\"1200\" height=\"800\" src=\"https:\/\/praktiska.se\/wp-content\/uploads\/sites\/22\/2023\/11\/praktiskagymnasietapl-och-larlingnorrkoping202304-202804-1200x800.jpg\" class=\"attachment-xxl size-xxl\" alt=\"Tv\u00e5 elever under en lektion inom elteknik\" sizes=\"(max-width: 1200px) 100vw, 1200px\" srcset=\"https:\/\/praktiska.se\/wp-content\/uploads\/sites\/22\/2023\/11\/praktiskagymnasietapl-och-larlingnorrkoping202304-202804-1200x800.jpg 1200w, https:\/\/praktiska.se\/wp-content\/uploads\/sites\/22\/2023\/11\/praktiskagymnasietapl-och-larlingnorrkoping202304-202804-300x200.jpg 300w, https:\/\/praktiska.se\/wp-content\/uploads\/sites\/22\/2023\/11\/praktiskagymnasietapl-och-larlingnorrkoping202304-202804-400x267.jpg 400w, https:\/\/praktiska.se\/wp-content\/uploads\/sites\/22\/2023\/11\/praktiskagymnasietapl-och-larlingnorrkoping202304-202804-600x400.jpg 600w, https:\/\/praktiska.se\/wp-content\/uploads\/sites\/22\/2023\/11\/praktiskagymnasietapl-och-larlingnorrkoping202304-202804-800x533.jpg 800w, https:\/\/praktiska.se\/wp-content\/uploads\/sites\/22\/2023\/11\/praktiskagymnasietapl-och-larlingnorrkoping202304-202804-1024x683.jpg 1024w, https:\/\/praktiska.se\/wp-content\/uploads\/sites\/22\/2023\/11\/praktiskagymnasietapl-och-larlingnorrkoping202304-202804.jpg 2048w\" \/>\n\t\t<\/div>\n\t\n\t<div class=\"c-overlay\" style=\"--overlay-bg: rgba(40,40,40,0.6);\"><\/div>\n<\/section>\n\n\n\n\t<div class=\"module_wrapper ams_remote_pages_module \">\n\t\t\n\t\n\t\n\t\n\n\t\n\t\n\t\t\n<section  class=\"c-block l-stacked  \" data-color-scheme=\"white\">\n\t<div class=\"ams-fifty ams-fifty--container ams-fifty--left ams-fifty--bottom l-container u-pt-fluid-2xl-4xl u-pb-fluid-2xl-4xl\">\n\t\t<div class=\"ams-fifty__content l-stack l-stack-xl is-left is-left@lg\">\n\t\t\t<div class=\"ams-fifty__text l-stack l-stack-lg\">\n\t\t\t\t\t\n\t<h2\n\tclass=\"c-heading u-font-title-1 \"\n\tstyle=\"\">\n\t\t\n\t\t\t\t\tVad \u00e4r apl?\n\t\t\t\t\n\t<\/h2>\n\n\t\t\t\t\t\t\t\t\t<div class=\"text l-stack u-font-body\">\n\t\t\t\t\t\t<p><span data-sheets-root=\"1\" data-sheets-value=\"{&quot;1&quot;:2,&quot;2&quot;:&quot;APL st\u00e5r f\u00f6r arbetsplatsf\u00f6rlagt l\u00e4rande. Det inneb\u00e4r den del av din utbildning som du f\u00e5r ute p\u00e5 ett f\u00f6retag, omgiven av yrkes\u00adm\u00e4nniskor att l\u00e4ra av. Du har minst 15 veckors APL under din utbildning hos oss. Du beh\u00f6ver inte ha n\u00e5gra f\u00f6rkunskaper f\u00f6r att utbilda dig till ett yrke men du beh\u00f6ver vara nyfiken, fram\u00e5t och intresserad.\\n\\nP\u00e5 din APL-plats tilldelas du arbetsuppgifter som \u00e4r en del av arbetsplatsens vardag. Dessa uppgifter l\u00f6ser du med st\u00f6d och hj\u00e4lp av din yrkesl\u00e4rare och handledare. Ju mer utbildad du blir inom ditt yrke, desto mer ansvar f\u00e5r du p\u00e5 din APL-plats.&quot;}\" data-sheets-userformat=\"{&quot;2&quot;:545,&quot;3&quot;:{&quot;1&quot;:0},&quot;8&quot;:{&quot;1&quot;:[{&quot;1&quot;:2,&quot;2&quot;:0,&quot;5&quot;:{&quot;1&quot;:2,&quot;2&quot;:0}},{&quot;1&quot;:0,&quot;2&quot;:0,&quot;3&quot;:3},{&quot;1&quot;:1,&quot;2&quot;:0,&quot;4&quot;:1}]},&quot;12&quot;:0}\">Apl st\u00e5r f\u00f6r arbetsplatsf\u00f6rlagt l\u00e4rande och inneb\u00e4r del av din utbildning som du f\u00e5r ute p\u00e5 ett f\u00f6retag. Alla yrkesprogram p\u00e5 gymnasiet inneh\u00e5ller apl i minst 15 veckor. D\u00e4r f\u00e5r du l\u00e4ra dig olika moment och utveckla dina yrkeskunskaper samtidigt som du f\u00e5r en fot in i arbetslivet. <\/span><\/p>\n<p><span data-sheets-root=\"1\" data-sheets-value=\"{&quot;1&quot;:2,&quot;2&quot;:&quot;APL st\u00e5r f\u00f6r arbetsplatsf\u00f6rlagt l\u00e4rande. Det inneb\u00e4r den del av din utbildning som du f\u00e5r ute p\u00e5 ett f\u00f6retag, omgiven av yrkes\u00adm\u00e4nniskor att l\u00e4ra av. Du har minst 15 veckors APL under din utbildning hos oss. Du beh\u00f6ver inte ha n\u00e5gra f\u00f6rkunskaper f\u00f6r att utbilda dig till ett yrke men du beh\u00f6ver vara nyfiken, fram\u00e5t och intresserad.\\n\\nP\u00e5 din APL-plats tilldelas du arbetsuppgifter som \u00e4r en del av arbetsplatsens vardag. Dessa uppgifter l\u00f6ser du med st\u00f6d och hj\u00e4lp av din yrkesl\u00e4rare och handledare. Ju mer utbildad du blir inom ditt yrke, desto mer ansvar f\u00e5r du p\u00e5 din APL-plats.&quot;}\" data-sheets-userformat=\"{&quot;2&quot;:545,&quot;3&quot;:{&quot;1&quot;:0},&quot;8&quot;:{&quot;1&quot;:[{&quot;1&quot;:2,&quot;2&quot;:0,&quot;5&quot;:{&quot;1&quot;:2,&quot;2&quot;:0}},{&quot;1&quot;:0,&quot;2&quot;:0,&quot;3&quot;:3},{&quot;1&quot;:1,&quot;2&quot;:0,&quot;4&quot;:1}]},&quot;12&quot;:0}\">P\u00e5 din apl-plats tilldelas du arbetsuppgifter som \u00e4r en del av arbetsplatsens vardag. Dessa uppgifter l\u00f6ser du med st\u00f6d fr\u00e5n din yrkesl\u00e4rare och handledare. Du beh\u00f6ver allts\u00e5 inte ha n\u00e5gra f\u00f6rkunskaper f\u00f6r att l\u00e4sa en yrkesutbildning men du beh\u00f6ver vara nyfiken, fram\u00e5t och intresserad. Ju mer utbildad du blir inom ditt yrke, desto mer ansvar f\u00e5r du p\u00e5 din apl-plats.<\/span><\/p>\n\n\t\t\t\t\t<\/div>\n\t\t\t\t\t\t\t<\/div>\n\n\t\t\t\t\t<\/div>\n\n\t\t <div class=\"ams-fifty__media u-ratio-widescreen\">\n\t\t \t\n\t\t\t\n\t\t\t\t\t\t\t<lite-youtube videoid=\"QWutIikXnQs\" style=\"background-image: url('https:\/\/i.ytimg.com\/vi\/QWutIikXnQs\/hqdefault.jpg');\">\n\t\t\t\t\t\t<button href=\"https:\/\/youtube.com\/watch?v=QWutIikXnQs\" class=\"lty-playbtn\" title=\"Play Video\">\n\t\t\t\t\t\t\t<span class=\"lyt-visually-hidden\">Play Video<\/span>\n\t\t\t\t\t\t<\/button>\n\t\t\t\t\t<\/lite-youtube>\n\t\t\t\t\t<\/div>\n\t<\/div>\n\n\t\t\n\n<\/section>\n\t<\/div>\n\n\t\n\n\n\n<section  class=\"ams-quote c-block l-stacked\" data-color-scheme=\"orange\">\n\t<div class=\"l-container l-stack l-stack-fluid-2xl u-pt-fluid-3xl-6xl u-pb-fluid-3xl-6xl is-center is-center@md\">\n\t\t\n\t\t\t\t\t<ul class=\"ams-quote__list l-grid u-gap-fluid-2xl-4xl u-justify-center\"\n\taria-label=\"Citat\">\n\t\t\t<li class=\"l-col-12@md\">\n\t\t\t<article class=\"c-card\" data-variant=\"neutral\" >\n\t\t\t\t<div class=\"c-card__content l-stack u-text-center\">\n\t\t\t\t\t\t\t\t\t\t\t<blockquote class=\"c-card__title u-font-title-1\">\n\t\t\t\t\t\t\t\t\t\t\t\t\t\t\t<p class=\"u-quote-marks\">Det \u00e4r kul och sk\u00f6nt att vara ute p\u00e5 en arbetsplats, det blir n\u00e5got helt nytt \u00e4n att sitta p\u00e5 skolan och plugga.<\/p>\n\t\t\t\t\t\t\t\t\t\t\t\t\t<\/blockquote>\n\t\t\t\t\t\n\t\t\t\t\t\t\t\t\t\t\t<p class=\"c-card__text\">\n\t\t\t\t\t\t\t<span class=\"author u-font-body\">Rasmus <\/span>\n\t\t\t\t\t\t\t<span class=\"title u-font-body\">Elev, Praktiska Gymnasiet Malm\u00f6 City<\/span>\n\t\t\t\t\t\t<\/p>\n\t\t\t\t\t\t\t\t\t<\/div>\n\n\t\t\t\t\t\t\t<\/article>\n\t\t<\/li>\n\t<\/ul>\n\t\n\t\t\t<\/div>\n\n\t\t\n\n<\/section>\n\n\n\n\n\n<section  class=\"ams-faq ams_event_module c-block l-stacked js-load-more\" data-color-scheme=\"faq-white\" data-count=\"5\" data-count-mobile=\"5\">\n\t<div class=\"l-container-narrow l-stack l-stack-fluid-2xl u-pt-fluid-3xl-6xl u-pb-fluid-3xl-6xl is-center is-center@md\">\n\t\t\t\t\t<div class=\"ams-faq__intro l-stack l-stack-lg\">\n\t\t\t\t\t\n\t<h2\n\tclass=\"c-heading u-font-title-1 \"\n\tstyle=\"\">\n\t\t\n\t\t\t\t\tFr\u00e5gor och svar om praktik\n\t\t\t\t\n\t<\/h2>\n\n\t\t\t\t\t\t\t\t\t<div class=\"c-text l-stack u-cs-xl u-font-body\">\n\t\t\t\t\t\t<p><span data-sheets-root=\"1\" data-sheets-value=\"{&quot;1&quot;:2,&quot;2&quot;:&quot;H\u00e4r har vi samlat svaren p\u00e5 de vanligaste fr\u00e5gorna och funderingarna kring APL och att l\u00e4sa som l\u00e4rling &quot;}\" data-sheets-userformat=\"{&quot;2&quot;:5041,&quot;3&quot;:{&quot;1&quot;:0},&quot;7&quot;:{&quot;1&quot;:[{&quot;1&quot;:2,&quot;2&quot;:0,&quot;5&quot;:{&quot;1&quot;:2,&quot;2&quot;:0}},{&quot;1&quot;:0,&quot;2&quot;:0,&quot;3&quot;:3},{&quot;1&quot;:1,&quot;2&quot;:0,&quot;4&quot;:1}]},&quot;8&quot;:{&quot;1&quot;:[{&quot;1&quot;:2,&quot;2&quot;:0,&quot;5&quot;:{&quot;1&quot;:2,&quot;2&quot;:0}},{&quot;1&quot;:0,&quot;2&quot;:0,&quot;3&quot;:3},{&quot;1&quot;:1,&quot;2&quot;:0,&quot;4&quot;:1}]},&quot;10&quot;:0,&quot;11&quot;:4,&quot;12&quot;:0,&quot;15&quot;:&quot;Arial&quot;}\">H\u00e4r har vi samlat svaren p\u00e5 de vanligaste fr\u00e5gorna och funderingarna kring apl.<\/span><\/p>\n\n\t\t\t\t\t<\/div>\n\t\t\t\t\t\t\t<\/div>\n\t\t\n\t\t\n\t\n\t    \n\t\n\t<ul\n\t\tid=\"ams-faq-list-69e268feec090\"\n\t\tclass=\"ams-faq__ac ams-accordion_module c-accordion js-results \"\n\t\taria-label=\"Vanliga fr\u00e5gor\"\n\t\tdata-variant=\"border-between\"\n\t\tdata-ajax-action=\"log_faq_view\"\n\t\tdata-ajax-url=\"https:\/\/praktiska.se\/malmo-city\/wp-admin\/admin-ajax.php\"\n\t\tdata-ajax-nonce=\"6bd12e4cdb\"\n\t\tdata-filter-animation=\"off\">\n\n\t\t\n\t\t\t\t\t\t\t\t\t\t\t\t\t\t\t\n\t\t\t\n\t\t\t<li data-ajax-id=\"2761\" class=\"c-accordion__item \"\n\t\t\tdata-filter=\"apl-och-larling december-2023\"\n\t\t\t>\n\t\t\t\t<h3 class=\"c-accordion__header\">\n\t\t\t\t\t\t\t\t\t\t<button class=\"c-accordion__trigger u-py-sm u-px-fluid-md-xl u-font-title-4\">\n\t\t\t\t\t\t<span>M\u00e5ste jag ha praktik (apl) om jag b\u00f6rjar p\u00e5 Praktiska Gymnasiet Malm\u00f6 City? <\/span>\n\t\t\t\t\t\t<svg class=\"ams-icon ams-icon__arrow-down\" width=\"24\" height=\"24\" viewbox=\"0 0 24 24\" fill=\"currentColor\" aria-hidden=\"true\" xmlns=\"http:\/\/www.w3.org\/2000\/svg\">\n\t\t\t\t\t\t\t\t\t\t\t\t\t<path d=\"m11.2033 18.4294-10.872894-10.67584c-.440539-.42594-.440539-1.1147 0-1.54065l.665495-.64345c.440539-.42595 1.152899-.42595 1.593439 0l9.41066 9.27114 9.4107-9.26207c.4405-.42595 1.1529-.42595 1.5934 0l.6655.64345c.4405.42594.4405 1.1147 0 1.54065l-10.8729 10.67587c-.4405.4168-1.1529.4168-1.5934-.0091z\"\/>\n\t\t\t\t\t\n\t\t\t\t\t\t<\/svg>\n\t\t\t\t\t<\/button>\n\t\t\t\t<\/h3>\n\t\t\t\t<div class=\"c-accordion__body l-stack u-font-body\">\n\t\t\t\t\t<div class=\"c-accordion__body__inner u-p-fluid-md-xl l-stack\">\n\t\t\t\t\t\t<p>Ja, apl (arbetsplatsf\u00f6rlagt l\u00e4rande) \u00e4r en obligatorisk del av alla yrkesprogram p\u00e5 gymnasiet och \u00e4r inte n\u00e5got som du kan v\u00e4lja bort. Om du l\u00e4ser ett yrkesprogram kommer du att ha apl i minst 15 veckor.<\/p>\n\n\t\t\t\t\t<\/div>\n\t\t\t\t<\/div>\n\t\t\t<\/li>\n\t\t\n\t\t\t\t\t\t\t\t\t\t\t\t\t\t\t\n\t\t\t\n\t\t\t<li data-ajax-id=\"4797\" class=\"c-accordion__item \"\n\t\t\tdata-filter=\"apl-och-larling december-2023\"\n\t\t\t>\n\t\t\t\t<h3 class=\"c-accordion__header\">\n\t\t\t\t\t\t\t\t\t\t<button class=\"c-accordion__trigger u-py-sm u-px-fluid-md-xl u-font-title-4\">\n\t\t\t\t\t\t<span>Hur l\u00e5nga arbetsdagar har jag n\u00e4r jag \u00e4r ute p\u00e5 apl?  <\/span>\n\t\t\t\t\t\t<svg class=\"ams-icon ams-icon__arrow-down\" width=\"24\" height=\"24\" viewbox=\"0 0 24 24\" fill=\"currentColor\" aria-hidden=\"true\" xmlns=\"http:\/\/www.w3.org\/2000\/svg\">\n\t\t\t\t\t\t\t\t\t\t\t\t\t<path d=\"m11.2033 18.4294-10.872894-10.67584c-.440539-.42594-.440539-1.1147 0-1.54065l.665495-.64345c.440539-.42595 1.152899-.42595 1.593439 0l9.41066 9.27114 9.4107-9.26207c.4405-.42595 1.1529-.42595 1.5934 0l.6655.64345c.4405.42594.4405 1.1147 0 1.54065l-10.8729 10.67587c-.4405.4168-1.1529.4168-1.5934-.0091z\"\/>\n\t\t\t\t\t\n\t\t\t\t\t\t<\/svg>\n\t\t\t\t\t<\/button>\n\t\t\t\t<\/h3>\n\t\t\t\t<div class=\"c-accordion__body l-stack u-font-body\">\n\t\t\t\t\t<div class=\"c-accordion__body__inner u-p-fluid-md-xl l-stack\">\n\t\t\t\t\t\t<p><span data-sheets-root=\"1\" data-sheets-value=\"{&quot;1&quot;:2,&quot;2&quot;:&quot;Det kan skilja sig \u00e5t beroende p\u00e5 hos vilket f\u00f6retag du har din APL. Tanken med APL \u00e4r att du ska vara en del av f\u00f6retagets vardag och utveckla dina kunskaper inom det yrke du utbildar dig till i verkiga arbetssituationer. D\u00e4rf\u00f6r kommer du att f\u00f6lja arbetsplatsens tider och regler de dagar du \u00e4r ute p\u00e5 APL.&quot;}\" data-sheets-userformat=\"{&quot;2&quot;:4993,&quot;3&quot;:{&quot;1&quot;:0},&quot;10&quot;:0,&quot;11&quot;:4,&quot;12&quot;:0,&quot;15&quot;:&quot;Arial&quot;}\">Det kan skilja sig \u00e5t beroende p\u00e5 hos vilket f\u00f6retag du har din apl. Tanken med apl \u00e4r att du ska vara en del av f\u00f6retagets vardag och utveckla dina kunskaper inom det yrke du utbildar dig till i verkliga arbetssituationer. D\u00e4rf\u00f6r kommer du att f\u00f6lja arbetsplatsens tider och regler de dagar du \u00e4r ute p\u00e5 apl.<\/span><\/p>\n\n\t\t\t\t\t<\/div>\n\t\t\t\t<\/div>\n\t\t\t<\/li>\n\t\t\n\t\t\t\t\t\t\t\t\t\t\t\t\t\t\t\n\t\t\t\n\t\t\t<li data-ajax-id=\"4796\" class=\"c-accordion__item \"\n\t\t\tdata-filter=\"apl-och-larling december-2023\"\n\t\t\t>\n\t\t\t\t<h3 class=\"c-accordion__header\">\n\t\t\t\t\t\t\t\t\t\t<button class=\"c-accordion__trigger u-py-sm u-px-fluid-md-xl u-font-title-4\">\n\t\t\t\t\t\t<span>Beh\u00f6ver jag hitta min egen apl-plats? <\/span>\n\t\t\t\t\t\t<svg class=\"ams-icon ams-icon__arrow-down\" width=\"24\" height=\"24\" viewbox=\"0 0 24 24\" fill=\"currentColor\" aria-hidden=\"true\" xmlns=\"http:\/\/www.w3.org\/2000\/svg\">\n\t\t\t\t\t\t\t\t\t\t\t\t\t<path d=\"m11.2033 18.4294-10.872894-10.67584c-.440539-.42594-.440539-1.1147 0-1.54065l.665495-.64345c.440539-.42595 1.152899-.42595 1.593439 0l9.41066 9.27114 9.4107-9.26207c.4405-.42595 1.1529-.42595 1.5934 0l.6655.64345c.4405.42594.4405 1.1147 0 1.54065l-10.8729 10.67587c-.4405.4168-1.1529.4168-1.5934-.0091z\"\/>\n\t\t\t\t\t\n\t\t\t\t\t\t<\/svg>\n\t\t\t\t\t<\/button>\n\t\t\t\t<\/h3>\n\t\t\t\t<div class=\"c-accordion__body l-stack u-font-body\">\n\t\t\t\t\t<div class=\"c-accordion__body__inner u-p-fluid-md-xl l-stack\">\n\t\t\t\t\t\t<p><span data-sheets-root=\"1\" data-sheets-value=\"{&quot;1&quot;:2,&quot;2&quot;:&quot;Nej, det beh\u00f6ver du inte g\u00f6ra. Vi hj\u00e4lper dig att hitta bra f\u00f6retag att g\u00f6ra dina APL-perioder p\u00e5. Vill du g\u00f6ra din APL i en annan stad \u00e4n din hemkommun eller hitta en egen plats tittar vi p\u00e5 m\u00f6jligheterna f\u00f6r det tillsammans.\\n\\n&quot;}\" data-sheets-userformat=\"{&quot;2&quot;:4993,&quot;3&quot;:{&quot;1&quot;:0},&quot;10&quot;:0,&quot;11&quot;:4,&quot;12&quot;:0,&quot;15&quot;:&quot;Arial&quot;}\">Nej, det beh\u00f6ver du inte g\u00f6ra. Vi hj\u00e4lper dig att hitta bra f\u00f6retag att g\u00f6ra dina apl-perioder p\u00e5. Vill du g\u00f6ra din apl i en annan stad \u00e4n din hemkommun eller hitta en egen plats tittar vi p\u00e5 m\u00f6jligheterna f\u00f6r det tillsammans.<\/span><\/p>\n<p>&nbsp;<\/p>\n\n\t\t\t\t\t<\/div>\n\t\t\t\t<\/div>\n\t\t\t<\/li>\n\t\t\t<\/ul>\n\n\t<div class=\"no-results u-mt-0 u-hide\" data-filter-fallback-id=\"ams-faq-list-69e268feec090\">\n\t<p>Det finns inga resultat som matchar din filtrering.<\/p>\n<\/div>\n\n\t    <div class=\"ams-faq__more u-inline-items js-load-more-btn\">\n        <button href=\"#\"\n                class=\"c-btn\"\n                data-style=\"round\"\n                data-size=\"md\"\n                data-width=\"full-mobile\"\n                data-variant=\"outline\">\n        \tVisa fler resultat\n        <\/button>\n    <\/div>\n\n\n\t\t\n\t\t\t<\/div>\n\n\t\t\n\n<\/section>\n\n\n\n\n<section  class=\"ams-cta ams-cta--stacked c-block l-stacked\" data-color-scheme=\"gray\">\n\t<div class=\"l-container-narrow l-stack l-stack-fluid-2xl u-pt-fluid-3xl-6xl u-pb-fluid-3xl-6xl is-center is-center@md\">\n\t\t\t\t\t<div class=\"ams-cta__intro l-stack l-stack-lg\">\n\t\t\t\t\t\n\t<h2\n\tclass=\"c-heading u-font-title-1 \"\n\tstyle=\"\">\n\t\t\n\t\t\t\t\tHar du fr\u00e5gor?\n\t\t\t\t\n\t<\/h2>\n\n\t\t\t\t\t\t\t\t\t<div class=\"c-text l-stack u-cs-xl u-font-body\">\n\t\t\t\t\t\t<p><span data-sheets-root=\"1\" data-sheets-value=\"{&quot;1&quot;:2,&quot;2&quot;:&quot;Om du inte hittade svaret p\u00e5 det du undrade \u00f6ver \u00e4r du varmt v\u00e4lkommen att komma p\u00e5 \u00f6ppet hus. D\u00e4r finns b\u00e5de elever och personal p\u00e5 plats f\u00f6r att svara p\u00e5 dina fr\u00e5gor och funderingar om v\u00e5r skola och v\u00e5ra utbildningar. Du \u00e4r s\u00e5klart ocks\u00e5 varmt v\u00e4lkommen att maila eller sl\u00e5 oss en signal f\u00f6r att f\u00e5 svar p\u00e5 din fr\u00e5ga. &quot;}\" data-sheets-userformat=\"{&quot;2&quot;:5027,&quot;3&quot;:{&quot;1&quot;:0},&quot;4&quot;:{&quot;1&quot;:2,&quot;2&quot;:10797812},&quot;8&quot;:{&quot;1&quot;:[{&quot;1&quot;:2,&quot;2&quot;:0,&quot;5&quot;:{&quot;1&quot;:2,&quot;2&quot;:0}},{&quot;1&quot;:0,&quot;2&quot;:0,&quot;3&quot;:3},{&quot;1&quot;:1,&quot;2&quot;:0,&quot;4&quot;:1}]},&quot;10&quot;:0,&quot;11&quot;:4,&quot;12&quot;:0,&quot;15&quot;:&quot;Arial&quot;}\">Om du inte hittade svaret p\u00e5 det du undrade \u00f6ver \u00e4r du varmt v\u00e4lkommen att komma p\u00e5 \u00f6ppet hus. D\u00e4r finns b\u00e5de elever och personal p\u00e5 plats f\u00f6r att svara p\u00e5 dina fr\u00e5gor och funderingar om v\u00e5r skola och v\u00e5ra utbildningar.\u00a0<\/span><\/p>\n\n\t\t\t\t\t<\/div>\n\t\t\t\t\t\t\t<\/div>\n\t\t\n\t\t\n\t\t\t<div class=\"ams-cta__action u-inline-items\">\n\t\t\t\t\t\t\t\n\n\n<a href=\"https:\/\/praktiska.se\/malmo-city\/oppet-hus\/\"\n\t\n\tclass=\"c-btn \"\n\tdata-style=\"round\"\n\tdata-size=\"md\"\n\tdata-width=\"full-mobile\"\n\tdata-variant=\"default\"\n\ttarget=\"_self\">\n\t\t\t<span class=\"label\"> Kom p\u00e5 \u00f6ppet hus<\/span>\n\t\t\t<\/a>\n\t\t\t\t\t\t\t\n\n\n<a href=\"https:\/\/praktiska.se\/malmo-city\/kontakt\/\"\n\t\n\tclass=\"c-btn \"\n\tdata-style=\"round\"\n\tdata-size=\"md\"\n\tdata-width=\"full-mobile\"\n\tdata-variant=\"outline\"\n\ttarget=\"_self\">\n\t\t\t<span class=\"label\"> Kontakta oss<\/span>\n\t\t\t<\/a>\n\t\t\t<\/div>\n\t<\/div>\n\n\t\t\n\n<\/section>\n","protected":false},"excerpt":{"rendered":"","protected":false},"author":1,"featured_media":0,"parent":412,"menu_order":0,"comment_status":"closed","ping_status":"closed","template":"","meta":{"footnotes":""},"yoast_head":"<!-- This site is optimized with the Yoast SEO plugin v22.0 - https:\/\/yoast.com\/wordpress\/plugins\/seo\/ -->\n<title>Apl och L\u00e4rling - Praktiska Gymnasiet Malm\u00f6 City<\/title>\n<meta name=\"description\" content=\"Alla yrkesprogram p\u00e5 gymnasiet inneh\u00e5ller praktik ute p\u00e5 ett f\u00f6retag i minst 15 veckor. L\u00e4s mer om hur apl fungerar hos oss i praktiken.\" \/>\n<meta name=\"robots\" content=\"index, follow, max-snippet:-1, max-image-preview:large, max-video-preview:-1\" \/>\n<link rel=\"canonical\" href=\"https:\/\/praktiska.se\/malmo-city\/om-praktiska\/apl\/\" \/>\n<meta property=\"og:locale\" content=\"sv_SE\" \/>\n<meta property=\"og:type\" content=\"article\" \/>\n<meta property=\"og:title\" content=\"Apl och L\u00e4rling - Praktiska Gymnasiet Malm\u00f6 City\" \/>\n<meta property=\"og:description\" content=\"Alla yrkesprogram p\u00e5 gymnasiet inneh\u00e5ller praktik ute p\u00e5 ett f\u00f6retag i minst 15 veckor. L\u00e4s mer om hur apl fungerar hos oss i praktiken.\" \/>\n<meta property=\"og:url\" content=\"https:\/\/praktiska.se\/malmo-city\/om-praktiska\/apl\/\" \/>\n<meta property=\"og:site_name\" content=\"Malm\u00f6 City\" \/>\n<meta property=\"article:modified_time\" content=\"2025-07-02T08:04:08+00:00\" \/>\n<meta name=\"twitter:card\" content=\"summary_large_image\" \/>\n<meta name=\"twitter:title\" content=\"Apl och L\u00e4rling - Praktiska Gymnasiet Malm\u00f6 City\" \/>\n<meta name=\"twitter:description\" content=\"Alla yrkesprogram p\u00e5 gymnasiet inneh\u00e5ller praktik ute p\u00e5 ett f\u00f6retag i minst 15 veckor. L\u00e4s mer om hur apl fungerar hos oss i praktiken.\" \/>\n<meta name=\"twitter:label1\" content=\"Est. reading time\" \/>\n\t<meta name=\"twitter:data1\" content=\"2 minuter\" \/>\n<script type=\"application\/ld+json\" class=\"yoast-schema-graph\">{\"@context\":\"https:\/\/schema.org\",\"@graph\":[{\"@type\":\"WebPage\",\"@id\":\"https:\/\/praktiska.se\/malmo-city\/om-praktiska\/apl\/\",\"url\":\"https:\/\/praktiska.se\/malmo-city\/om-praktiska\/apl\/\",\"name\":\"Apl och L\u00e4rling - Praktiska Gymnasiet Malm\u00f6 City\",\"isPartOf\":{\"@id\":\"https:\/\/praktiska.se\/malmo-city\/#website\"},\"datePublished\":\"2023-11-13T10:54:11+00:00\",\"dateModified\":\"2025-07-02T08:04:08+00:00\",\"description\":\"Alla yrkesprogram p\u00e5 gymnasiet inneh\u00e5ller praktik ute p\u00e5 ett f\u00f6retag i minst 15 veckor. L\u00e4s mer om hur apl fungerar hos oss i praktiken.\",\"breadcrumb\":{\"@id\":\"https:\/\/praktiska.se\/malmo-city\/om-praktiska\/apl\/#breadcrumb\"},\"inLanguage\":\"sv-SE\",\"potentialAction\":[{\"@type\":\"ReadAction\",\"target\":[\"https:\/\/praktiska.se\/malmo-city\/om-praktiska\/apl\/\"]}]},{\"@type\":\"BreadcrumbList\",\"@id\":\"https:\/\/praktiska.se\/malmo-city\/om-praktiska\/apl\/#breadcrumb\",\"itemListElement\":[{\"@type\":\"ListItem\",\"position\":1,\"name\":\"Start\",\"item\":\"https:\/\/praktiska.se\/malmo-city\/\"},{\"@type\":\"ListItem\",\"position\":2,\"name\":\"Om Praktiska\",\"item\":\"https:\/\/praktiska.se\/malmo-city\/om-praktiska\/\"},{\"@type\":\"ListItem\",\"position\":3,\"name\":\"Apl och L\u00e4rling\"}]},{\"@type\":\"WebSite\",\"@id\":\"https:\/\/praktiska.se\/malmo-city\/#website\",\"url\":\"https:\/\/praktiska.se\/malmo-city\/\",\"name\":\"Malm\u00f6 City\",\"description\":\"Vi utbildar framtidens arbetskraft\",\"potentialAction\":[{\"@type\":\"SearchAction\",\"target\":{\"@type\":\"EntryPoint\",\"urlTemplate\":\"https:\/\/praktiska.se\/malmo-city\/?s={search_term_string}\"},\"query-input\":\"required name=search_term_string\"}],\"inLanguage\":\"sv-SE\"}]}<\/script>\n<!-- \/ Yoast SEO plugin. -->","yoast_head_json":{"title":"Apl och L\u00e4rling - Praktiska Gymnasiet Malm\u00f6 City","description":"Alla yrkesprogram p\u00e5 gymnasiet inneh\u00e5ller praktik ute p\u00e5 ett f\u00f6retag i minst 15 veckor. L\u00e4s mer om hur apl fungerar hos oss i praktiken.","robots":{"index":"index","follow":"follow","max-snippet":"max-snippet:-1","max-image-preview":"max-image-preview:large","max-video-preview":"max-video-preview:-1"},"canonical":"https:\/\/praktiska.se\/malmo-city\/om-praktiska\/apl\/","og_locale":"sv_SE","og_type":"article","og_title":"Apl och L\u00e4rling - Praktiska Gymnasiet Malm\u00f6 City","og_description":"Alla yrkesprogram p\u00e5 gymnasiet inneh\u00e5ller praktik ute p\u00e5 ett f\u00f6retag i minst 15 veckor. L\u00e4s mer om hur apl fungerar hos oss i praktiken.","og_url":"https:\/\/praktiska.se\/malmo-city\/om-praktiska\/apl\/","og_site_name":"Malm\u00f6 City","article_modified_time":"2025-07-02T08:04:08+00:00","twitter_card":"summary_large_image","twitter_title":"Apl och L\u00e4rling - Praktiska Gymnasiet Malm\u00f6 City","twitter_description":"Alla yrkesprogram p\u00e5 gymnasiet inneh\u00e5ller praktik ute p\u00e5 ett f\u00f6retag i minst 15 veckor. L\u00e4s mer om hur apl fungerar hos oss i praktiken.","twitter_misc":{"Est. reading time":"2 minuter"},"schema":{"@context":"https:\/\/schema.org","@graph":[{"@type":"WebPage","@id":"https:\/\/praktiska.se\/malmo-city\/om-praktiska\/apl\/","url":"https:\/\/praktiska.se\/malmo-city\/om-praktiska\/apl\/","name":"Apl och L\u00e4rling - Praktiska Gymnasiet Malm\u00f6 City","isPartOf":{"@id":"https:\/\/praktiska.se\/malmo-city\/#website"},"datePublished":"2023-11-13T10:54:11+00:00","dateModified":"2025-07-02T08:04:08+00:00","description":"Alla yrkesprogram p\u00e5 gymnasiet inneh\u00e5ller praktik ute p\u00e5 ett f\u00f6retag i minst 15 veckor. L\u00e4s mer om hur apl fungerar hos oss i praktiken.","breadcrumb":{"@id":"https:\/\/praktiska.se\/malmo-city\/om-praktiska\/apl\/#breadcrumb"},"inLanguage":"sv-SE","potentialAction":[{"@type":"ReadAction","target":["https:\/\/praktiska.se\/malmo-city\/om-praktiska\/apl\/"]}]},{"@type":"BreadcrumbList","@id":"https:\/\/praktiska.se\/malmo-city\/om-praktiska\/apl\/#breadcrumb","itemListElement":[{"@type":"ListItem","position":1,"name":"Start","item":"https:\/\/praktiska.se\/malmo-city\/"},{"@type":"ListItem","position":2,"name":"Om Praktiska","item":"https:\/\/praktiska.se\/malmo-city\/om-praktiska\/"},{"@type":"ListItem","position":3,"name":"Apl och L\u00e4rling"}]},{"@type":"WebSite","@id":"https:\/\/praktiska.se\/malmo-city\/#website","url":"https:\/\/praktiska.se\/malmo-city\/","name":"Malm\u00f6 City","description":"Vi utbildar framtidens arbetskraft","potentialAction":[{"@type":"SearchAction","target":{"@type":"EntryPoint","urlTemplate":"https:\/\/praktiska.se\/malmo-city\/?s={search_term_string}"},"query-input":"required name=search_term_string"}],"inLanguage":"sv-SE"}]}},"_links":{"self":[{"href":"https:\/\/praktiska.se\/malmo-city\/wp-json\/wp\/v2\/pages\/2015"}],"collection":[{"href":"https:\/\/praktiska.se\/malmo-city\/wp-json\/wp\/v2\/pages"}],"about":[{"href":"https:\/\/praktiska.se\/malmo-city\/wp-json\/wp\/v2\/types\/page"}],"author":[{"embeddable":true,"href":"https:\/\/praktiska.se\/malmo-city\/wp-json\/wp\/v2\/users\/1"}],"replies":[{"embeddable":true,"href":"https:\/\/praktiska.se\/malmo-city\/wp-json\/wp\/v2\/comments?post=2015"}],"version-history":[{"count":10,"href":"https:\/\/praktiska.se\/malmo-city\/wp-json\/wp\/v2\/pages\/2015\/revisions"}],"predecessor-version":[{"id":3250,"href":"https:\/\/praktiska.se\/malmo-city\/wp-json\/wp\/v2\/pages\/2015\/revisions\/3250"}],"up":[{"embeddable":true,"href":"https:\/\/praktiska.se\/malmo-city\/wp-json\/wp\/v2\/pages\/412"}],"wp:attachment":[{"href":"https:\/\/praktiska.se\/malmo-city\/wp-json\/wp\/v2\/media?parent=2015"}],"curies":[{"name":"wp","href":"https:\/\/api.w.org\/{rel}","templated":true}]}}