{"id":2114,"date":"2023-11-16T12:50:18","date_gmt":"2023-11-16T11:50:18","guid":{"rendered":"https:\/\/praktiska.se\/kalmar\/?page_id=2114"},"modified":"2025-06-30T15:11:33","modified_gmt":"2025-06-30T13:11:33","slug":"erasmus","status":"publish","type":"page","link":"https:\/\/praktiska.se\/kalmar\/om-praktiska\/erasmus\/","title":{"rendered":"Erasmus"},"content":{"rendered":"\n\t\n\t\n\t\n\n\t\n\t\n\t\t\n<section  class=\"c-block l-stacked  \" data-color-scheme=\"white\">\n\t<div class=\"ams-fifty ams-fifty--container ams-fifty--left ams-fifty--top l-container u-pt-fluid-3xl-6xl u-pb-fluid-3xl-6xl\">\n\t\t<div class=\"ams-fifty__content l-stack l-stack-xl is-left is-left@lg\">\n\t\t\t<div class=\"ams-fifty__text l-stack l-stack-lg\">\n\t\t\t\t\t\n\t<h1\n\tclass=\"c-heading u-font-title-1 \"\n\tstyle=\"\">\n\t\t\n\t\t\t\t\t\t\t\t\tUtlandspraktik p\u00e5 Praktiska Gymnasiet Kalmar \n\t\t\t\t<span class=\"c-heading__sub is-below u-font-title-3\">\n\t\t\t\t\tG\u00f6r din gymnasietid till ett \u00e4ventyr! \n\t\t\t\t<\/span>\n\t\t\t\t\t\t\t\n\t<\/h1>\n\n\t\t\t\t\t\t\t\t\t<div class=\"text l-stack u-font-body\">\n\t\t\t\t\t\t<p><span data-sheets-root=\"1\" data-sheets-value=\"{&quot;1&quot;:2,&quot;2&quot;:&quot;Du som v\u00e4ljer att g\u00e5 p\u00e5 Praktiska Gymnasiet ORT f\u00e5r m\u00f6jlighet att uppt\u00e4cka v\u00e4rlden genom att g\u00f6ra APL utomlands. \\n\\nVi deltar i EuroPraktiska d\u00e4r vi samarbetar med f\u00f6retag i flera europeiska l\u00e4nder som t.ex. Italien, Spanien, Frankrike och Tyskland. Det betyder att du som elev, och \u00e4ven v\u00e5ra l\u00e4rare, kan ans\u00f6ka om att g\u00f6ra praktik hos n\u00e5gon av v\u00e5ra samarbetspartners. F\u00f6r att kunna s\u00f6ka beh\u00f6ver du som elev ha god n\u00e4rvaro och ligga i fas med skolarbetet. \\n\\nDu kan s\u00f6ka utlands APL p\u00e5 alla v\u00e5ra program!&quot;}\" data-sheets-userformat=\"{&quot;2&quot;:5025,&quot;3&quot;:{&quot;1&quot;:0},&quot;8&quot;:{&quot;1&quot;:[{&quot;1&quot;:2,&quot;2&quot;:0,&quot;5&quot;:{&quot;1&quot;:2,&quot;2&quot;:0}},{&quot;1&quot;:0,&quot;2&quot;:0,&quot;3&quot;:3},{&quot;1&quot;:1,&quot;2&quot;:0,&quot;4&quot;:1}]},&quot;10&quot;:0,&quot;11&quot;:4,&quot;12&quot;:0,&quot;15&quot;:&quot;Arial&quot;}\">Du som v\u00e4ljer att g\u00e5 p\u00e5 Praktiska Gymnasiet Kalmar har m\u00f6jlighet att uppt\u00e4cka v\u00e4rlden genom att g\u00f6ra apl utomlands.<\/span><\/p>\n<p>Vi samarbetar med b\u00e5de f\u00f6retag och yrkesskolor i Spanien, Cypern, Portugal och Frankrike. Det betyder att du som elev, och \u00e4ven v\u00e5ra l\u00e4rare, kan ans\u00f6ka om att g\u00f6ra praktik hos n\u00e5gon av v\u00e5ra samarbetspartners. F\u00f6r att kunna s\u00f6ka beh\u00f6ver du som elev ha god n\u00e4rvaro och ligga i fas med skolarbetet. Vad s\u00e4gs om att praktisera p\u00e5 fina hotell i Limassol eller som<br \/>\nbilmekaniker i Cordoba?<\/p>\n<p>Du kan s\u00f6ka utlands-apl p\u00e5 alla v\u00e5ra program!<\/p>\n\n\t\t\t\t\t<\/div>\n\t\t\t\t\t\t\t<\/div>\n\n\t\t\t\t<div class=\"ams-fifty__action u-inline-items\">\n\t\t\t\t\t\t\t\n\n\n<a href=\"https:\/\/praktiska.se\/kalmar\/program\/\"\n\t\n\tclass=\"c-btn \"\n\tdata-style=\"round\"\n\tdata-size=\"md\"\n\tdata-width=\"full-mobile\"\n\tdata-variant=\"default\"\n\ttarget=\"_self\">\n\t\t\t<span class=\"label\"> Alla v\u00e5ra program<\/span>\n\t\t\t<\/a>\n\t\t\t<\/div>\n\t\t<\/div>\n\n\t\t <div class=\"ams-fifty__media u-ratio-square\">\n\t\t \t\t\t\t\t<img decoding=\"async\" width=\"600\" height=\"400\" src=\"https:\/\/praktiska.se\/wp-content\/uploads\/sites\/16\/2023\/11\/praktiska-utlandspraktikweb-scaled-600x400.jpg\" class=\"attachment-md size-md\" alt=\"Milj\u00f6bild fr\u00e5n den spanska staden Cordoba\" sizes=\"(min-width: 64em) 600px, calc(100vw - 160px)\" srcset=\"https:\/\/praktiska.se\/wp-content\/uploads\/sites\/16\/2023\/11\/praktiska-utlandspraktikweb-scaled-600x400.jpg 600w, https:\/\/praktiska.se\/wp-content\/uploads\/sites\/16\/2023\/11\/praktiska-utlandspraktikweb-scaled-300x200.jpg 300w, https:\/\/praktiska.se\/wp-content\/uploads\/sites\/16\/2023\/11\/praktiska-utlandspraktikweb-scaled-400x267.jpg 400w, https:\/\/praktiska.se\/wp-content\/uploads\/sites\/16\/2023\/11\/praktiska-utlandspraktikweb-scaled-800x533.jpg 800w, https:\/\/praktiska.se\/wp-content\/uploads\/sites\/16\/2023\/11\/praktiska-utlandspraktikweb-scaled-1024x683.jpg 1024w, https:\/\/praktiska.se\/wp-content\/uploads\/sites\/16\/2023\/11\/praktiska-utlandspraktikweb-scaled-1200x800.jpg 1200w\" \/>\n\t\t\t\n\t\t\t\n\t\t\t\t\t<\/div>\n\t<\/div>\n\n\t\t\n\t\t\t\n\t\t\t\t\t\t\t\n\t\t\t\t<div class=\"c-bg c-bg--img\" data-settings=\"{&quot;desktop_settings&quot;:{&quot;size&quot;:&quot;cover&quot;,&quot;position&quot;:&quot;middle-center&quot;},&quot;mobile_settings&quot;:{&quot;size&quot;:&quot;cover&quot;,&quot;position&quot;:&quot;middle-center&quot;}}\" data-position=\"middle-center\" data-size=\"cover\">\n\t\t\t\n\t\t<\/div>\n\t\n<\/section>\n\n\n\n\t\n\t\n\t\n\n\t\n\t\n\t\t\n<section  class=\"c-block l-stacked  \" data-color-scheme=\"gray\">\n\t<div class=\"ams-fifty ams-fifty--container ams-fifty--right ams-fifty--top l-container u-pt-fluid-3xl-6xl u-pb-fluid-3xl-6xl\">\n\t\t<div class=\"ams-fifty__content l-stack l-stack-xl is-left is-left@lg\">\n\t\t\t<div class=\"ams-fifty__text l-stack l-stack-lg\">\n\t\t\t\t\t\n\t<h2\n\tclass=\"c-heading u-font-title-1 \"\n\tstyle=\"\">\n\t\t\n\t\t\t\t\tFinansieras av ERASMUS+\n\t\t\t\t\n\t<\/h2>\n\n\t\t\t\t\t\t\t\t\t<div class=\"text l-stack u-font-body\">\n\t\t\t\t\t\t<p><span data-sheets-root=\"1\" data-sheets-value=\"{&quot;1&quot;:2,&quot;2&quot;:&quot;Din utlandspraktik finansieras inom ramen f\u00f6r ERASMUS+ via Europeiska Unionen, vilket inneb\u00e4r att du inte beh\u00f6ver betala f\u00f6r resor, boende, mat eller support p\u00e5 platsen. Praktiken \u00e4r cirka tre veckor l\u00e5ng. Efter gymnasiet finns det \u00e4ven m\u00f6jlighet att g\u00f6ra en l\u00e4ngre praktikperiod p\u00e5 tre m\u00e5nader utomlands f\u00f6r att starta din karri\u00e4r.\\n\\nPrata med oss p\u00e5 skolan om du vill veta mer.&quot;}\" data-sheets-userformat=\"{&quot;2&quot;:4995,&quot;3&quot;:{&quot;1&quot;:0},&quot;4&quot;:{&quot;1&quot;:2,&quot;2&quot;:10797812},&quot;10&quot;:2,&quot;11&quot;:4,&quot;12&quot;:0,&quot;15&quot;:&quot;Helvetica Neue&quot;}\">Din utlandspraktik finansieras inom ramen f\u00f6r ERASMUS+ via Europeiska Unionen, vilket inneb\u00e4r att du inte beh\u00f6ver betala f\u00f6r resor, boende, mat eller support p\u00e5 platsen. Praktiken \u00e4r cirka tre veckor l\u00e5ng. Efter gymnasiet finns det \u00e4ven m\u00f6jlighet att g\u00f6ra en l\u00e4ngre praktikperiod p\u00e5 tre m\u00e5nader utomlands f\u00f6r att starta din karri\u00e4r.<\/p>\n<p>Prata med oss p\u00e5 skolan om du vill veta mer.<\/span><\/p>\n\n\t\t\t\t\t<\/div>\n\t\t\t\t\t\t\t<\/div>\n\n\t\t\t\t<div class=\"ams-fifty__action u-inline-items\">\n\t\t\t\t\t\t\t\n\n\n<a href=\"https:\/\/praktiska.se\/kalmar\/kontakt\/\"\n\t\n\tclass=\"c-btn \"\n\tdata-style=\"round\"\n\tdata-size=\"md\"\n\tdata-width=\"full-mobile\"\n\tdata-variant=\"default\"\n\ttarget=\"_self\">\n\t\t\t<span class=\"label\"> Kontakta oss <\/span>\n\t\t\t<\/a>\n\t\t\t<\/div>\n\t\t<\/div>\n\n\t\t <div class=\"ams-fifty__media u-ratio-square\">\n\t\t \t\t\t\t\t<img decoding=\"async\" width=\"600\" height=\"400\" src=\"https:\/\/praktiska.se\/wp-content\/uploads\/sites\/16\/2023\/11\/praktiskagymnasieterasmuskarlstad202304-202804-600x400.jpg\" class=\"attachment-md size-md\" alt=\"Elev p\u00e5 utlandspraktik st\u00e5r i en reception\" sizes=\"(min-width: 64em) 600px, calc(100vw - 160px)\" srcset=\"https:\/\/praktiska.se\/wp-content\/uploads\/sites\/16\/2023\/11\/praktiskagymnasieterasmuskarlstad202304-202804-600x400.jpg 600w, https:\/\/praktiska.se\/wp-content\/uploads\/sites\/16\/2023\/11\/praktiskagymnasieterasmuskarlstad202304-202804-300x200.jpg 300w, https:\/\/praktiska.se\/wp-content\/uploads\/sites\/16\/2023\/11\/praktiskagymnasieterasmuskarlstad202304-202804-400x267.jpg 400w, https:\/\/praktiska.se\/wp-content\/uploads\/sites\/16\/2023\/11\/praktiskagymnasieterasmuskarlstad202304-202804-800x533.jpg 800w, https:\/\/praktiska.se\/wp-content\/uploads\/sites\/16\/2023\/11\/praktiskagymnasieterasmuskarlstad202304-202804-1024x683.jpg 1024w, https:\/\/praktiska.se\/wp-content\/uploads\/sites\/16\/2023\/11\/praktiskagymnasieterasmuskarlstad202304-202804-1200x800.jpg 1200w, https:\/\/praktiska.se\/wp-content\/uploads\/sites\/16\/2023\/11\/praktiskagymnasieterasmuskarlstad202304-202804.jpg 2048w\" \/>\n\t\t\t\n\t\t\t\n\t\t\t\t\t<\/div>\n\t<\/div>\n\n\t\t\n\n<\/section>\n\n\n\n\n\n<section  class=\"ams-article c-block l-stacked js-load-more\" data-color-scheme=\"kort-vit-bakgrund\" data-count=\"3\" data-count-mobile=\"3\">\n\t<div class=\"l-container l-stack l-stack-fluid-2xl u-pt-fluid-3xl-6xl u-pb-fluid-3xl-6xl is-center is-center@md\">\n\t\t\t\t\t<div class=\"ams-article__intro l-stack l-stack-lg\">\n\t\t\t\t\t\n\t<h2\n\tclass=\"c-heading u-font-title-1 \"\n\tstyle=\"\">\n\t\t\n\t\t\t\t\tVad tycker v\u00e5ra elever om att g\u00f6ra apl utomlands?\n\t\t\t\t\n\t<\/h2>\n\n\t\t\t\t\t\t\t\t\t<div class=\"c-text l-stack u-cs-xl u-font-body\">\n\t\t\t\t\t\t<p><span data-sheets-root=\"1\" data-sheets-value=\"{&quot;1&quot;:2,&quot;2&quot;:&quot;L\u00e4s intervjuer och titta p\u00e5 vloggar med v\u00e5ra elever som varit p\u00e5 APL utomlands &quot;}\" data-sheets-userformat=\"{&quot;2&quot;:4995,&quot;3&quot;:{&quot;1&quot;:0},&quot;4&quot;:{&quot;1&quot;:2,&quot;2&quot;:10797812},&quot;10&quot;:2,&quot;11&quot;:4,&quot;12&quot;:0,&quot;15&quot;:&quot;Helvetica Neue&quot;}\">L\u00e4s intervjuer och titta p\u00e5 vloggar med v\u00e5ra elever som varit p\u00e5 apl utomlands.<\/span><\/p>\n\n\t\t\t\t\t<\/div>\n\t\t\t\t\t\t\t<\/div>\n\t\t\n\t\t\t\n\t    \n\t\n\t<ul id=\"ams-article-list-69e07bd429ee6\" class=\"ams-article__list l-grid u-gap-2xl u-justify-center js-results \" aria-label=\"Artiklar\" data-filter-animation=\"off\">\n\t\t\t\t\t\t\t\t\t\t\t\t\t\t\t\t\t\n\t\t\t\n\t\t\t\n\t\t\t<li class=\"l-col-6@md l-col-4@lg \" data-filter=\"nyheter utlandspraktik december-2023\">\n\t\t\t\t<article class=\"c-card  has-media-zoom  \" data-variant=\"border\" data-style=\"square\" data-click-area>\n\t\t\t\t\t<div class=\"c-card__content l-stack l-stack-sm\">\n\n\t\t\t\t\t\t\t\t\t\t\t\t\t<time class=\"c-card__date u-font-small\" datetime=\"2023-12-05\">5 december 2023<\/time>\n\t\t\t\t\t\t\n\t\t\t\t\t\t\t\t\t\t\t\t\t<h3 class=\"c-card__title u-font-title-3\">\n\t\t\t\t\t\t\t\t\t\t\t\t\t\t\t\t\t<a class=\"c-card__link\" href=\"https:\/\/praktiska.se\/kalmar\/artiklar\/lokal\/vlogg-linnea-och-jennifers-utlandspraktik-i-spanien\">\n\t\t\t\t\t\t\t\t\t\tVlogg: Linn\u00e9a och Jennifers utlandspraktik i Spanien\n\t\t\t\t\t\t\t\t\t<\/a>\n\t\t\t\t\t\t\t\t\t\t\t\t\t\t\t<\/h3>\n\t\t\t\t\t\t\n\t\t\t\t\t\t\t\t\t\t\t\t\t<p class=\"c-card__text l-stack-xs u-font-body\">\n\t\t\t\t\t\t\t\tH\u00e4ng med Linn\u00e9a och Jennifer fr\u00e5n Praktiska Gymnasiet Karlstad p\u00e5 deras utlandspraktik i Corboba i Spanien.\n\t\t\t\t\t\t\t<\/p>\n\t\t\t\t\t\t\n\t\t\t\t\t\t\t\t\t\t\t\t\t<ul class=\"c-card__tags l-stack-grow u-list-none u-pt-md\" aria-label=\"Kategorier\">\n\t\t\t\t\t\t\t\t\t\t\t\t\t\t\t\t\t<li><span class=\"c-tag\" data-variant=\"outline\">Nyheter<\/span><\/li>\n\t\t\t\t\t\t\t\t\t\t\t\t\t\t\t\t\t<li><span class=\"c-tag\" data-variant=\"outline\">Utlandspraktik<\/span><\/li>\n\t\t\t\t\t\t\t\t\t\t\t\t\t\t\t<\/ul>\n\t\t\t\t\t\t\n\t\t\t\t\t\t<div class=\"c-card__icon\">\n\t\t\t\t\t\t\t\t\t\t\t\t\t\t<svg class=\"ams-icon ams-icon--arrow-right\" width=\"32\" height=\"32\" viewbox=\"0 0 32 32\" fill=\"currentColor\" aria-hidden=\"true\" xmlns=\"http:\/\/www.w3.org\/2000\/svg\">\n\t\t\t\t\t\t\t\t\t\t\t\t\t\t\t\t<path d=\"M15.4617 0.252159L14.9567 0.75931C14.6219 1.09545 14.6219 1.64048 14.9567 1.97669L27.7062 14.7806H0.857144C0.383786 14.7806 0 15.166 0 15.6414V16.3587C0 16.8341 0.383786 17.2195 0.857144 17.2195H27.7062L14.9567 30.0234C14.6219 30.3595 14.6219 30.9045 14.9567 31.2407L15.4617 31.7479C15.7964 32.084 16.3392 32.084 16.6739 31.7479L31.749 16.6087C32.0837 16.2725 32.0837 15.7275 31.749 15.3913L16.6739 0.252159C16.3392 -0.084053 15.7964 -0.084053 15.4617 0.252159Z\"\/>\n\t\t\t\t\t\t\t\n\t\t\t\t\t\t\t<\/svg>\n\t\t\t\t\t\t<\/div>\n\t\t\t\t\t<\/div>\n\n\t\t\t\t\t<div class=\"c-card__media \" style=\" \">\n\t\t\t\t\t\t<img decoding=\"async\" width=\"400\" height=\"225\" src=\"https:\/\/praktiska.se\/wp-content\/uploads\/2023\/12\/pra-utlandspraktik-vlogg-400x225.jpeg\" class=\"attachment-sm size-sm\" alt=\"Tv\u00e5 elever p\u00e5 utlandspraktik i Spanien\" sizes=\"(min-width: 64em) 300px, (min-width: 48em) calc(.50 * (100vw - 224px)), calc(100vw - 160px)\" srcset=\"https:\/\/praktiska.se\/wp-content\/uploads\/2023\/12\/pra-utlandspraktik-vlogg-400x225.jpeg 400w, https:\/\/praktiska.se\/wp-content\/uploads\/2023\/12\/pra-utlandspraktik-vlogg-300x169.jpeg 300w, https:\/\/praktiska.se\/wp-content\/uploads\/2023\/12\/pra-utlandspraktik-vlogg-600x337.jpeg 600w, https:\/\/praktiska.se\/wp-content\/uploads\/2023\/12\/pra-utlandspraktik-vlogg-800x449.jpeg 800w, https:\/\/praktiska.se\/wp-content\/uploads\/2023\/12\/pra-utlandspraktik-vlogg-1024x575.jpeg 1024w, https:\/\/praktiska.se\/wp-content\/uploads\/2023\/12\/pra-utlandspraktik-vlogg-1200x674.jpeg 1200w, https:\/\/praktiska.se\/wp-content\/uploads\/2023\/12\/pra-utlandspraktik-vlogg.jpeg 1912w\" \/>\n\t\t\t\t\t<\/div>\n\t\t\t\t<\/article>\n\t\t\t<\/li>\n\t\t\t<\/ul>\n\n\t<div class=\"no-results u-mt-0 u-hide\" data-filter-fallback-id=\"ams-article-list-69e07bd429ee6\">\n\t<p>Det finns inga resultat som matchar din filtrering.<\/p>\n<\/div>\n\n\t    <div class=\"ams-article__more u-inline-items js-load-more-btn\">\n        <button href=\"#\"\n                class=\"c-btn\"\n                data-style=\"round\"\n                data-size=\"md\"\n                data-width=\"full-mobile\"\n                data-variant=\"outline\">\n        \tVisa fler resultat\n        <\/button>\n    <\/div>\n\n\n\t\t\n\t\t\t<\/div>\n\n\t\t\n\n<\/section>\n\n\n\n\n<section  class=\"ams-cta ams-cta--stacked c-block l-stacked\" data-color-scheme=\"orange\">\n\t<div class=\"l-container-narrow l-stack l-stack-fluid-2xl u-pt-fluid-3xl-6xl u-pb-fluid-3xl-6xl is-center is-center@md\">\n\t\t\t\t\t<div class=\"ams-cta__intro l-stack l-stack-lg\">\n\t\t\t\t\t\n\t<h2\n\tclass=\"c-heading u-font-title-1 \"\n\tstyle=\"\">\n\t\t\n\t\t\t\t\tPrata utlandspraktik med oss p\u00e5 \u00f6ppet hus!\n\t\t\t\t\n\t<\/h2>\n\n\t\t\t\t\t\t\t\t\t<div class=\"c-text l-stack u-cs-xl u-font-body\">\n\t\t\t\t\t\t<p><span data-sheets-root=\"1\" data-sheets-value=\"{&quot;1&quot;:2,&quot;2&quot;:&quot;Vill du veta mer om det g\u00e5r till att s\u00f6ka utlandspraktik eller hur det \u00e4r att vara iv\u00e4g? P\u00e5 v\u00e5ra \u00f6ppna hus kan vi ber\u00e4tta \u00e4nnu mer om samarbetet med EuroPraktiska och svara p\u00e5 alla dina fr\u00e5gor och funderingar.  &quot;}\" data-sheets-userformat=\"{&quot;2&quot;:4995,&quot;3&quot;:{&quot;1&quot;:0},&quot;4&quot;:{&quot;1&quot;:2,&quot;2&quot;:10797812},&quot;10&quot;:2,&quot;11&quot;:4,&quot;12&quot;:0,&quot;15&quot;:&quot;Helvetica Neue&quot;}\">Vill du veta mer om det g\u00e5r till att s\u00f6ka utlandspraktik eller hur det \u00e4r att vara iv\u00e4g? P\u00e5 v\u00e5ra \u00f6ppna hus kan vi ber\u00e4tta \u00e4nnu mer om samarbetet med EuroPraktiska och svara p\u00e5 alla dina fr\u00e5gor och funderingar. <\/span><\/p>\n\n\t\t\t\t\t<\/div>\n\t\t\t\t\t\t\t<\/div>\n\t\t\n\t\t\n\t\t\t<div class=\"ams-cta__action u-inline-items\">\n\t\t\t\t\t\t\t\n\n\n<a href=\"https:\/\/praktiska.se\/kalmar\/oppet-hus\/\"\n\t\n\tclass=\"c-btn \"\n\tdata-style=\"round\"\n\tdata-size=\"md\"\n\tdata-width=\"full-mobile\"\n\tdata-variant=\"default\"\n\ttarget=\"_self\">\n\t\t\t<span class=\"label\"> Kom p\u00e5 \u00f6ppet hus<\/span>\n\t\t\t<\/a>\n\t\t\t<\/div>\n\t<\/div>\n\n\t\t\n\n<\/section>\n","protected":false},"excerpt":{"rendered":"","protected":false},"author":1,"featured_media":0,"parent":412,"menu_order":0,"comment_status":"closed","ping_status":"closed","template":"","meta":{"footnotes":""},"yoast_head":"<!-- This site is optimized with the Yoast SEO plugin v22.0 - https:\/\/yoast.com\/wordpress\/plugins\/seo\/ -->\n<title>Erasmus - Praktiska Gymnasiet Kalmar<\/title>\n<meta name=\"description\" content=\"Elever p\u00e5 v\u00e5r skola f\u00e5r m\u00f6jlighet att g\u00f6ra delar av sin praktik utomlands i samarbete med Erasmus. L\u00e4s mer om hur det fungerar!\" \/>\n<meta name=\"robots\" content=\"index, follow, max-snippet:-1, max-image-preview:large, max-video-preview:-1\" \/>\n<link rel=\"canonical\" href=\"https:\/\/praktiska.se\/kalmar\/om-praktiska\/erasmus\/\" \/>\n<meta property=\"og:locale\" content=\"sv_SE\" \/>\n<meta property=\"og:type\" content=\"article\" \/>\n<meta property=\"og:title\" content=\"Erasmus - Praktiska Gymnasiet Kalmar\" \/>\n<meta property=\"og:description\" content=\"Elever p\u00e5 v\u00e5r skola f\u00e5r m\u00f6jlighet att g\u00f6ra delar av sin praktik utomlands i samarbete med Erasmus. L\u00e4s mer om hur det fungerar!\" \/>\n<meta property=\"og:url\" content=\"https:\/\/praktiska.se\/kalmar\/om-praktiska\/erasmus\/\" \/>\n<meta property=\"og:site_name\" content=\"Kalmar\" \/>\n<meta property=\"article:modified_time\" content=\"2025-06-30T13:11:33+00:00\" \/>\n<meta name=\"twitter:card\" content=\"summary_large_image\" \/>\n<meta name=\"twitter:title\" content=\"Erasmus - Praktiska Gymnasiet Kalmar\" \/>\n<meta name=\"twitter:description\" content=\"Elever p\u00e5 v\u00e5r skola f\u00e5r m\u00f6jlighet att g\u00f6ra delar av sin praktik utomlands i samarbete med Erasmus. L\u00e4s mer om hur det fungerar!\" \/>\n<meta name=\"twitter:label1\" content=\"Est. reading time\" \/>\n\t<meta name=\"twitter:data1\" content=\"2 minuter\" \/>\n<script type=\"application\/ld+json\" class=\"yoast-schema-graph\">{\"@context\":\"https:\/\/schema.org\",\"@graph\":[{\"@type\":\"WebPage\",\"@id\":\"https:\/\/praktiska.se\/kalmar\/om-praktiska\/erasmus\/\",\"url\":\"https:\/\/praktiska.se\/kalmar\/om-praktiska\/erasmus\/\",\"name\":\"Erasmus - Praktiska Gymnasiet Kalmar\",\"isPartOf\":{\"@id\":\"https:\/\/praktiska.se\/kalmar\/#website\"},\"datePublished\":\"2023-11-16T11:50:18+00:00\",\"dateModified\":\"2025-06-30T13:11:33+00:00\",\"description\":\"Elever p\u00e5 v\u00e5r skola f\u00e5r m\u00f6jlighet att g\u00f6ra delar av sin praktik utomlands i samarbete med Erasmus. L\u00e4s mer om hur det fungerar!\",\"breadcrumb\":{\"@id\":\"https:\/\/praktiska.se\/kalmar\/om-praktiska\/erasmus\/#breadcrumb\"},\"inLanguage\":\"sv-SE\",\"potentialAction\":[{\"@type\":\"ReadAction\",\"target\":[\"https:\/\/praktiska.se\/kalmar\/om-praktiska\/erasmus\/\"]}]},{\"@type\":\"BreadcrumbList\",\"@id\":\"https:\/\/praktiska.se\/kalmar\/om-praktiska\/erasmus\/#breadcrumb\",\"itemListElement\":[{\"@type\":\"ListItem\",\"position\":1,\"name\":\"Start\",\"item\":\"https:\/\/praktiska.se\/kalmar\/\"},{\"@type\":\"ListItem\",\"position\":2,\"name\":\"Om Praktiska\",\"item\":\"https:\/\/praktiska.se\/kalmar\/om-praktiska\/\"},{\"@type\":\"ListItem\",\"position\":3,\"name\":\"Erasmus\"}]},{\"@type\":\"WebSite\",\"@id\":\"https:\/\/praktiska.se\/kalmar\/#website\",\"url\":\"https:\/\/praktiska.se\/kalmar\/\",\"name\":\"Kalmar\",\"description\":\"Vi utbildar framtidens arbetskraft\",\"potentialAction\":[{\"@type\":\"SearchAction\",\"target\":{\"@type\":\"EntryPoint\",\"urlTemplate\":\"https:\/\/praktiska.se\/kalmar\/?s={search_term_string}\"},\"query-input\":\"required name=search_term_string\"}],\"inLanguage\":\"sv-SE\"}]}<\/script>\n<!-- \/ Yoast SEO plugin. -->","yoast_head_json":{"title":"Erasmus - Praktiska Gymnasiet Kalmar","description":"Elever p\u00e5 v\u00e5r skola f\u00e5r m\u00f6jlighet att g\u00f6ra delar av sin praktik utomlands i samarbete med Erasmus. L\u00e4s mer om hur det fungerar!","robots":{"index":"index","follow":"follow","max-snippet":"max-snippet:-1","max-image-preview":"max-image-preview:large","max-video-preview":"max-video-preview:-1"},"canonical":"https:\/\/praktiska.se\/kalmar\/om-praktiska\/erasmus\/","og_locale":"sv_SE","og_type":"article","og_title":"Erasmus - Praktiska Gymnasiet Kalmar","og_description":"Elever p\u00e5 v\u00e5r skola f\u00e5r m\u00f6jlighet att g\u00f6ra delar av sin praktik utomlands i samarbete med Erasmus. L\u00e4s mer om hur det fungerar!","og_url":"https:\/\/praktiska.se\/kalmar\/om-praktiska\/erasmus\/","og_site_name":"Kalmar","article_modified_time":"2025-06-30T13:11:33+00:00","twitter_card":"summary_large_image","twitter_title":"Erasmus - Praktiska Gymnasiet Kalmar","twitter_description":"Elever p\u00e5 v\u00e5r skola f\u00e5r m\u00f6jlighet att g\u00f6ra delar av sin praktik utomlands i samarbete med Erasmus. L\u00e4s mer om hur det fungerar!","twitter_misc":{"Est. reading time":"2 minuter"},"schema":{"@context":"https:\/\/schema.org","@graph":[{"@type":"WebPage","@id":"https:\/\/praktiska.se\/kalmar\/om-praktiska\/erasmus\/","url":"https:\/\/praktiska.se\/kalmar\/om-praktiska\/erasmus\/","name":"Erasmus - Praktiska Gymnasiet Kalmar","isPartOf":{"@id":"https:\/\/praktiska.se\/kalmar\/#website"},"datePublished":"2023-11-16T11:50:18+00:00","dateModified":"2025-06-30T13:11:33+00:00","description":"Elever p\u00e5 v\u00e5r skola f\u00e5r m\u00f6jlighet att g\u00f6ra delar av sin praktik utomlands i samarbete med Erasmus. L\u00e4s mer om hur det fungerar!","breadcrumb":{"@id":"https:\/\/praktiska.se\/kalmar\/om-praktiska\/erasmus\/#breadcrumb"},"inLanguage":"sv-SE","potentialAction":[{"@type":"ReadAction","target":["https:\/\/praktiska.se\/kalmar\/om-praktiska\/erasmus\/"]}]},{"@type":"BreadcrumbList","@id":"https:\/\/praktiska.se\/kalmar\/om-praktiska\/erasmus\/#breadcrumb","itemListElement":[{"@type":"ListItem","position":1,"name":"Start","item":"https:\/\/praktiska.se\/kalmar\/"},{"@type":"ListItem","position":2,"name":"Om Praktiska","item":"https:\/\/praktiska.se\/kalmar\/om-praktiska\/"},{"@type":"ListItem","position":3,"name":"Erasmus"}]},{"@type":"WebSite","@id":"https:\/\/praktiska.se\/kalmar\/#website","url":"https:\/\/praktiska.se\/kalmar\/","name":"Kalmar","description":"Vi utbildar framtidens arbetskraft","potentialAction":[{"@type":"SearchAction","target":{"@type":"EntryPoint","urlTemplate":"https:\/\/praktiska.se\/kalmar\/?s={search_term_string}"},"query-input":"required name=search_term_string"}],"inLanguage":"sv-SE"}]}},"_links":{"self":[{"href":"https:\/\/praktiska.se\/kalmar\/wp-json\/wp\/v2\/pages\/2114"}],"collection":[{"href":"https:\/\/praktiska.se\/kalmar\/wp-json\/wp\/v2\/pages"}],"about":[{"href":"https:\/\/praktiska.se\/kalmar\/wp-json\/wp\/v2\/types\/page"}],"author":[{"embeddable":true,"href":"https:\/\/praktiska.se\/kalmar\/wp-json\/wp\/v2\/users\/1"}],"replies":[{"embeddable":true,"href":"https:\/\/praktiska.se\/kalmar\/wp-json\/wp\/v2\/comments?post=2114"}],"version-history":[{"count":10,"href":"https:\/\/praktiska.se\/kalmar\/wp-json\/wp\/v2\/pages\/2114\/revisions"}],"predecessor-version":[{"id":3411,"href":"https:\/\/praktiska.se\/kalmar\/wp-json\/wp\/v2\/pages\/2114\/revisions\/3411"}],"up":[{"embeddable":true,"href":"https:\/\/praktiska.se\/kalmar\/wp-json\/wp\/v2\/pages\/412"}],"wp:attachment":[{"href":"https:\/\/praktiska.se\/kalmar\/wp-json\/wp\/v2\/media?parent=2114"}],"curies":[{"name":"wp","href":"https:\/\/api.w.org\/{rel}","templated":true}]}}