{"id":2643,"date":"2023-11-29T10:49:07","date_gmt":"2023-11-29T09:49:07","guid":{"rendered":"https:\/\/praktiska.se\/helsingborg\/?page_id=2643"},"modified":"2023-11-29T10:49:08","modified_gmt":"2023-11-29T09:49:08","slug":"kamerabevakning","status":"publish","type":"page","link":"https:\/\/praktiska.se\/helsingborg\/kamerabevakning\/","title":{"rendered":"Kamerabevakning"},"content":{"rendered":"\n<div class=\"wp-block-group is-style-narrow is-layout-flow wp-block-group-is-layout-flow\">\n<h1 class=\"wp-block-heading\">Kamerabevakning<\/h1>\n\n\n\n<p   class=\"site__ingress container text-left  site__text-color--dark  site__free_text--ingress p-0\">\n\tDu som bes\u00f6ker skolan har r\u00e4tt att f\u00e5 information om hur huvudmannen\/skolan behandlar personuppgifter med anledningen av skolans kamerabevakning. Vissa av skolans utrymmen bevakas med hj\u00e4lp av bevakningskameror.<\/p>\n\n\n\n\n\n<p>P\u00e5 de omr\u00e5den d\u00e4r skolan kamerabevakar finns skyltar som informerar om att omr\u00e5det \u00e4r kamerabevakat. Ifall du r\u00f6r dig inom det omr\u00e5det, kommer du att synas p\u00e5 skolans bevakningsmonitorer. Den som \u00e4r ansvarig f\u00f6r kamera\u00f6vervakningen p\u00e5 Praktiska gymnasiet, ORT \u00e4r huvudmannen, allts\u00e5 Praktiska gymnasiet AB. Huvudmannen \u00e4r d\u00e4rmed ocks\u00e5 personuppgiftsansvarig.<\/p>\n\n\n\n<p>Syftet med bevakningen i skolans lokaler \u00e4r att s\u00e4kerst\u00e4lla att det inte ska f\u00f6rkomma hot, v\u00e5ld, skadeg\u00f6relse eller annan illegal verksamhet. Skolan har r\u00e4tt att behandla och bevara bilder som spelas in via bevakningskamerorna. Bildmaterialet sparas som huvudregel i fyra (4) dagar, men kan sparas under en l\u00e4ngre period beroende p\u00e5 \u00e4ndam\u00e5let med materialet.<\/p>\n\n\n\n<p>Inspelat material f\u00f6rvaras p\u00e5 s\u00e4rskilt datalagringsmedia i kamerabevakningsutrustningen. Beh\u00f6righet att f\u00e5 tillg\u00e5ng till materialet \u00e4r begr\u00e4nsad. Materialet hanteras med sekretess i enlighet med 22 \u00a7 kamerabevakningslagen. Skolan kan l\u00e4mna ut materialet till polisen om det f\u00f6religger misstanke om brott.<\/p>\n\n\n\n<h4 class=\"wp-block-heading\">Dina personuppgifter<\/h4>\n\n\n\n<p>Du har r\u00e4tt att beg\u00e4ra att f\u00e5 veta om skolan behandlar personuppgifter som r\u00f6r dig och i s\u00e5 fall f\u00e5 del av uppgifterna och viss information om behandlingen (ett s\u00e5 kallat registerutdrag). Om du beg\u00e4r registerutdrag mer \u00e4n en g\u00e5ng per \u00e5r kan skolan komma att avsl\u00e5 din beg\u00e4ran eller ta ut en rimlig avgift f\u00f6r den.<\/p>\n\n\n\n<p>Du har \u00e4ven bland annat r\u00e4tt att beg\u00e4ra radering av dina personuppgifter, g\u00f6ra inv\u00e4ndningar mot behandlingen och beg\u00e4ra begr\u00e4nsning av behandlingen av dem. Om du beg\u00e4r r\u00e4ttelse, radering, inv\u00e4nder mot behandlingen eller beg\u00e4r begr\u00e4nsning av den kommer skolan att pr\u00f6va om den \u00e5tg\u00e4rd du beg\u00e4r ska vidtas eller inte. <a href=\"https:\/\/medarbetare.academedia.se\/gymnasieskola\/dataskydd\/vardnadshavare\/\" target=\"_blank\" rel=\"noreferrer noopener\">L\u00e4s mer h\u00e4r<\/a> om hur AcadeMedia hanterar personuppgifter.<\/p>\n\n\n\n<h4 class=\"wp-block-heading\">Datainspektionen<\/h4>\n\n\n\n<p>Du har r\u00e4tt att klaga till Datainspektionen. Om du anser att skolan har behandlat dina personuppgifter p\u00e5 ett s\u00e4tt som st\u00e5r i strid med g\u00e4llande best\u00e4mmelser om behandling av s\u00e5dana uppgifter, kan du v\u00e4nda dig till Datainspektionen med klagom\u00e5l. Du kan komma i kontakt med Datainspektionen via epost: <a href=\"mailto:datainspektionen@datainspektionen.se\">datainspektionen@datainspektionen.se<\/a>.<\/p>\n\n\n\n<p>Du kan \u00e4ven ringa dem p\u00e5 08-657 61 00 eller n\u00e5 dem per post p\u00e5 adress: Datainspektionen, Box 8114, 104 20 Stockholm.<\/p>\n\n\n\n<h4 class=\"wp-block-heading\">Vid fr\u00e5gor<\/h4>\n\n\n\n<p>Om du har fr\u00e5gor n\u00e4r det g\u00e4ller skolans personuppgiftsbehandling kan v\u00e4nda dig till skolans dataskyddsombud: <a href=\"mailto:edina.kurtagic@praktiska.se\">edina.kurtagic@praktiska.se<\/a><\/p>\n\n\n\n\t<div class=\"module_wrapper ams_remote_pages_module \">\n\t\t\n\n<section  class=\"ams-cta ams-cta--stacked c-block l-stacked\" data-color-scheme=\"gray\">\n\t<div class=\"l-container-narrow l-stack l-stack-fluid-2xl u-pt-fluid-3xl-6xl u-pb-fluid-3xl-6xl is-center is-center@md\">\n\t\t\t\t\t<div class=\"ams-cta__intro l-stack l-stack-lg\">\n\t\t\t\t\t\n\t<h2\n\tclass=\"c-heading u-font-title-1 \"\n\tstyle=\"\">\n\t\t\n\t\t\t\t\tHittar du inte svaret p\u00e5 din fr\u00e5ga?\n\t\t\t\t\n\t<\/h2>\n\n\t\t\t\t\t\t\t\t\t<div class=\"c-text l-stack u-cs-xl u-font-body\">\n\t\t\t\t\t\t<p><span data-sheets-root=\"1\" data-sheets-value=\"{&quot;1&quot;:2,&quot;2&quot;:&quot;Om du har fr\u00e5gor eller funderingar \u00e4r du v\u00e4lkommen att kontakta oss. &quot;}\" data-sheets-userformat=\"{&quot;2&quot;:4993,&quot;3&quot;:{&quot;1&quot;:0},&quot;10&quot;:0,&quot;11&quot;:4,&quot;12&quot;:0,&quot;15&quot;:&quot;Helvetica Neue&quot;}\">Om du har fr\u00e5gor eller funderingar \u00e4r du v\u00e4lkommen att kontakta oss. <\/span><\/p>\n\n\t\t\t\t\t<\/div>\n\t\t\t\t\t\t\t<\/div>\n\t\t\n\t\t\n\t\t\t<div class=\"ams-cta__action u-inline-items\">\n\t\t\t\t\t\t\t\n\n\n<a href=\"https:\/\/praktiska.se\/helsingborg\/kontakt\/\"\n\t\n\tclass=\"c-btn \"\n\tdata-style=\"round\"\n\tdata-size=\"md\"\n\tdata-width=\"full-mobile\"\n\tdata-variant=\"default\"\n\ttarget=\"_self\">\n\t\t\t<span class=\"label\"> Kontakta oss<\/span>\n\t\t\t<\/a>\n\t\t\t<\/div>\n\t<\/div>\n\n\t\t\n\n<\/section>\n\t<\/div>\n\n\t<\/div>\n","protected":false},"excerpt":{"rendered":"<p>Kamerabevakning P\u00e5 de omr\u00e5den d\u00e4r skolan kamerabevakar finns skyltar som informerar om att omr\u00e5det \u00e4r kamerabevakat. Ifall du r\u00f6r dig inom det omr\u00e5det, kommer du att synas p\u00e5 skolans bevakningsmonitorer. Den som \u00e4r ansvarig f\u00f6r kamera\u00f6vervakningen p\u00e5 Praktiska gymnasiet, ORT \u00e4r huvudmannen, allts\u00e5 Praktiska gymnasiet AB. Huvudmannen \u00e4r d\u00e4rmed ocks\u00e5 personuppgiftsansvarig. Syftet med bevakningen i&#8230;<\/p>\n","protected":false},"author":9,"featured_media":0,"parent":0,"menu_order":0,"comment_status":"closed","ping_status":"closed","template":"","meta":{"footnotes":""},"yoast_head":"<!-- This site is optimized with the Yoast SEO plugin v22.0 - https:\/\/yoast.com\/wordpress\/plugins\/seo\/ -->\n<title>Kamerabevakning - Praktiska Gymnasiet Helsingborg<\/title>\n<meta name=\"description\" content=\"Du som bes\u00f6ker skolan har r\u00e4tt att f\u00e5 information om hur skolan behandlar personuppgifter med anledningen av skolans kamerabevakning.\" \/>\n<meta name=\"robots\" content=\"index, follow, max-snippet:-1, max-image-preview:large, max-video-preview:-1\" \/>\n<link rel=\"canonical\" href=\"https:\/\/praktiska.se\/helsingborg\/kamerabevakning\/\" \/>\n<meta property=\"og:locale\" content=\"sv_SE\" \/>\n<meta property=\"og:type\" content=\"article\" \/>\n<meta property=\"og:title\" content=\"Kamerabevakning - Praktiska Gymnasiet Helsingborg\" \/>\n<meta property=\"og:description\" content=\"Du som bes\u00f6ker skolan har r\u00e4tt att f\u00e5 information om hur skolan behandlar personuppgifter med anledningen av skolans kamerabevakning.\" \/>\n<meta property=\"og:url\" content=\"https:\/\/praktiska.se\/helsingborg\/kamerabevakning\/\" \/>\n<meta property=\"og:site_name\" content=\"Helsingborg\" \/>\n<meta property=\"article:modified_time\" content=\"2023-11-29T09:49:08+00:00\" \/>\n<meta name=\"twitter:card\" content=\"summary_large_image\" \/>\n<meta name=\"twitter:title\" content=\"Kamerabevakning - Praktiska Gymnasiet Helsingborg\" \/>\n<meta name=\"twitter:description\" content=\"Du som bes\u00f6ker skolan har r\u00e4tt att f\u00e5 information om hur skolan behandlar personuppgifter med anledningen av skolans kamerabevakning.\" \/>\n<meta name=\"twitter:label1\" content=\"Est. reading time\" \/>\n\t<meta name=\"twitter:data1\" content=\"2 minuter\" \/>\n<script type=\"application\/ld+json\" class=\"yoast-schema-graph\">{\"@context\":\"https:\/\/schema.org\",\"@graph\":[{\"@type\":\"WebPage\",\"@id\":\"https:\/\/praktiska.se\/helsingborg\/kamerabevakning\/\",\"url\":\"https:\/\/praktiska.se\/helsingborg\/kamerabevakning\/\",\"name\":\"Kamerabevakning - Helsingborg\",\"isPartOf\":{\"@id\":\"https:\/\/praktiska.se\/helsingborg\/#website\"},\"datePublished\":\"2023-11-29T09:49:07+00:00\",\"dateModified\":\"2023-11-29T09:49:08+00:00\",\"breadcrumb\":{\"@id\":\"https:\/\/praktiska.se\/helsingborg\/kamerabevakning\/#breadcrumb\"},\"inLanguage\":\"sv-SE\",\"potentialAction\":[{\"@type\":\"ReadAction\",\"target\":[\"https:\/\/praktiska.se\/helsingborg\/kamerabevakning\/\"]}]},{\"@type\":\"BreadcrumbList\",\"@id\":\"https:\/\/praktiska.se\/helsingborg\/kamerabevakning\/#breadcrumb\",\"itemListElement\":[{\"@type\":\"ListItem\",\"position\":1,\"name\":\"Start\",\"item\":\"https:\/\/praktiska.se\/helsingborg\/\"},{\"@type\":\"ListItem\",\"position\":2,\"name\":\"Kamerabevakning\"}]},{\"@type\":\"WebSite\",\"@id\":\"https:\/\/praktiska.se\/helsingborg\/#website\",\"url\":\"https:\/\/praktiska.se\/helsingborg\/\",\"name\":\"Helsingborg\",\"description\":\"Vi utbildar framtidens arbetskraft\",\"potentialAction\":[{\"@type\":\"SearchAction\",\"target\":{\"@type\":\"EntryPoint\",\"urlTemplate\":\"https:\/\/praktiska.se\/helsingborg\/?s={search_term_string}\"},\"query-input\":\"required name=search_term_string\"}],\"inLanguage\":\"sv-SE\"}]}<\/script>\n<!-- \/ Yoast SEO plugin. -->","yoast_head_json":{"title":"Kamerabevakning - Praktiska Gymnasiet Helsingborg","description":"Du som bes\u00f6ker skolan har r\u00e4tt att f\u00e5 information om hur skolan behandlar personuppgifter med anledningen av skolans kamerabevakning.","robots":{"index":"index","follow":"follow","max-snippet":"max-snippet:-1","max-image-preview":"max-image-preview:large","max-video-preview":"max-video-preview:-1"},"canonical":"https:\/\/praktiska.se\/helsingborg\/kamerabevakning\/","og_locale":"sv_SE","og_type":"article","og_title":"Kamerabevakning - Praktiska Gymnasiet Helsingborg","og_description":"Du som bes\u00f6ker skolan har r\u00e4tt att f\u00e5 information om hur skolan behandlar personuppgifter med anledningen av skolans kamerabevakning.","og_url":"https:\/\/praktiska.se\/helsingborg\/kamerabevakning\/","og_site_name":"Helsingborg","article_modified_time":"2023-11-29T09:49:08+00:00","twitter_card":"summary_large_image","twitter_title":"Kamerabevakning - Praktiska Gymnasiet Helsingborg","twitter_description":"Du som bes\u00f6ker skolan har r\u00e4tt att f\u00e5 information om hur skolan behandlar personuppgifter med anledningen av skolans kamerabevakning.","twitter_misc":{"Est. reading time":"2 minuter"},"schema":{"@context":"https:\/\/schema.org","@graph":[{"@type":"WebPage","@id":"https:\/\/praktiska.se\/helsingborg\/kamerabevakning\/","url":"https:\/\/praktiska.se\/helsingborg\/kamerabevakning\/","name":"Kamerabevakning - Helsingborg","isPartOf":{"@id":"https:\/\/praktiska.se\/helsingborg\/#website"},"datePublished":"2023-11-29T09:49:07+00:00","dateModified":"2023-11-29T09:49:08+00:00","breadcrumb":{"@id":"https:\/\/praktiska.se\/helsingborg\/kamerabevakning\/#breadcrumb"},"inLanguage":"sv-SE","potentialAction":[{"@type":"ReadAction","target":["https:\/\/praktiska.se\/helsingborg\/kamerabevakning\/"]}]},{"@type":"BreadcrumbList","@id":"https:\/\/praktiska.se\/helsingborg\/kamerabevakning\/#breadcrumb","itemListElement":[{"@type":"ListItem","position":1,"name":"Start","item":"https:\/\/praktiska.se\/helsingborg\/"},{"@type":"ListItem","position":2,"name":"Kamerabevakning"}]},{"@type":"WebSite","@id":"https:\/\/praktiska.se\/helsingborg\/#website","url":"https:\/\/praktiska.se\/helsingborg\/","name":"Helsingborg","description":"Vi utbildar framtidens arbetskraft","potentialAction":[{"@type":"SearchAction","target":{"@type":"EntryPoint","urlTemplate":"https:\/\/praktiska.se\/helsingborg\/?s={search_term_string}"},"query-input":"required name=search_term_string"}],"inLanguage":"sv-SE"}]}},"_links":{"self":[{"href":"https:\/\/praktiska.se\/helsingborg\/wp-json\/wp\/v2\/pages\/2643"}],"collection":[{"href":"https:\/\/praktiska.se\/helsingborg\/wp-json\/wp\/v2\/pages"}],"about":[{"href":"https:\/\/praktiska.se\/helsingborg\/wp-json\/wp\/v2\/types\/page"}],"author":[{"embeddable":true,"href":"https:\/\/praktiska.se\/helsingborg\/wp-json\/wp\/v2\/users\/9"}],"replies":[{"embeddable":true,"href":"https:\/\/praktiska.se\/helsingborg\/wp-json\/wp\/v2\/comments?post=2643"}],"version-history":[{"count":2,"href":"https:\/\/praktiska.se\/helsingborg\/wp-json\/wp\/v2\/pages\/2643\/revisions"}],"predecessor-version":[{"id":2645,"href":"https:\/\/praktiska.se\/helsingborg\/wp-json\/wp\/v2\/pages\/2643\/revisions\/2645"}],"wp:attachment":[{"href":"https:\/\/praktiska.se\/helsingborg\/wp-json\/wp\/v2\/media?parent=2643"}],"curies":[{"name":"wp","href":"https:\/\/api.w.org\/{rel}","templated":true}]}}