{"id":1215,"date":"2023-03-30T11:51:33","date_gmt":"2023-03-30T09:51:33","guid":{"rendered":"https:\/\/praktiska.se\/helsingborg\/?page_id=1215"},"modified":"2023-11-23T10:49:38","modified_gmt":"2023-11-23T09:49:38","slug":"intervjuer","status":"publish","type":"page","link":"https:\/\/praktiska.se\/helsingborg\/intervjuer\/","title":{"rendered":"Intervjuer"},"content":{"rendered":"\n\n\n<section  class=\"ams-article c-block l-stacked js-load-more\" data-color-scheme=\"kort-vit-bakgrund\" data-count=\"6\" data-count-mobile=\"3\">\n\t<div class=\"l-container l-stack l-stack-fluid-2xl u-pt-fluid-3xl-6xl u-pb-fluid-3xl-6xl is-center is-center@md\">\n\t\t\t\t\t<div class=\"ams-article__intro l-stack l-stack-lg\">\n\t\t\t\t\t\n\t<h1\n\tclass=\"c-heading u-font-title-1 \"\n\tstyle=\"\">\n\t\t\n\t\t\t\t\tIntervjuer\n\t\t\t\t\n\t<\/h1>\n\n\t\t\t\t\t\t\t<\/div>\n\t\t\n\t\t\t\n\t    \n\t\n\t<ul id=\"ams-article-list-69f49c62d6744\" class=\"ams-article__list l-grid u-gap-2xl u-justify-center js-results \" aria-label=\"Artiklar\" data-filter-animation=\"off\">\n\t\t\t<\/ul>\n\n\t<div class=\"no-results u-mt-0 u-hide\" data-filter-fallback-id=\"ams-article-list-69f49c62d6744\">\n\t<p>Det finns inga resultat som matchar din filtrering.<\/p>\n<\/div>\n\n\t\n\n\t\t\n\t\t\t<\/div>\n\n\t\t\n\n<\/section>\n","protected":false},"excerpt":{"rendered":"","protected":false},"author":1,"featured_media":0,"parent":0,"menu_order":0,"comment_status":"closed","ping_status":"closed","template":"archive-testimonial.php","meta":{"footnotes":""},"yoast_head":"<!-- This site is optimized with the Yoast SEO plugin v22.0 - https:\/\/yoast.com\/wordpress\/plugins\/seo\/ -->\n<title>Helsingborg<\/title>\n<meta name=\"description\" content=\"L\u00e4s intervjuer med elever och l\u00e4rare p\u00e5 v\u00e5r skola. H\u00e4r ber\u00e4ttar de om vad de f\u00e5r l\u00e4ra sig under sin tid p\u00e5 Praktiska.\" \/>\n<meta name=\"robots\" content=\"index, follow, max-snippet:-1, max-image-preview:large, max-video-preview:-1\" \/>\n<link rel=\"canonical\" href=\"https:\/\/praktiska.se\/helsingborg\/intervjuer\/\" \/>\n<meta property=\"og:locale\" content=\"sv_SE\" \/>\n<meta property=\"og:type\" content=\"article\" \/>\n<meta property=\"og:description\" content=\"L\u00e4s intervjuer med elever och l\u00e4rare p\u00e5 v\u00e5r skola. H\u00e4r ber\u00e4ttar de om vad de f\u00e5r l\u00e4ra sig under sin tid p\u00e5 Praktiska.\" \/>\n<meta property=\"og:url\" content=\"https:\/\/praktiska.se\/helsingborg\/intervjuer\/\" \/>\n<meta property=\"og:site_name\" content=\"Helsingborg\" \/>\n<meta property=\"article:modified_time\" content=\"2023-11-23T09:49:38+00:00\" \/>\n<meta name=\"twitter:card\" content=\"summary_large_image\" \/>\n<meta name=\"twitter:description\" content=\"L\u00e4s intervjuer med elever och l\u00e4rare p\u00e5 v\u00e5r skola. H\u00e4r ber\u00e4ttar de om vad de f\u00e5r l\u00e4ra sig under sin tid p\u00e5 Praktiska.\" \/>\n<script type=\"application\/ld+json\" class=\"yoast-schema-graph\">{\"@context\":\"https:\/\/schema.org\",\"@graph\":[{\"@type\":\"WebPage\",\"@id\":\"https:\/\/praktiska.se\/helsingborg\/intervjuer\/\",\"url\":\"https:\/\/praktiska.se\/helsingborg\/intervjuer\/\",\"name\":\"Intervjuer - Helsingborg\",\"isPartOf\":{\"@id\":\"https:\/\/praktiska.se\/helsingborg\/#website\"},\"datePublished\":\"2023-03-30T09:51:33+00:00\",\"dateModified\":\"2023-11-23T09:49:38+00:00\",\"description\":\"L\u00e4s intervjuer med elever och l\u00e4rare p\u00e5 v\u00e5r skola. H\u00e4r ber\u00e4ttar de om vad de f\u00e5r l\u00e4ra sig under sin tid p\u00e5 Praktiska.\",\"breadcrumb\":{\"@id\":\"https:\/\/praktiska.se\/helsingborg\/intervjuer\/#breadcrumb\"},\"inLanguage\":\"sv-SE\",\"potentialAction\":[{\"@type\":\"ReadAction\",\"target\":[\"https:\/\/praktiska.se\/helsingborg\/intervjuer\/\"]}]},{\"@type\":\"BreadcrumbList\",\"@id\":\"https:\/\/praktiska.se\/helsingborg\/intervjuer\/#breadcrumb\",\"itemListElement\":[{\"@type\":\"ListItem\",\"position\":1,\"name\":\"Start\",\"item\":\"https:\/\/praktiska.se\/helsingborg\/\"},{\"@type\":\"ListItem\",\"position\":2,\"name\":\"Intervjuer\"}]},{\"@type\":\"WebSite\",\"@id\":\"https:\/\/praktiska.se\/helsingborg\/#website\",\"url\":\"https:\/\/praktiska.se\/helsingborg\/\",\"name\":\"Helsingborg\",\"description\":\"Vi utbildar framtidens arbetskraft\",\"potentialAction\":[{\"@type\":\"SearchAction\",\"target\":{\"@type\":\"EntryPoint\",\"urlTemplate\":\"https:\/\/praktiska.se\/helsingborg\/?s={search_term_string}\"},\"query-input\":\"required name=search_term_string\"}],\"inLanguage\":\"sv-SE\"}]}<\/script>\n<!-- \/ Yoast SEO plugin. -->","yoast_head_json":{"title":"Helsingborg","description":"L\u00e4s intervjuer med elever och l\u00e4rare p\u00e5 v\u00e5r skola. H\u00e4r ber\u00e4ttar de om vad de f\u00e5r l\u00e4ra sig under sin tid p\u00e5 Praktiska.","robots":{"index":"index","follow":"follow","max-snippet":"max-snippet:-1","max-image-preview":"max-image-preview:large","max-video-preview":"max-video-preview:-1"},"canonical":"https:\/\/praktiska.se\/helsingborg\/intervjuer\/","og_locale":"sv_SE","og_type":"article","og_description":"L\u00e4s intervjuer med elever och l\u00e4rare p\u00e5 v\u00e5r skola. H\u00e4r ber\u00e4ttar de om vad de f\u00e5r l\u00e4ra sig under sin tid p\u00e5 Praktiska.","og_url":"https:\/\/praktiska.se\/helsingborg\/intervjuer\/","og_site_name":"Helsingborg","article_modified_time":"2023-11-23T09:49:38+00:00","twitter_card":"summary_large_image","twitter_description":"L\u00e4s intervjuer med elever och l\u00e4rare p\u00e5 v\u00e5r skola. H\u00e4r ber\u00e4ttar de om vad de f\u00e5r l\u00e4ra sig under sin tid p\u00e5 Praktiska.","schema":{"@context":"https:\/\/schema.org","@graph":[{"@type":"WebPage","@id":"https:\/\/praktiska.se\/helsingborg\/intervjuer\/","url":"https:\/\/praktiska.se\/helsingborg\/intervjuer\/","name":"Intervjuer - Helsingborg","isPartOf":{"@id":"https:\/\/praktiska.se\/helsingborg\/#website"},"datePublished":"2023-03-30T09:51:33+00:00","dateModified":"2023-11-23T09:49:38+00:00","description":"L\u00e4s intervjuer med elever och l\u00e4rare p\u00e5 v\u00e5r skola. H\u00e4r ber\u00e4ttar de om vad de f\u00e5r l\u00e4ra sig under sin tid p\u00e5 Praktiska.","breadcrumb":{"@id":"https:\/\/praktiska.se\/helsingborg\/intervjuer\/#breadcrumb"},"inLanguage":"sv-SE","potentialAction":[{"@type":"ReadAction","target":["https:\/\/praktiska.se\/helsingborg\/intervjuer\/"]}]},{"@type":"BreadcrumbList","@id":"https:\/\/praktiska.se\/helsingborg\/intervjuer\/#breadcrumb","itemListElement":[{"@type":"ListItem","position":1,"name":"Start","item":"https:\/\/praktiska.se\/helsingborg\/"},{"@type":"ListItem","position":2,"name":"Intervjuer"}]},{"@type":"WebSite","@id":"https:\/\/praktiska.se\/helsingborg\/#website","url":"https:\/\/praktiska.se\/helsingborg\/","name":"Helsingborg","description":"Vi utbildar framtidens arbetskraft","potentialAction":[{"@type":"SearchAction","target":{"@type":"EntryPoint","urlTemplate":"https:\/\/praktiska.se\/helsingborg\/?s={search_term_string}"},"query-input":"required name=search_term_string"}],"inLanguage":"sv-SE"}]}},"_links":{"self":[{"href":"https:\/\/praktiska.se\/helsingborg\/wp-json\/wp\/v2\/pages\/1215"}],"collection":[{"href":"https:\/\/praktiska.se\/helsingborg\/wp-json\/wp\/v2\/pages"}],"about":[{"href":"https:\/\/praktiska.se\/helsingborg\/wp-json\/wp\/v2\/types\/page"}],"author":[{"embeddable":true,"href":"https:\/\/praktiska.se\/helsingborg\/wp-json\/wp\/v2\/users\/1"}],"replies":[{"embeddable":true,"href":"https:\/\/praktiska.se\/helsingborg\/wp-json\/wp\/v2\/comments?post=1215"}],"version-history":[{"count":10,"href":"https:\/\/praktiska.se\/helsingborg\/wp-json\/wp\/v2\/pages\/1215\/revisions"}],"predecessor-version":[{"id":2313,"href":"https:\/\/praktiska.se\/helsingborg\/wp-json\/wp\/v2\/pages\/1215\/revisions\/2313"}],"wp:attachment":[{"href":"https:\/\/praktiska.se\/helsingborg\/wp-json\/wp\/v2\/media?parent=1215"}],"curies":[{"name":"wp","href":"https:\/\/api.w.org\/{rel}","templated":true}]}}