{"id":2980,"date":"2024-04-09T10:52:16","date_gmt":"2024-04-09T08:52:16","guid":{"rendered":"https:\/\/praktiska.se\/falun\/?page_id=2980"},"modified":"2026-03-19T14:07:08","modified_gmt":"2026-03-19T13:07:08","slug":"ung-foretagsamhet","status":"publish","type":"page","link":"https:\/\/praktiska.se\/falun\/om-praktiska\/ung-foretagsamhet\/","title":{"rendered":"Ung f\u00f6retagsamhet"},"content":{"rendered":"\n\t\n\t\n\t\n\n\t\n\t\n\t\t\n<section  class=\"c-block l-stacked  \" data-color-scheme=\"\">\n\t<div class=\"ams-fifty ams-fifty--container ams-fifty--right ams-fifty--bottom l-container u-pt-fluid-3xl-6xl u-pb-fluid-3xl-6xl\">\n\t\t<div class=\"ams-fifty__content l-stack l-stack-xl is-left is-left@lg\">\n\t\t\t<div class=\"ams-fifty__text l-stack l-stack-lg\">\n\t\t\t\t\t\n\t<h1\n\tclass=\"c-heading u-font-title-1 \"\n\tstyle=\"\">\n\t\t\n\t\t\t\t\tUF-f\u00f6retagande p\u00e5 Praktiska Falun\n\t\t\t\t\n\t<\/h1>\n\n\t\t\t\t\t\t\t\t\t<div class=\"text l-stack u-font-body\">\n\t\t\t\t\t\t<p style=\"text-align: left;\"><span style=\"font-weight: 400;\">Hos oss p\u00e5 Praktiska Gymnasiet i Falun kan du som elev v\u00e4lja att l\u00e4sa kursen entrepren\u00f6rskap och starta ett UF-f\u00f6retag p\u00e5 alla v\u00e5ra yrkesprogram. Vi har arbetat med Ung f\u00f6retagsamhet i tio \u00e5r och har blivit utsedda till \u00e5rets UF-skola i Dalarna 2024, vilket vi \u00e4r stolta och glada \u00f6ver!<\/span><\/p>\n<p style=\"text-align: left;\">L\u00e4s nedan om hur Nellie Norrstr\u00f6m utvecklas genom att driva UF-f\u00f6retaget StyleOnTour tillsammans med 4 andra tjejer!<\/p>\n\n\t\t\t\t\t<\/div>\n\t\t\t\t\t\t\t<\/div>\n\n\t\t\t\t\t<\/div>\n\n\t\t <div class=\"ams-fifty__media u-ratio-square\">\n\t\t \t\t\t\t\t<img decoding=\"async\" width=\"600\" height=\"800\" src=\"https:\/\/praktiska.se\/wp-content\/uploads\/sites\/9\/2026\/03\/img210426-600x800.jpeg\" class=\"attachment-md size-md\" alt=\"Nellie, elev som driver UF-f\u00f6retaget StyleonTour\" sizes=\"(min-width: 64em) 600px, calc(100vw - 160px)\" srcset=\"https:\/\/praktiska.se\/wp-content\/uploads\/sites\/9\/2026\/03\/img210426-600x800.jpeg 600w, https:\/\/praktiska.se\/wp-content\/uploads\/sites\/9\/2026\/03\/img210426-300x400.jpeg 300w, https:\/\/praktiska.se\/wp-content\/uploads\/sites\/9\/2026\/03\/img210426-400x533.jpeg 400w, https:\/\/praktiska.se\/wp-content\/uploads\/sites\/9\/2026\/03\/img210426-800x1067.jpeg 800w, https:\/\/praktiska.se\/wp-content\/uploads\/sites\/9\/2026\/03\/img210426-1024x1365.jpeg 1024w, https:\/\/praktiska.se\/wp-content\/uploads\/sites\/9\/2026\/03\/img210426-1200x1600.jpeg 1200w, https:\/\/praktiska.se\/wp-content\/uploads\/sites\/9\/2026\/03\/img210426-scaled.jpeg 1920w\" \/>\n\t\t\t\n\t\t\t\n\t\t\t\t\t<\/div>\n\t<\/div>\n\n\t\t\n\n<\/section>\n\n\n\n\n<section  class=\"ams-quote c-block l-stacked\" data-color-scheme=\"orange\">\n\t<div class=\"l-container-narrow l-stack l-stack-fluid-2xl u-pt-fluid-3xl-6xl u-pb-fluid-3xl-6xl is-center is-center@md\">\n\t\t\n\t\t\t\t\t<ul class=\"ams-quote__list l-grid u-gap-fluid-2xl-4xl u-justify-center\"\n\taria-label=\"Citat\">\n\t\t\t<li class=\"l-col-12@md\">\n\t\t\t<article class=\"c-card\" data-variant=\"neutral\" >\n\t\t\t\t<div class=\"c-card__content l-stack u-text-center\">\n\t\t\t\t\t\t\t\t\t\t\t<blockquote class=\"c-card__title u-font-title-2\">\n\t\t\t\t\t\t\t\t\t\t\t\t\t\t\t<p class=\"u-quote-marks\">Jag tycker att jag blivit b\u00e4ttre p\u00e5 att samarbeta och kommunicera med andra i grupp och blivit b\u00e4ttre p\u00e5 struktur och planering.<\/p>\n\t\t\t\t\t\t\t\t\t\t\t\t\t<\/blockquote>\n\t\t\t\t\t\n\t\t\t\t\t\t\t\t\t\t\t<p class=\"c-card__text\">\n\t\t\t\t\t\t\t<span class=\"author u-font-title-4\">Nellie Norrstr\u00f6m<\/span>\n\t\t\t\t\t\t\t<span class=\"title u-font-preamble\">S\u00e4ljare p\u00e5 StyleOnTour UF<\/span>\n\t\t\t\t\t\t<\/p>\n\t\t\t\t\t\t\t\t\t<\/div>\n\n\t\t\t\t\t\t\t<\/article>\n\t\t<\/li>\n\t<\/ul>\n\t\n\t\t\t<\/div>\n\n\t\t\n\n<\/section>\n\n\n\n<div style=\"height:25px\" aria-hidden=\"true\" class=\"wp-block-spacer\"><\/div>\n\n\n\n<h2 class=\"wp-block-heading\">Tre fr\u00e5gor till Nellie om livet som UF-f\u00f6retagare <\/h2>\n\n\n\n<p><strong>Vad \u00e4r det roligaste med att driva UF-f\u00f6retag?<\/strong><\/p>\n\n\n\n<p>&#8211; Det som varit roligast \u00e4r att f\u00e5 m\u00f6jligheten att testa p\u00e5 hur det \u00e4r att starta och driva ett eget f\u00f6retag. Man f\u00e5r vara kreativ och best\u00e4mma id\u00e9n sj\u00e4lv, s\u00e4tta strukturen f\u00f6r hur man vill att f\u00f6retagsprofilen ska se ut, s\u00e4tta m\u00e5l och n\u00e5 dessa. Att driva UF med andra har dessutom lett till en b\u00e4ttre sammanh\u00e5llning, man l\u00e4r k\u00e4nna varann b\u00e4ttre och har otroligt roligt p\u00e5 v\u00e4gen.<\/p>\n\n\n\n<p><strong>Har du utvecklat n\u00e5gra nya egenskaper eller f\u00e4rdigheter under tiden som UF-f\u00f6retagare?<\/strong><\/p>\n\n\n\n<p>&#8211; Jag tycker att jag blivit b\u00e4ttre p\u00e5 att samarbeta och kommunicera med andra i grupp och blivit b\u00e4ttre p\u00e5 struktur och planering. Jag har f\u00e5tt en st\u00f6rre f\u00f6rst\u00e5else f\u00f6r andra, att se hur deras liv och erfarenheter format dem till vilka de \u00e4r. Det jag tar med mig \u00e4r alla fina livshistorier vi har tagit del av genom v\u00e5rt UF f\u00f6retag. <\/p>\n\n\n\n<p><strong>P\u00e5 vilket s\u00e4tt kommer du ha anv\u00e4ndning av dina UF-kunskaper efter gymnasiet?<\/strong><\/p>\n\n\n\n<p>&#8211; Jag har f\u00e5tt en b\u00e4ttre f\u00f6rst\u00e5else f\u00f6r hur det \u00e4r att driva f\u00f6retag, det g\u00f6r en mer f\u00f6rberedd om man vill driva eget i framtiden. Jag har ut\u00f6kat f\u00f6rm\u00e5gan att kunna samarbeta med andra som jag inte k\u00e4nner sedan innan och vara lyh\u00f6rd f\u00f6r andras&nbsp;\u00e5sikter. L\u00e4rt mig att ta mer ansvar och vara l\u00f6sningsorienterad. Vilket \u00e4r viktiga egenskaper som anst\u00e4lld i min bransch men \u00e4ven andra. Jag tror alla har nytta av att prova p\u00e5 att driva UF f\u00f6retag, det g\u00f6r att man blir mer f\u00f6rberedd f\u00f6r arbetsmarknaden.<\/p>\n\n\n<div\n\t\n\tclass=\"\n\tc-separator\n\tc-separator--line\n\tc-separator--center\n\tc-separator--center@md\n\t\n\tu-mt-fluid-md-xl\n\tu-mb-fluid-md-xl\n\t\n\t\"\n\tstyle=\"\n\t--width-desk: 100%;\n\t--width-mob: 100%;\n\t\n\t\n\t--style: solid;\n\t\n\t\">\n\t\t\t<div class=\"c-separator__line\"><\/div>\n\t<\/div>\n\n\n\n\t\n\t\n\t\n\n\t\n\t\n\t\t\n<section  class=\"c-block l-stacked  \" data-color-scheme=\"\">\n\t<div class=\"ams-fifty ams-fifty--container ams-fifty--right ams-fifty--bottom l-container u-pt-fluid-3xl-6xl u-pb-fluid-3xl-6xl\">\n\t\t<div class=\"ams-fifty__content l-stack l-stack-xl is-left is-left@lg\">\n\t\t\t<div class=\"ams-fifty__text l-stack l-stack-lg\">\n\t\t\t\t\t\n\t<h2\n\tclass=\"c-heading u-font-title-1 \"\n\tstyle=\"\">\n\t\t\n\t\t\t\t\tUtvecklas med ett UF-f\u00f6retag\n\t\t\t\t\n\t<\/h2>\n\n\t\t\t\t\t\t\t\t\t<div class=\"text l-stack u-font-body\">\n\t\t\t\t\t\t<p>Att driva UF-f\u00f6retag \u00e4r popul\u00e4rt bland v\u00e5ra elever och i dagsl\u00e4get driver alla v\u00e5ra elever i \u00e5rskurs 3 UF-f\u00f6retag. Att l\u00e4sa entrepren\u00f6rskap och starta ett UF-f\u00f6retag \u00e4r en processutbildning d\u00e4r du under ett skol\u00e5r kommer att starta och driva ett f\u00f6retag med allt vad det inneb\u00e4r, fr\u00e5n id\u00e9 till avveckling. Du kommer bland annat f\u00e5 \u00f6va p\u00e5 marknadsf\u00f6ring, redovisning och sj\u00e4lvklart f\u00f6rs\u00e4ljning.<\/p>\n<p>Hos oss p\u00e5 Praktiska Falun har vi duktiga entrepren\u00f6rskap- och UF-l\u00e4rare som finns som st\u00f6d f\u00f6r alla v\u00e5ra elever. Dessutom g\u00e5r alla v\u00e5ra yrkesl\u00e4rare Ung f\u00f6retagsamhets l\u00e4rarutbildning s\u00e5 alla elever har samma stora st\u00f6d och st\u00f6ttning under kursen, oavsett vilket program man l\u00e4ser.<\/p>\n\n\t\t\t\t\t<\/div>\n\t\t\t\t\t\t\t<\/div>\n\n\t\t\t\t\t<\/div>\n\n\t\t <div class=\"ams-fifty__media u-ratio-square\">\n\t\t \t\t\t\t\t<img decoding=\"async\" width=\"600\" height=\"800\" src=\"https:\/\/praktiska.se\/wp-content\/uploads\/sites\/9\/2024\/04\/uf-elever-pa-praktiska-gymnasiet-i-falun-600x800.jpeg\" class=\"attachment-md size-md\" alt=\"Elever fr\u00e5n Praktiska Gymnasiet vid sitt bord p\u00e5 UF-m\u00e4ssan i Dalarna\" sizes=\"(min-width: 64em) 600px, calc(100vw - 160px)\" srcset=\"https:\/\/praktiska.se\/wp-content\/uploads\/sites\/9\/2024\/04\/uf-elever-pa-praktiska-gymnasiet-i-falun-600x800.jpeg 600w, https:\/\/praktiska.se\/wp-content\/uploads\/sites\/9\/2024\/04\/uf-elever-pa-praktiska-gymnasiet-i-falun-300x400.jpeg 300w, https:\/\/praktiska.se\/wp-content\/uploads\/sites\/9\/2024\/04\/uf-elever-pa-praktiska-gymnasiet-i-falun-400x533.jpeg 400w, https:\/\/praktiska.se\/wp-content\/uploads\/sites\/9\/2024\/04\/uf-elever-pa-praktiska-gymnasiet-i-falun-800x1067.jpeg 800w, https:\/\/praktiska.se\/wp-content\/uploads\/sites\/9\/2024\/04\/uf-elever-pa-praktiska-gymnasiet-i-falun.jpeg 960w\" \/>\n\t\t\t\n\t\t\t\n\t\t\t\t\t<\/div>\n\t<\/div>\n\n\t\t\n\n<\/section>\n\n\n\n\n<section  class=\"ams-cta ams-cta--stacked c-block l-stacked\" data-color-scheme=\"gray\">\n\t<div class=\"l-container l-stack l-stack-fluid-2xl u-pt-fluid-3xl-6xl u-pb-fluid-3xl-6xl is-center is-center@md\">\n\t\t\t\t\t<div class=\"ams-cta__intro l-stack l-stack-lg\">\n\t\t\t\t\t\n\t<h2\n\tclass=\"c-heading u-font-title-1 \"\n\tstyle=\"\">\n\t\t\n\t\t\t\t\tV\u00e5ra program\n\t\t\t\t\n\t<\/h2>\n\n\t\t\t\t\t\t\t\t\t<div class=\"c-text l-stack u-cs-xl u-font-body\">\n\t\t\t\t\t\t<p>Kolla in alla v\u00e5ra yrkesprogram och inriktningar f\u00f6r att se om du hittar n\u00e5got som passar dig. Hos oss kan du v\u00e4lja entrepren\u00f6rskap och UF-f\u00f6retagande p\u00e5 alla utbildningar.<\/p>\n\n\t\t\t\t\t<\/div>\n\t\t\t\t\t\t\t<\/div>\n\t\t\n\t\t\n\t\t\t<div class=\"ams-cta__action u-inline-items\">\n\t\t\t\t\t\t\t\n\n\n<a href=\"https:\/\/praktiska.se\/falun\/program\/\"\n\t\n\tclass=\"c-btn \"\n\tdata-style=\"round\"\n\tdata-size=\"md\"\n\tdata-width=\"full-mobile\"\n\tdata-variant=\"default\"\n\ttarget=\"_self\">\n\t\t\t<span class=\"label\"> Alla v\u00e5ra program <\/span>\n\t\t\t<\/a>\n\t\t\t<\/div>\n\t<\/div>\n\n\t\t\n\n<\/section>\n\n\n\n\t\n\t\n\t\n\n\t\n\t\n\t\t\n<section  class=\"c-block l-stacked  \" data-color-scheme=\"\">\n\t<div class=\"ams-fifty ams-fifty--container ams-fifty--left ams-fifty--bottom l-container u-pt-fluid-3xl-6xl u-pb-fluid-3xl-6xl\">\n\t\t<div class=\"ams-fifty__content l-stack l-stack-xl is-left is-left@lg\">\n\t\t\t<div class=\"ams-fifty__text l-stack l-stack-lg\">\n\t\t\t\t\t\n\t<h3\n\tclass=\"c-heading u-font-title-1 \"\n\tstyle=\"\">\n\t\t\n\t\t\t\t\t\u00c5rets UF-skola 2024\n\t\t\t\t\n\t<\/h3>\n\n\t\t\t\t\t\t\t\t\t<div class=\"text l-stack u-font-body\">\n\t\t\t\t\t\t<p>Ett pris som speglar v\u00e5rt engagemang \u2013 Praktiska Gymnasiet i Falun \u00e4r \u00c5rets UF-skola i Dalarna 2024.<br data-start=\"219\" data-end=\"222\" \/>Det visar de starka st\u00f6d och den kompetens som v\u00e5ra l\u00e4rare bidrar med i elevernas UF-resa.<\/p>\n\n\t\t\t\t\t<\/div>\n\t\t\t\t\t\t\t<\/div>\n\n\t\t\t\t\t<\/div>\n\n\t\t <div class=\"ams-fifty__media u-ratio-square\">\n\t\t \t\t\t\t\t<img decoding=\"async\" width=\"600\" height=\"741\" src=\"https:\/\/praktiska.se\/wp-content\/uploads\/sites\/9\/2024\/04\/ung-foretagsamhet-pa-praktiska-falun-600x741.jpeg\" class=\"attachment-md size-md\" alt=\"UF-l\u00e4rare och rektor p\u00e5 Praktiska Falun som visar upp pokal och diplom f\u00f6r \u00e5rets UF-skola i Dalarna 2024\" sizes=\"(min-width: 64em) 600px, calc(100vw - 160px)\" srcset=\"https:\/\/praktiska.se\/wp-content\/uploads\/sites\/9\/2024\/04\/ung-foretagsamhet-pa-praktiska-falun-600x741.jpeg 600w, https:\/\/praktiska.se\/wp-content\/uploads\/sites\/9\/2024\/04\/ung-foretagsamhet-pa-praktiska-falun-300x371.jpeg 300w, https:\/\/praktiska.se\/wp-content\/uploads\/sites\/9\/2024\/04\/ung-foretagsamhet-pa-praktiska-falun-400x494.jpeg 400w, https:\/\/praktiska.se\/wp-content\/uploads\/sites\/9\/2024\/04\/ung-foretagsamhet-pa-praktiska-falun-800x988.jpeg 800w, https:\/\/praktiska.se\/wp-content\/uploads\/sites\/9\/2024\/04\/ung-foretagsamhet-pa-praktiska-falun-1024x1265.jpeg 1024w, https:\/\/praktiska.se\/wp-content\/uploads\/sites\/9\/2024\/04\/ung-foretagsamhet-pa-praktiska-falun.jpeg 1036w\" \/>\n\t\t\t\n\t\t\t\n\t\t\t\t\t<\/div>\n\t<\/div>\n\n\t\t\n\n<\/section>\n","protected":false},"excerpt":{"rendered":"<p>Tre fr\u00e5gor till Nellie om livet som UF-f\u00f6retagare Vad \u00e4r det roligaste med att driva UF-f\u00f6retag? &#8211; Det som varit roligast \u00e4r att f\u00e5 m\u00f6jligheten att testa p\u00e5 hur det \u00e4r att starta och driva ett eget f\u00f6retag. Man f\u00e5r vara kreativ och best\u00e4mma id\u00e9n sj\u00e4lv, s\u00e4tta strukturen f\u00f6r hur man vill att f\u00f6retagsprofilen ska&#8230;<\/p>\n","protected":false},"author":17,"featured_media":0,"parent":412,"menu_order":0,"comment_status":"closed","ping_status":"closed","template":"","meta":{"footnotes":""},"yoast_head":"<!-- This site is optimized with the Yoast SEO plugin v22.0 - https:\/\/yoast.com\/wordpress\/plugins\/seo\/ -->\n<title>Hos oss kan du l\u00e4sa Ung f\u00f6retagsamhet i Falun - Praktiska Gymnasiet<\/title>\n<meta name=\"description\" content=\"Vi \u00e4r Dalarnas b\u00e4sta UF-skola 2024! H\u00e4r hittar du information om vad Ung f\u00f6retagsamhet \u00e4r och hur vi arbetar med det p\u00e5 alla v\u00e5ra yrkesprogram\" \/>\n<meta name=\"robots\" content=\"index, follow, max-snippet:-1, max-image-preview:large, max-video-preview:-1\" \/>\n<link rel=\"canonical\" href=\"https:\/\/praktiska.se\/falun\/om-praktiska\/ung-foretagsamhet\/\" \/>\n<meta property=\"og:locale\" content=\"sv_SE\" \/>\n<meta property=\"og:type\" content=\"article\" \/>\n<meta property=\"og:title\" content=\"Hos oss kan du l\u00e4sa Ung f\u00f6retagsamhet i Falun - Praktiska Gymnasiet\" \/>\n<meta property=\"og:description\" content=\"Vi \u00e4r Dalarnas b\u00e4sta UF-skola 2024! H\u00e4r hittar du information om vad Ung f\u00f6retagsamhet \u00e4r och hur vi arbetar med det p\u00e5 alla v\u00e5ra yrkesprogram\" \/>\n<meta property=\"og:url\" content=\"https:\/\/praktiska.se\/falun\/om-praktiska\/ung-foretagsamhet\/\" \/>\n<meta property=\"og:site_name\" content=\"Falun\" \/>\n<meta property=\"article:modified_time\" content=\"2026-03-19T13:07:08+00:00\" \/>\n<meta name=\"twitter:card\" content=\"summary_large_image\" \/>\n<meta name=\"twitter:title\" content=\"Hos oss kan du l\u00e4sa Ung f\u00f6retagsamhet i Falun - Praktiska Gymnasiet\" \/>\n<meta name=\"twitter:description\" content=\"Vi \u00e4r Dalarnas b\u00e4sta UF-skola 2024! H\u00e4r hittar du information om vad Ung f\u00f6retagsamhet \u00e4r och hur vi arbetar med det p\u00e5 alla v\u00e5ra yrkesprogram\" \/>\n<meta name=\"twitter:label1\" content=\"Est. reading time\" \/>\n\t<meta name=\"twitter:data1\" content=\"4 minuter\" \/>\n<script type=\"application\/ld+json\" class=\"yoast-schema-graph\">{\"@context\":\"https:\/\/schema.org\",\"@graph\":[{\"@type\":\"WebPage\",\"@id\":\"https:\/\/praktiska.se\/falun\/om-praktiska\/ung-foretagsamhet\/\",\"url\":\"https:\/\/praktiska.se\/falun\/om-praktiska\/ung-foretagsamhet\/\",\"name\":\"Hos oss kan du l\u00e4sa Ung f\u00f6retagsamhet i Falun - Praktiska Gymnasiet\",\"isPartOf\":{\"@id\":\"https:\/\/praktiska.se\/falun\/#website\"},\"datePublished\":\"2024-04-09T08:52:16+00:00\",\"dateModified\":\"2026-03-19T13:07:08+00:00\",\"description\":\"Vi \u00e4r Dalarnas b\u00e4sta UF-skola 2024! H\u00e4r hittar du information om vad Ung f\u00f6retagsamhet \u00e4r och hur vi arbetar med det p\u00e5 alla v\u00e5ra yrkesprogram\",\"breadcrumb\":{\"@id\":\"https:\/\/praktiska.se\/falun\/om-praktiska\/ung-foretagsamhet\/#breadcrumb\"},\"inLanguage\":\"sv-SE\",\"potentialAction\":[{\"@type\":\"ReadAction\",\"target\":[\"https:\/\/praktiska.se\/falun\/om-praktiska\/ung-foretagsamhet\/\"]}]},{\"@type\":\"BreadcrumbList\",\"@id\":\"https:\/\/praktiska.se\/falun\/om-praktiska\/ung-foretagsamhet\/#breadcrumb\",\"itemListElement\":[{\"@type\":\"ListItem\",\"position\":1,\"name\":\"Start\",\"item\":\"https:\/\/praktiska.se\/falun\/\"},{\"@type\":\"ListItem\",\"position\":2,\"name\":\"Om Praktiska\",\"item\":\"https:\/\/praktiska.se\/falun\/om-praktiska\/\"},{\"@type\":\"ListItem\",\"position\":3,\"name\":\"Ung f\u00f6retagsamhet\"}]},{\"@type\":\"WebSite\",\"@id\":\"https:\/\/praktiska.se\/falun\/#website\",\"url\":\"https:\/\/praktiska.se\/falun\/\",\"name\":\"Falun\",\"description\":\"Vi utbildar framtidens arbetskraft\",\"potentialAction\":[{\"@type\":\"SearchAction\",\"target\":{\"@type\":\"EntryPoint\",\"urlTemplate\":\"https:\/\/praktiska.se\/falun\/?s={search_term_string}\"},\"query-input\":\"required name=search_term_string\"}],\"inLanguage\":\"sv-SE\"}]}<\/script>\n<!-- \/ Yoast SEO plugin. -->","yoast_head_json":{"title":"Hos oss kan du l\u00e4sa Ung f\u00f6retagsamhet i Falun - Praktiska Gymnasiet","description":"Vi \u00e4r Dalarnas b\u00e4sta UF-skola 2024! H\u00e4r hittar du information om vad Ung f\u00f6retagsamhet \u00e4r och hur vi arbetar med det p\u00e5 alla v\u00e5ra yrkesprogram","robots":{"index":"index","follow":"follow","max-snippet":"max-snippet:-1","max-image-preview":"max-image-preview:large","max-video-preview":"max-video-preview:-1"},"canonical":"https:\/\/praktiska.se\/falun\/om-praktiska\/ung-foretagsamhet\/","og_locale":"sv_SE","og_type":"article","og_title":"Hos oss kan du l\u00e4sa Ung f\u00f6retagsamhet i Falun - Praktiska Gymnasiet","og_description":"Vi \u00e4r Dalarnas b\u00e4sta UF-skola 2024! H\u00e4r hittar du information om vad Ung f\u00f6retagsamhet \u00e4r och hur vi arbetar med det p\u00e5 alla v\u00e5ra yrkesprogram","og_url":"https:\/\/praktiska.se\/falun\/om-praktiska\/ung-foretagsamhet\/","og_site_name":"Falun","article_modified_time":"2026-03-19T13:07:08+00:00","twitter_card":"summary_large_image","twitter_title":"Hos oss kan du l\u00e4sa Ung f\u00f6retagsamhet i Falun - Praktiska Gymnasiet","twitter_description":"Vi \u00e4r Dalarnas b\u00e4sta UF-skola 2024! H\u00e4r hittar du information om vad Ung f\u00f6retagsamhet \u00e4r och hur vi arbetar med det p\u00e5 alla v\u00e5ra yrkesprogram","twitter_misc":{"Est. reading time":"4 minuter"},"schema":{"@context":"https:\/\/schema.org","@graph":[{"@type":"WebPage","@id":"https:\/\/praktiska.se\/falun\/om-praktiska\/ung-foretagsamhet\/","url":"https:\/\/praktiska.se\/falun\/om-praktiska\/ung-foretagsamhet\/","name":"Hos oss kan du l\u00e4sa Ung f\u00f6retagsamhet i Falun - Praktiska Gymnasiet","isPartOf":{"@id":"https:\/\/praktiska.se\/falun\/#website"},"datePublished":"2024-04-09T08:52:16+00:00","dateModified":"2026-03-19T13:07:08+00:00","description":"Vi \u00e4r Dalarnas b\u00e4sta UF-skola 2024! H\u00e4r hittar du information om vad Ung f\u00f6retagsamhet \u00e4r och hur vi arbetar med det p\u00e5 alla v\u00e5ra yrkesprogram","breadcrumb":{"@id":"https:\/\/praktiska.se\/falun\/om-praktiska\/ung-foretagsamhet\/#breadcrumb"},"inLanguage":"sv-SE","potentialAction":[{"@type":"ReadAction","target":["https:\/\/praktiska.se\/falun\/om-praktiska\/ung-foretagsamhet\/"]}]},{"@type":"BreadcrumbList","@id":"https:\/\/praktiska.se\/falun\/om-praktiska\/ung-foretagsamhet\/#breadcrumb","itemListElement":[{"@type":"ListItem","position":1,"name":"Start","item":"https:\/\/praktiska.se\/falun\/"},{"@type":"ListItem","position":2,"name":"Om Praktiska","item":"https:\/\/praktiska.se\/falun\/om-praktiska\/"},{"@type":"ListItem","position":3,"name":"Ung f\u00f6retagsamhet"}]},{"@type":"WebSite","@id":"https:\/\/praktiska.se\/falun\/#website","url":"https:\/\/praktiska.se\/falun\/","name":"Falun","description":"Vi utbildar framtidens arbetskraft","potentialAction":[{"@type":"SearchAction","target":{"@type":"EntryPoint","urlTemplate":"https:\/\/praktiska.se\/falun\/?s={search_term_string}"},"query-input":"required name=search_term_string"}],"inLanguage":"sv-SE"}]}},"_links":{"self":[{"href":"https:\/\/praktiska.se\/falun\/wp-json\/wp\/v2\/pages\/2980"}],"collection":[{"href":"https:\/\/praktiska.se\/falun\/wp-json\/wp\/v2\/pages"}],"about":[{"href":"https:\/\/praktiska.se\/falun\/wp-json\/wp\/v2\/types\/page"}],"author":[{"embeddable":true,"href":"https:\/\/praktiska.se\/falun\/wp-json\/wp\/v2\/users\/17"}],"replies":[{"embeddable":true,"href":"https:\/\/praktiska.se\/falun\/wp-json\/wp\/v2\/comments?post=2980"}],"version-history":[{"count":10,"href":"https:\/\/praktiska.se\/falun\/wp-json\/wp\/v2\/pages\/2980\/revisions"}],"predecessor-version":[{"id":3560,"href":"https:\/\/praktiska.se\/falun\/wp-json\/wp\/v2\/pages\/2980\/revisions\/3560"}],"up":[{"embeddable":true,"href":"https:\/\/praktiska.se\/falun\/wp-json\/wp\/v2\/pages\/412"}],"wp:attachment":[{"href":"https:\/\/praktiska.se\/falun\/wp-json\/wp\/v2\/media?parent=2980"}],"curies":[{"name":"wp","href":"https:\/\/api.w.org\/{rel}","templated":true}]}}